{"id":12549,"date":"2026-04-13T11:51:52","date_gmt":"2026-04-13T11:51:52","guid":{"rendered":"https:\/\/engitech.az\/?post_type=product&#038;p=12549"},"modified":"2026-04-13T11:51:52","modified_gmt":"2026-04-13T11:51:52","slug":"mass-fusion-splicer-100r-kit-series","status":"publish","type":"product","link":"https:\/\/engitech.az\/en\/product\/mass-fusion-splicer-100r-kit-series\/","title":{"rendered":"Mass Fusion Splicer 100R Kit series"},"content":{"rendered":"<p><strong data-start=\"0\" data-end=\"13\">\u2022 M\u0259hsul:<\/strong> Fujikura Mass Fusion Splicer 100R Kit Series<br data-start=\"58\" data-end=\"61\" data-is-only-node=\"\" \/><strong data-start=\"61\" data-end=\"78\">\u2022 Kateqoriya:<\/strong> Ribbon fiber mass fusion splicer<br data-start=\"111\" data-end=\"114\" \/><strong data-start=\"114\" data-end=\"124\">\u2022 Tip:<\/strong> 1\u201316 fiber ribbon splicing cihaz\u0131<br data-start=\"158\" data-end=\"161\" \/><strong data-start=\"161\" data-end=\"178\">\u2022 X\u00fcsusiyy\u0259t:<\/strong> Y\u00fcks\u0259k s\u00fcr\u0259tli k\u00fctl\u0259vi (mass) splicing, avtomatik prosesl\u0259r v\u0259 stabil n\u0259tic\u0259<br data-start=\"255\" data-end=\"258\" \/><strong data-start=\"258\" data-end=\"272\">\u2022 Qurulu\u015f:<\/strong> V-groove sistemi v\u0259 multi-fiber uy\u011funluq<br data-start=\"313\" data-end=\"316\" \/><strong data-start=\"316\" data-end=\"334\">\u2022 Funksiyalar:<\/strong> Avtomatik fiber hizalama v\u0259 y\u00fcks\u0259k d\u0259qiqlikli arc fusion<br data-start=\"391\" data-end=\"394\" \/><strong data-start=\"394\" data-end=\"409\">\u2022 Uy\u011funluq:<\/strong> Data center v\u0259 backbone fiber \u015f\u0259b\u0259k\u0259l\u0259ri<br data-start=\"450\" data-end=\"453\" \/><strong data-start=\"453\" data-end=\"468\">\u2022 \u0130stifad\u0259:<\/strong> B\u00f6y\u00fck h\u0259cmli fiber optik kabel birl\u0259\u015fdirm\u0259 i\u015fl\u0259ri \u00fc\u00e7\u00fcn ideal<\/p>","protected":false},"excerpt":{"rendered":"<p>\u2022 M\u0259hsul: Fujikura Mass Fusion Splicer 100R Kit Series\u2022 Kateqoriya:  [&#8230;]<\/p>","protected":false},"featured_media":12553,"comment_status":"open","ping_status":"closed","template":"","meta":[],"product_brand":[],"product_cat":[203],"product_tag":[],"class_list":{"0":"post-12549","1":"product","2":"type-product","3":"status-publish","4":"has-post-thumbnail","6":"product_cat-fujikura","7":"pa_mehsul-tipi-fusion-splicers","9":"first","10":"instock","11":"sold-individually","12":"shipping-taxable","13":"purchasable","14":"product-type-simple"},"_links":{"self":[{"href":"https:\/\/engitech.az\/en\/wp-json\/wp\/v2\/product\/12549","targetHints":{"allow":["GET"]}}],"collection":[{"href":"https:\/\/engitech.az\/en\/wp-json\/wp\/v2\/product"}],"about":[{"href":"https:\/\/engitech.az\/en\/wp-json\/wp\/v2\/types\/product"}],"replies":[{"embeddable":true,"href":"https:\/\/engitech.az\/en\/wp-json\/wp\/v2\/comments?post=12549"}],"wp:featuredmedia":[{"embeddable":true,"href":"https:\/\/engitech.az\/en\/wp-json\/wp\/v2\/media\/12553"}],"wp:attachment":[{"href":"https:\/\/engitech.az\/en\/wp-json\/wp\/v2\/media?parent=12549"}],"wp:term":[{"taxonomy":"product_brand","embeddable":true,"href":"https:\/\/engitech.az\/en\/wp-json\/wp\/v2\/product_brand?post=12549"},{"taxonomy":"product_cat","embeddable":true,"href":"https:\/\/engitech.az\/en\/wp-json\/wp\/v2\/product_cat?post=12549"},{"taxonomy":"product_tag","embeddable":true,"href":"https:\/\/engitech.az\/en\/wp-json\/wp\/v2\/product_tag?post=12549"}],"curies":[{"name":"wp","href":"https:\/\/api.w.org\/{rel}","templated":true}]}}