{"id":12554,"date":"2026-04-13T11:53:59","date_gmt":"2026-04-13T11:53:59","guid":{"rendered":"https:\/\/engitech.az\/?post_type=product&#038;p=12554"},"modified":"2026-04-13T11:54:00","modified_gmt":"2026-04-13T11:54:00","slug":"clad-alignment-fusion-splicer-45s-kit","status":"publish","type":"product","link":"https:\/\/engitech.az\/en\/product\/clad-alignment-fusion-splicer-45s-kit\/","title":{"rendered":"Clad Alignment Fusion Splicer 45S Kit"},"content":{"rendered":"<p><strong data-start=\"0\" data-end=\"13\">\u2022 M\u0259hsul:<\/strong> Fujikura Clad Alignment Fusion Splicer 45S Kit<br data-start=\"60\" data-end=\"63\" data-is-only-node=\"\" \/><strong data-start=\"63\" data-end=\"80\">\u2022 Kateqoriya:<\/strong> Fiber optik fusion splicer<br data-start=\"107\" data-end=\"110\" \/><strong data-start=\"110\" data-end=\"120\">\u2022 Tip:<\/strong> Single fiber clad alignment splicer<br data-start=\"156\" data-end=\"159\" \/><strong data-start=\"159\" data-end=\"176\">\u2022 X\u00fcsusiyy\u0259t:<\/strong> Active clad alignment v\u0259 avtomatik fusion control<br data-start=\"226\" data-end=\"229\" \/><strong data-start=\"229\" data-end=\"247\">\u2022 Funksiyalar:<\/strong> Simultaneous fiber preparation, avtomatik hizalama v\u0259 a\u015fa\u011f\u0131 itki splice<br data-start=\"319\" data-end=\"322\" \/><strong data-start=\"322\" data-end=\"336\">\u2022 Qurulu\u015f:<\/strong> Kompakt, portativ v\u0259 s\u00fcr\u0259tli i\u015f rejimi<br data-start=\"375\" data-end=\"378\" \/><strong data-start=\"378\" data-end=\"393\">\u2022 Uy\u011funluq:<\/strong> FTTH, FTTx v\u0259 access \u015f\u0259b\u0259k\u0259l\u0259ri<br data-start=\"425\" data-end=\"428\" \/><strong data-start=\"428\" data-end=\"443\">\u2022 \u0130stifad\u0259:<\/strong> Fiber optik kabel birl\u0259\u015fdirm\u0259 i\u015fl\u0259ri \u00fc\u00e7\u00fcn ideal<\/p>","protected":false},"excerpt":{"rendered":"<p>\u2022 M\u0259hsul: Fujikura Clad Alignment Fusion Splicer 45S Kit\u2022 Kateqoriya:  [&#8230;]<\/p>","protected":false},"featured_media":12555,"comment_status":"open","ping_status":"closed","template":"","meta":[],"product_brand":[],"product_cat":[203],"product_tag":[],"class_list":{"0":"post-12554","1":"product","2":"type-product","3":"status-publish","4":"has-post-thumbnail","6":"product_cat-fujikura","7":"pa_mehsul-tipi-fusion-splicers","9":"first","10":"instock","11":"sold-individually","12":"shipping-taxable","13":"purchasable","14":"product-type-simple"},"_links":{"self":[{"href":"https:\/\/engitech.az\/en\/wp-json\/wp\/v2\/product\/12554","targetHints":{"allow":["GET"]}}],"collection":[{"href":"https:\/\/engitech.az\/en\/wp-json\/wp\/v2\/product"}],"about":[{"href":"https:\/\/engitech.az\/en\/wp-json\/wp\/v2\/types\/product"}],"replies":[{"embeddable":true,"href":"https:\/\/engitech.az\/en\/wp-json\/wp\/v2\/comments?post=12554"}],"wp:featuredmedia":[{"embeddable":true,"href":"https:\/\/engitech.az\/en\/wp-json\/wp\/v2\/media\/12555"}],"wp:attachment":[{"href":"https:\/\/engitech.az\/en\/wp-json\/wp\/v2\/media?parent=12554"}],"wp:term":[{"taxonomy":"product_brand","embeddable":true,"href":"https:\/\/engitech.az\/en\/wp-json\/wp\/v2\/product_brand?post=12554"},{"taxonomy":"product_cat","embeddable":true,"href":"https:\/\/engitech.az\/en\/wp-json\/wp\/v2\/product_cat?post=12554"},{"taxonomy":"product_tag","embeddable":true,"href":"https:\/\/engitech.az\/en\/wp-json\/wp\/v2\/product_tag?post=12554"}],"curies":[{"name":"wp","href":"https:\/\/api.w.org\/{rel}","templated":true}]}}