{"id":12558,"date":"2026-04-13T11:58:36","date_gmt":"2026-04-13T11:58:36","guid":{"rendered":"https:\/\/engitech.az\/?post_type=product&#038;p=12558"},"modified":"2026-04-13T11:58:37","modified_gmt":"2026-04-13T11:58:37","slug":"ribbon-fiber-stripper-rs03","status":"publish","type":"product","link":"https:\/\/engitech.az\/en\/product\/ribbon-fiber-stripper-rs03\/","title":{"rendered":"Ribbon Fiber Stripper RS03"},"content":{"rendered":"<p><strong data-start=\"0\" data-end=\"13\">\u2022 M\u0259hsul:<\/strong> Fujikura Ribbon Fiber Stripper RS03 (RS seriyas\u0131)<br data-start=\"63\" data-end=\"66\" data-is-only-node=\"\" \/><strong data-start=\"66\" data-end=\"83\">\u2022 Kateqoriya:<\/strong> Fiber optik ribbon stripper<br data-start=\"111\" data-end=\"114\" \/><strong data-start=\"114\" data-end=\"124\">\u2022 Tip:<\/strong> 1\u201316 fiber ribbon \u00fc\u00e7\u00fcn termal soyma cihaz\u0131<br data-start=\"167\" data-end=\"170\" \/><strong data-start=\"170\" data-end=\"187\">\u2022 X\u00fcsusiyy\u0259t:<\/strong> A\u015fa\u011f\u0131 soyma q\u00fcvv\u0259si, s\u00fcr\u0259tli istilik sistemi v\u0259 stabil n\u0259tic\u0259<br data-start=\"249\" data-end=\"252\" \/><strong data-start=\"252\" data-end=\"266\">\u2022 Qurulu\u015f:<\/strong> 200\u2013400 \u00b5m coating d\u0259st\u0259yi, erqonomik dizayn<br data-start=\"311\" data-end=\"314\" \/><strong data-start=\"314\" data-end=\"332\">\u2022 Funksiyalar:<\/strong> Avtomatik istilik t\u0259nziml\u0259m\u0259 v\u0259 splicer il\u0259 \u0259laq\u0259<br data-start=\"382\" data-end=\"385\" \/><strong data-start=\"385\" data-end=\"400\">\u2022 Batareya:<\/strong> ~600 stripping cycle d\u0259st\u0259yi<br data-start=\"429\" data-end=\"432\" \/><strong data-start=\"432\" data-end=\"447\">\u2022 \u0130stifad\u0259:<\/strong> Ribbon fiber kabel soyma v\u0259 haz\u0131rl\u0131q i\u015fl\u0259ri \u00fc\u00e7\u00fcn ideal<\/p>","protected":false},"excerpt":{"rendered":"<p>\u2022 M\u0259hsul: Fujikura Ribbon Fiber Stripper RS03 (RS seriyas\u0131)\u2022 Kateqoriya:  [&#8230;]<\/p>","protected":false},"featured_media":12559,"comment_status":"open","ping_status":"closed","template":"","meta":[],"product_brand":[],"product_cat":[203],"product_tag":[],"class_list":{"0":"post-12558","1":"product","2":"type-product","3":"status-publish","4":"has-post-thumbnail","6":"product_cat-fujikura","7":"pa_mehsul-tipi-fusion-splicers","9":"first","10":"instock","11":"sold-individually","12":"shipping-taxable","13":"purchasable","14":"product-type-simple"},"_links":{"self":[{"href":"https:\/\/engitech.az\/en\/wp-json\/wp\/v2\/product\/12558","targetHints":{"allow":["GET"]}}],"collection":[{"href":"https:\/\/engitech.az\/en\/wp-json\/wp\/v2\/product"}],"about":[{"href":"https:\/\/engitech.az\/en\/wp-json\/wp\/v2\/types\/product"}],"replies":[{"embeddable":true,"href":"https:\/\/engitech.az\/en\/wp-json\/wp\/v2\/comments?post=12558"}],"wp:featuredmedia":[{"embeddable":true,"href":"https:\/\/engitech.az\/en\/wp-json\/wp\/v2\/media\/12559"}],"wp:attachment":[{"href":"https:\/\/engitech.az\/en\/wp-json\/wp\/v2\/media?parent=12558"}],"wp:term":[{"taxonomy":"product_brand","embeddable":true,"href":"https:\/\/engitech.az\/en\/wp-json\/wp\/v2\/product_brand?post=12558"},{"taxonomy":"product_cat","embeddable":true,"href":"https:\/\/engitech.az\/en\/wp-json\/wp\/v2\/product_cat?post=12558"},{"taxonomy":"product_tag","embeddable":true,"href":"https:\/\/engitech.az\/en\/wp-json\/wp\/v2\/product_tag?post=12558"}],"curies":[{"name":"wp","href":"https:\/\/api.w.org\/{rel}","templated":true}]}}