{"id":12560,"date":"2026-04-13T12:02:26","date_gmt":"2026-04-13T12:02:26","guid":{"rendered":"https:\/\/engitech.az\/?post_type=product&#038;p=12560"},"modified":"2026-04-13T12:02:27","modified_gmt":"2026-04-13T12:02:27","slug":"optical-fiber-cleaver-ct60","status":"publish","type":"product","link":"https:\/\/engitech.az\/en\/product\/optical-fiber-cleaver-ct60\/","title":{"rendered":"Optical Fiber Cleaver CT60"},"content":{"rendered":"<p><strong data-start=\"0\" data-end=\"13\">\u2022 M\u0259hsul:<\/strong> Fujikura Optical Fiber Cleaver CT60<br data-start=\"49\" data-end=\"52\" data-is-only-node=\"\" \/><strong data-start=\"52\" data-end=\"69\">\u2022 Kateqoriya:<\/strong> Fiber optik cleaver (k\u0259sm\u0259 cihaz\u0131)<br data-start=\"104\" data-end=\"107\" \/><strong data-start=\"107\" data-end=\"117\">\u2022 Tip:<\/strong> Y\u00fcks\u0259k d\u0259qiqlikli single v\u0259 ribbon fiber cleaver<br data-start=\"166\" data-end=\"169\" \/><strong data-start=\"169\" data-end=\"186\">\u2022 X\u00fcsusiyy\u0259t:<\/strong> Avtomatik blade rotation, sabit v\u0259 a\u015fa\u011f\u0131 bucaql\u0131 cleave<br data-start=\"242\" data-end=\"245\" \/><strong data-start=\"245\" data-end=\"259\">\u2022 Qurulu\u015f:<\/strong> 28 blade position, uzun \u00f6m\u00fcrl\u00fc b\u0131\u00e7aq sistemi<br data-start=\"304\" data-end=\"307\" \/><strong data-start=\"307\" data-end=\"325\">\u2022 Funksiyalar:<\/strong> Bir v\u0259 \u00e7oxlu fiber (up to 16 ribbon) d\u0259st\u0259yi, bir \u0259ll\u0259 istifad\u0259<br data-start=\"389\" data-end=\"392\" \/><strong data-start=\"392\" data-end=\"407\">\u2022 Uy\u011funluq:<\/strong> FTTH, data center v\u0259 backbone \u015f\u0259b\u0259k\u0259l\u0259r<br data-start=\"447\" data-end=\"450\" \/><strong data-start=\"450\" data-end=\"465\">\u2022 \u0130stifad\u0259:<\/strong> Pe\u015f\u0259kar fiber optik kabel k\u0259sm\u0259 v\u0259 splice haz\u0131rl\u0131\u011f\u0131 \u00fc\u00e7\u00fcn ideal<\/p>","protected":false},"excerpt":{"rendered":"<p>\u2022 M\u0259hsul: Fujikura Optical Fiber Cleaver CT60\u2022 Kateqoriya: Fiber optik  [&#8230;]<\/p>","protected":false},"featured_media":12561,"comment_status":"open","ping_status":"closed","template":"","meta":[],"product_brand":[],"product_cat":[203],"product_tag":[],"class_list":{"0":"post-12560","1":"product","2":"type-product","3":"status-publish","4":"has-post-thumbnail","6":"product_cat-fujikura","7":"pa_mehsul-tipi-fusion-splicers","9":"first","10":"instock","11":"sold-individually","12":"shipping-taxable","13":"purchasable","14":"product-type-simple"},"_links":{"self":[{"href":"https:\/\/engitech.az\/en\/wp-json\/wp\/v2\/product\/12560","targetHints":{"allow":["GET"]}}],"collection":[{"href":"https:\/\/engitech.az\/en\/wp-json\/wp\/v2\/product"}],"about":[{"href":"https:\/\/engitech.az\/en\/wp-json\/wp\/v2\/types\/product"}],"replies":[{"embeddable":true,"href":"https:\/\/engitech.az\/en\/wp-json\/wp\/v2\/comments?post=12560"}],"wp:featuredmedia":[{"embeddable":true,"href":"https:\/\/engitech.az\/en\/wp-json\/wp\/v2\/media\/12561"}],"wp:attachment":[{"href":"https:\/\/engitech.az\/en\/wp-json\/wp\/v2\/media?parent=12560"}],"wp:term":[{"taxonomy":"product_brand","embeddable":true,"href":"https:\/\/engitech.az\/en\/wp-json\/wp\/v2\/product_brand?post=12560"},{"taxonomy":"product_cat","embeddable":true,"href":"https:\/\/engitech.az\/en\/wp-json\/wp\/v2\/product_cat?post=12560"},{"taxonomy":"product_tag","embeddable":true,"href":"https:\/\/engitech.az\/en\/wp-json\/wp\/v2\/product_tag?post=12560"}],"curies":[{"name":"wp","href":"https:\/\/api.w.org\/{rel}","templated":true}]}}