{"id":12562,"date":"2026-04-13T12:14:50","date_gmt":"2026-04-13T12:14:50","guid":{"rendered":"https:\/\/engitech.az\/?post_type=product&#038;p=12562"},"modified":"2026-04-13T12:14:50","modified_gmt":"2026-04-13T12:14:50","slug":"optical-fiber-identifier-fid-30r-31r-32r","status":"publish","type":"product","link":"https:\/\/engitech.az\/en\/product\/optical-fiber-identifier-fid-30r-31r-32r\/","title":{"rendered":"Optical Fiber Identifier FID-30R\/31R\/32R"},"content":{"rendered":"<p><strong data-start=\"0\" data-end=\"13\" data-is-only-node=\"\">\u2022 M\u0259hsul:<\/strong> Fujikura Optical Fiber Identifier FID-30R \/ 31R \/ 32R<br data-start=\"67\" data-end=\"70\" \/><strong data-start=\"70\" data-end=\"87\">\u2022 Kateqoriya:<\/strong> Fiber x\u0259tt identifikatoru<br data-start=\"113\" data-end=\"116\" \/><strong data-start=\"116\" data-end=\"126\">\u2022 Tip:<\/strong> Live fiber siqnal detektoru<br data-start=\"154\" data-end=\"157\" \/><strong data-start=\"157\" data-end=\"175\">\u2022 Funksiyalar:<\/strong> Kabel k\u0259sm\u0259d\u0259n siqnal\u0131n olub-olmad\u0131\u011f\u0131n\u0131 v\u0259 istiqam\u0259tini yoxlama<br data-start=\"239\" data-end=\"242\" \/><strong data-start=\"242\" data-end=\"257\">\u2022 Uy\u011funluq:<\/strong> Single-mode v\u0259 multimode fiberl\u0259r<br data-start=\"291\" data-end=\"294\" \/><strong data-start=\"294\" data-end=\"309\">\u2022 \u0130stifad\u0259:<\/strong> Fiber x\u0259tt test v\u0259 servis i\u015fl\u0259ri \u00fc\u00e7\u00fcn ideal<\/p>","protected":false},"excerpt":{"rendered":"<p>\u2022 M\u0259hsul: Fujikura Optical Fiber Identifier FID-30R \/ 31R \/  [&#8230;]<\/p>","protected":false},"featured_media":12563,"comment_status":"open","ping_status":"closed","template":"","meta":[],"product_brand":[],"product_cat":[203],"product_tag":[],"class_list":{"0":"post-12562","1":"product","2":"type-product","3":"status-publish","4":"has-post-thumbnail","6":"product_cat-fujikura","7":"pa_mehsul-tipi-fusion-splicers","9":"first","10":"instock","11":"sold-individually","12":"shipping-taxable","13":"purchasable","14":"product-type-simple"},"_links":{"self":[{"href":"https:\/\/engitech.az\/en\/wp-json\/wp\/v2\/product\/12562","targetHints":{"allow":["GET"]}}],"collection":[{"href":"https:\/\/engitech.az\/en\/wp-json\/wp\/v2\/product"}],"about":[{"href":"https:\/\/engitech.az\/en\/wp-json\/wp\/v2\/types\/product"}],"replies":[{"embeddable":true,"href":"https:\/\/engitech.az\/en\/wp-json\/wp\/v2\/comments?post=12562"}],"wp:featuredmedia":[{"embeddable":true,"href":"https:\/\/engitech.az\/en\/wp-json\/wp\/v2\/media\/12563"}],"wp:attachment":[{"href":"https:\/\/engitech.az\/en\/wp-json\/wp\/v2\/media?parent=12562"}],"wp:term":[{"taxonomy":"product_brand","embeddable":true,"href":"https:\/\/engitech.az\/en\/wp-json\/wp\/v2\/product_brand?post=12562"},{"taxonomy":"product_cat","embeddable":true,"href":"https:\/\/engitech.az\/en\/wp-json\/wp\/v2\/product_cat?post=12562"},{"taxonomy":"product_tag","embeddable":true,"href":"https:\/\/engitech.az\/en\/wp-json\/wp\/v2\/product_tag?post=12562"}],"curies":[{"name":"wp","href":"https:\/\/api.w.org\/{rel}","templated":true}]}}