{"id":12564,"date":"2026-04-13T12:40:33","date_gmt":"2026-04-13T12:40:33","guid":{"rendered":"https:\/\/engitech.az\/?post_type=product&#038;p=12564"},"modified":"2026-04-13T12:40:34","modified_gmt":"2026-04-13T12:40:34","slug":"optical-fiber-temporary-jointing-device-tj-series","status":"publish","type":"product","link":"https:\/\/engitech.az\/en\/product\/optical-fiber-temporary-jointing-device-tj-series\/","title":{"rendered":"Optical Fiber Temporary Jointing Device TJ series"},"content":{"rendered":"<p><strong data-start=\"0\" data-end=\"13\" data-is-only-node=\"\">\u2022 M\u0259hsul:<\/strong> Fujikura TJ Series<br data-start=\"32\" data-end=\"35\" \/><strong data-start=\"35\" data-end=\"52\">\u2022 Kateqoriya:<\/strong> Fiber optik m\u00fcv\u0259qq\u0259ti birl\u0259\u015fdirm\u0259 cihaz\u0131<br data-start=\"93\" data-end=\"96\" \/><strong data-start=\"96\" data-end=\"106\">\u2022 Tip:<\/strong> Mechanical splice (temporary joint)<br data-start=\"142\" data-end=\"145\" \/><strong data-start=\"145\" data-end=\"163\">\u2022 Funksiyalar:<\/strong> Fiberl\u0259ri k\u0259sm\u0259d\u0259n m\u00fcv\u0259qq\u0259ti birl\u0259\u015fdirm\u0259 v\u0259 test<br data-start=\"212\" data-end=\"215\" \/><strong data-start=\"215\" data-end=\"230\">\u2022 Uy\u011funluq:<\/strong> Single fiber v\u0259 ribbon fiber<br data-start=\"259\" data-end=\"262\" \/><strong data-start=\"262\" data-end=\"277\">\u2022 \u0130stifad\u0259:<\/strong> OTDR v\u0259 x\u0259tt testl\u0259ri \u00fc\u00e7\u00fcn ideal<\/p>","protected":false},"excerpt":{"rendered":"<p>\u2022 M\u0259hsul: Fujikura TJ Series\u2022 Kateqoriya: Fiber optik m\u00fcv\u0259qq\u0259ti birl\u0259\u015fdirm\u0259  [&#8230;]<\/p>","protected":false},"featured_media":12565,"comment_status":"open","ping_status":"closed","template":"","meta":[],"product_brand":[],"product_cat":[203],"product_tag":[],"class_list":{"0":"post-12564","1":"product","2":"type-product","3":"status-publish","4":"has-post-thumbnail","6":"product_cat-fujikura","7":"pa_mehsul-tipi-fusion-splicers","9":"first","10":"instock","11":"sold-individually","12":"shipping-taxable","13":"purchasable","14":"product-type-simple"},"_links":{"self":[{"href":"https:\/\/engitech.az\/en\/wp-json\/wp\/v2\/product\/12564","targetHints":{"allow":["GET"]}}],"collection":[{"href":"https:\/\/engitech.az\/en\/wp-json\/wp\/v2\/product"}],"about":[{"href":"https:\/\/engitech.az\/en\/wp-json\/wp\/v2\/types\/product"}],"replies":[{"embeddable":true,"href":"https:\/\/engitech.az\/en\/wp-json\/wp\/v2\/comments?post=12564"}],"wp:featuredmedia":[{"embeddable":true,"href":"https:\/\/engitech.az\/en\/wp-json\/wp\/v2\/media\/12565"}],"wp:attachment":[{"href":"https:\/\/engitech.az\/en\/wp-json\/wp\/v2\/media?parent=12564"}],"wp:term":[{"taxonomy":"product_brand","embeddable":true,"href":"https:\/\/engitech.az\/en\/wp-json\/wp\/v2\/product_brand?post=12564"},{"taxonomy":"product_cat","embeddable":true,"href":"https:\/\/engitech.az\/en\/wp-json\/wp\/v2\/product_cat?post=12564"},{"taxonomy":"product_tag","embeddable":true,"href":"https:\/\/engitech.az\/en\/wp-json\/wp\/v2\/product_tag?post=12564"}],"curies":[{"name":"wp","href":"https:\/\/api.w.org\/{rel}","templated":true}]}}