{"id":12566,"date":"2026-04-13T12:43:20","date_gmt":"2026-04-13T12:43:20","guid":{"rendered":"https:\/\/engitech.az\/?post_type=product&#038;p=12566"},"modified":"2026-04-13T12:43:20","modified_gmt":"2026-04-13T12:43:20","slug":"specialty-fiber-fusion-splicer-fsm-100-series","status":"publish","type":"product","link":"https:\/\/engitech.az\/en\/product\/specialty-fiber-fusion-splicer-fsm-100-series\/","title":{"rendered":"Specialty Fiber Fusion Splicer FSM-100 series"},"content":{"rendered":"<p><strong data-start=\"0\" data-end=\"13\" data-is-only-node=\"\">\u2022 M\u0259hsul:<\/strong> Fujikura FSM-100 Series<br data-start=\"37\" data-end=\"40\" \/><strong data-start=\"40\" data-end=\"57\">\u2022 Kateqoriya:<\/strong> Specialty fiber fusion splicer<br data-start=\"88\" data-end=\"91\" \/><strong data-start=\"91\" data-end=\"101\">\u2022 Tip:<\/strong> Y\u00fcks\u0259k d\u0259qiqlikli splicer<br data-start=\"127\" data-end=\"130\" \/><strong data-start=\"130\" data-end=\"148\">\u2022 Funksiyalar:<\/strong> PM, LDF v\u0259 x\u00fcsusi lifl\u0259rin birl\u0259\u015fdirilm\u0259si<br data-start=\"191\" data-end=\"194\" \/><strong data-start=\"194\" data-end=\"209\">\u2022 Uy\u011funluq:<\/strong> R&amp;D v\u0259 s\u0259naye t\u0259tbiql\u0259ri<br data-start=\"234\" data-end=\"237\" \/><strong data-start=\"237\" data-end=\"252\">\u2022 \u0130stifad\u0259:<\/strong> X\u00fcsusi fiber splicing i\u015fl\u0259ri \u00fc\u00e7\u00fcn ideal<\/p>","protected":false},"excerpt":{"rendered":"<p>\u2022 M\u0259hsul: Fujikura FSM-100 Series\u2022 Kateqoriya: Specialty fiber fusion splicer\u2022  [&#8230;]<\/p>","protected":false},"featured_media":12567,"comment_status":"open","ping_status":"closed","template":"","meta":[],"product_brand":[],"product_cat":[203],"product_tag":[],"class_list":{"0":"post-12566","1":"product","2":"type-product","3":"status-publish","4":"has-post-thumbnail","6":"product_cat-fujikura","7":"pa_mehsul-tipi-fusion-splicers","9":"first","10":"instock","11":"sold-individually","12":"shipping-taxable","13":"purchasable","14":"product-type-simple"},"_links":{"self":[{"href":"https:\/\/engitech.az\/en\/wp-json\/wp\/v2\/product\/12566","targetHints":{"allow":["GET"]}}],"collection":[{"href":"https:\/\/engitech.az\/en\/wp-json\/wp\/v2\/product"}],"about":[{"href":"https:\/\/engitech.az\/en\/wp-json\/wp\/v2\/types\/product"}],"replies":[{"embeddable":true,"href":"https:\/\/engitech.az\/en\/wp-json\/wp\/v2\/comments?post=12566"}],"wp:featuredmedia":[{"embeddable":true,"href":"https:\/\/engitech.az\/en\/wp-json\/wp\/v2\/media\/12567"}],"wp:attachment":[{"href":"https:\/\/engitech.az\/en\/wp-json\/wp\/v2\/media?parent=12566"}],"wp:term":[{"taxonomy":"product_brand","embeddable":true,"href":"https:\/\/engitech.az\/en\/wp-json\/wp\/v2\/product_brand?post=12566"},{"taxonomy":"product_cat","embeddable":true,"href":"https:\/\/engitech.az\/en\/wp-json\/wp\/v2\/product_cat?post=12566"},{"taxonomy":"product_tag","embeddable":true,"href":"https:\/\/engitech.az\/en\/wp-json\/wp\/v2\/product_tag?post=12566"}],"curies":[{"name":"wp","href":"https:\/\/api.w.org\/{rel}","templated":true}]}}