{"id":12568,"date":"2026-04-13T12:46:39","date_gmt":"2026-04-13T12:46:39","guid":{"rendered":"https:\/\/engitech.az\/?post_type=product&#038;p=12568"},"modified":"2026-04-13T12:46:40","modified_gmt":"2026-04-13T12:46:40","slug":"specialty-fiber-stripper-ss110","status":"publish","type":"product","link":"https:\/\/engitech.az\/en\/product\/specialty-fiber-stripper-ss110\/","title":{"rendered":"Specialty Fiber Stripper SS110"},"content":{"rendered":"<section class=\"text-token-text-primary w-full focus:outline-none [--shadow-height:45px] has-data-writing-block:pointer-events-none has-data-writing-block:-mt-(--shadow-height) has-data-writing-block:pt-(--shadow-height) [&amp;:has([data-writing-block])&gt;*]:pointer-events-auto scroll-mt-(--header-height)\" dir=\"auto\" data-turn-id=\"39cc4b27-1264-4ba8-afeb-9fb4fd19bd2a\" data-testid=\"conversation-turn-213\" data-scroll-anchor=\"false\" data-turn=\"user\"><\/section>\n<section class=\"text-token-text-primary w-full focus:outline-none [--shadow-height:45px] has-data-writing-block:pointer-events-none has-data-writing-block:-mt-(--shadow-height) has-data-writing-block:pt-(--shadow-height) [&amp;:has([data-writing-block])&gt;*]:pointer-events-auto scroll-mt-[calc(var(--header-height)+min(200px,max(70px,20svh)))]\" dir=\"auto\" data-turn-id=\"request-69cf4c45-f204-8328-93e5-14ba9a887d7a-0\" data-testid=\"conversation-turn-214\" data-scroll-anchor=\"true\" data-turn=\"assistant\">\n<div class=\"text-base my-auto mx-auto pb-10 [--thread-content-margin:var(--thread-content-margin-xs,calc(var(--spacing)*4))] @w-sm\/main:[--thread-content-margin:var(--thread-content-margin-sm,calc(var(--spacing)*6))] @w-lg\/main:[--thread-content-margin:var(--thread-content-margin-lg,calc(var(--spacing)*16))] px-(--thread-content-margin)\">\n<div class=\"[--thread-content-max-width:40rem] @w-lg\/main:[--thread-content-max-width:48rem] mx-auto max-w-(--thread-content-max-width) flex-1 group\/turn-messages focus-visible:outline-hidden relative flex w-full min-w-0 flex-col agent-turn\">\n<div class=\"flex max-w-full flex-col gap-4 grow\">\n<div class=\"min-h-8 text-message relative flex w-full flex-col items-end gap-2 text-start break-words whitespace-normal outline-none keyboard-focused:focus-ring [.text-message+&amp;]:mt-1\" dir=\"auto\" tabindex=\"0\" data-message-author-role=\"assistant\" data-message-id=\"c628597c-696a-4cf4-b444-868fa3a21de9\" data-turn-start-message=\"true\" data-message-model-slug=\"gpt-5-3-mini\">\n<div class=\"flex w-full flex-col gap-1 empty:hidden\">\n<div class=\"markdown prose dark:prose-invert w-full wrap-break-word dark markdown-new-styling\">\n<p data-start=\"0\" data-end=\"452\"><strong data-start=\"0\" data-end=\"13\">\u2022 M\u0259hsul:<\/strong> Fujikura Specialty Fiber Stripper SS110<br data-start=\"53\" data-end=\"56\" data-is-only-node=\"\" \/><strong data-start=\"56\" data-end=\"73\">\u2022 Kateqoriya:<\/strong> X\u00fcsusi optik fiber soyma cihaz\u0131<br data-start=\"105\" data-end=\"108\" \/><strong data-start=\"108\" data-end=\"118\">\u2022 Tip:<\/strong> Avtomatik thermal fiber stripper<br data-start=\"151\" data-end=\"154\" \/><strong data-start=\"154\" data-end=\"171\">\u2022 X\u00fcsusiyy\u0259t:<\/strong> RFID il\u0259 avtomatik rejim se\u00e7imi, sabit v\u0259 y\u00fcks\u0259k d\u0259qiqlikli soyma<br data-start=\"237\" data-end=\"240\" \/><strong data-start=\"240\" data-end=\"258\">\u2022 Funksiyalar:<\/strong> M\u00fcxt\u0259lif coating diametrl\u0259r \u00fc\u00e7\u00fcn avtomatik t\u0259nziml\u0259m\u0259<br data-start=\"312\" data-end=\"315\" \/><strong data-start=\"315\" data-end=\"330\">\u2022 Uy\u011funluq:<\/strong> Single fiber v\u0259 x\u00fcsusi fiber n\u00f6vl\u0259ri<br data-start=\"367\" data-end=\"370\" \/><strong data-start=\"370\" data-end=\"385\">\u2022 \u0130stifad\u0259:<\/strong> Y\u00fcks\u0259k d\u0259qiqlikli fiber haz\u0131rlama v\u0259 splicing i\u015fl\u0259ri \u00fc\u00e7\u00fcn ideal<\/p>\n<\/div>\n<\/div>\n<\/div>\n<\/div>\n<\/div>\n<\/div>\n<\/section>","protected":false},"excerpt":{"rendered":"<p>\u2022 M\u0259hsul: Fujikura Specialty Fiber Stripper SS110\u2022 Kateqoriya: X\u00fcsusi optik  [&#8230;]<\/p>","protected":false},"featured_media":12569,"comment_status":"open","ping_status":"closed","template":"","meta":[],"product_brand":[],"product_cat":[203],"product_tag":[],"class_list":{"0":"post-12568","1":"product","2":"type-product","3":"status-publish","4":"has-post-thumbnail","6":"product_cat-fujikura","7":"pa_mehsul-tipi-fusion-splicers","9":"first","10":"instock","11":"sold-individually","12":"shipping-taxable","13":"purchasable","14":"product-type-simple"},"_links":{"self":[{"href":"https:\/\/engitech.az\/en\/wp-json\/wp\/v2\/product\/12568","targetHints":{"allow":["GET"]}}],"collection":[{"href":"https:\/\/engitech.az\/en\/wp-json\/wp\/v2\/product"}],"about":[{"href":"https:\/\/engitech.az\/en\/wp-json\/wp\/v2\/types\/product"}],"replies":[{"embeddable":true,"href":"https:\/\/engitech.az\/en\/wp-json\/wp\/v2\/comments?post=12568"}],"wp:featuredmedia":[{"embeddable":true,"href":"https:\/\/engitech.az\/en\/wp-json\/wp\/v2\/media\/12569"}],"wp:attachment":[{"href":"https:\/\/engitech.az\/en\/wp-json\/wp\/v2\/media?parent=12568"}],"wp:term":[{"taxonomy":"product_brand","embeddable":true,"href":"https:\/\/engitech.az\/en\/wp-json\/wp\/v2\/product_brand?post=12568"},{"taxonomy":"product_cat","embeddable":true,"href":"https:\/\/engitech.az\/en\/wp-json\/wp\/v2\/product_cat?post=12568"},{"taxonomy":"product_tag","embeddable":true,"href":"https:\/\/engitech.az\/en\/wp-json\/wp\/v2\/product_tag?post=12568"}],"curies":[{"name":"wp","href":"https:\/\/api.w.org\/{rel}","templated":true}]}}