{"id":12570,"date":"2026-04-13T12:49:26","date_gmt":"2026-04-13T12:49:26","guid":{"rendered":"https:\/\/engitech.az\/?post_type=product&#038;p=12570"},"modified":"2026-04-13T12:49:27","modified_gmt":"2026-04-13T12:49:27","slug":"large-diameter-optical-fiber-cleaver-ct114-115-116","status":"publish","type":"product","link":"https:\/\/engitech.az\/en\/product\/large-diameter-optical-fiber-cleaver-ct114-115-116\/","title":{"rendered":"Large Diameter Optical Fiber Cleaver CT114\/115\/116"},"content":{"rendered":"<p><strong data-start=\"0\" data-end=\"13\">\u2022 M\u0259hsul:<\/strong> Fujikura Large Diameter Optical Fiber Cleaver CT114 \/ CT115 \/ CT116<br data-start=\"81\" data-end=\"84\" data-is-only-node=\"\" \/><strong data-start=\"84\" data-end=\"101\">\u2022 Kateqoriya:<\/strong> Large diameter fiber cleaver (LDF k\u0259sm\u0259 cihaz\u0131)<br data-start=\"149\" data-end=\"152\" \/><strong data-start=\"152\" data-end=\"162\">\u2022 Tip:<\/strong> B\u00f6y\u00fck n\u00fcv\u0259li v\u0259 x\u00fcsusi fiberl\u0259r \u00fc\u00e7\u00fcn y\u00fcks\u0259k d\u0259qiqlikli cleaver<br data-start=\"225\" data-end=\"228\" \/><strong data-start=\"228\" data-end=\"245\">\u2022 X\u00fcsusiyy\u0259t:<\/strong> 80 \u00b5m \u2013 1250 \u00b5m fiberl\u0259r \u00fc\u00e7\u00fcn stabil v\u0259 a\u015fa\u011f\u0131 bucaql\u0131 k\u0259sm\u0259<br data-start=\"305\" data-end=\"308\" \/><strong data-start=\"308\" data-end=\"322\">\u2022 Qurulu\u015f:<\/strong> Avtomatik backstop, blade management v\u0259 y\u00fcks\u0259k d\u0259qiqlik sistemi<br data-start=\"386\" data-end=\"389\" \/><strong data-start=\"389\" data-end=\"404\">\u2022 Uy\u011funluq:<\/strong> Specialty fiber, sensor v\u0259 lazer sisteml\u0259ri<br data-start=\"448\" data-end=\"451\" \/><strong data-start=\"451\" data-end=\"466\">\u2022 \u0130stifad\u0259:<\/strong> B\u00f6y\u00fck diametrli fiberl\u0259rin pe\u015f\u0259kar k\u0259silm\u0259si \u00fc\u00e7\u00fcn ideal<\/p>","protected":false},"excerpt":{"rendered":"<p>\u2022 M\u0259hsul: Fujikura Large Diameter Optical Fiber Cleaver CT114 \/  [&#8230;]<\/p>","protected":false},"featured_media":12571,"comment_status":"open","ping_status":"closed","template":"","meta":[],"product_brand":[],"product_cat":[203],"product_tag":[],"class_list":{"0":"post-12570","1":"product","2":"type-product","3":"status-publish","4":"has-post-thumbnail","6":"product_cat-fujikura","7":"pa_mehsul-tipi-fusion-splicers","9":"first","10":"instock","11":"sold-individually","12":"shipping-taxable","13":"purchasable","14":"product-type-simple"},"_links":{"self":[{"href":"https:\/\/engitech.az\/en\/wp-json\/wp\/v2\/product\/12570","targetHints":{"allow":["GET"]}}],"collection":[{"href":"https:\/\/engitech.az\/en\/wp-json\/wp\/v2\/product"}],"about":[{"href":"https:\/\/engitech.az\/en\/wp-json\/wp\/v2\/types\/product"}],"replies":[{"embeddable":true,"href":"https:\/\/engitech.az\/en\/wp-json\/wp\/v2\/comments?post=12570"}],"wp:featuredmedia":[{"embeddable":true,"href":"https:\/\/engitech.az\/en\/wp-json\/wp\/v2\/media\/12571"}],"wp:attachment":[{"href":"https:\/\/engitech.az\/en\/wp-json\/wp\/v2\/media?parent=12570"}],"wp:term":[{"taxonomy":"product_brand","embeddable":true,"href":"https:\/\/engitech.az\/en\/wp-json\/wp\/v2\/product_brand?post=12570"},{"taxonomy":"product_cat","embeddable":true,"href":"https:\/\/engitech.az\/en\/wp-json\/wp\/v2\/product_cat?post=12570"},{"taxonomy":"product_tag","embeddable":true,"href":"https:\/\/engitech.az\/en\/wp-json\/wp\/v2\/product_tag?post=12570"}],"curies":[{"name":"wp","href":"https:\/\/api.w.org\/{rel}","templated":true}]}}