{"id":12579,"date":"2026-04-14T08:03:16","date_gmt":"2026-04-14T08:03:16","guid":{"rendered":"https:\/\/engitech.az\/?post_type=product&#038;p=12579"},"modified":"2026-04-14T08:03:16","modified_gmt":"2026-04-14T08:03:16","slug":"fiber-optic-termination-box-for-19-inch-rack-mounting-fixed-enclosure-ftb-223a-series","status":"publish","type":"product","link":"https:\/\/engitech.az\/en\/product\/fiber-optic-termination-box-for-19-inch-rack-mounting-fixed-enclosure-ftb-223a-series\/","title":{"rendered":"Fiber Optic Termination Box for 19-inch Rack Mounting (Fixed Enclosure) FTB-223A Series"},"content":{"rendered":"<p><strong data-start=\"0\" data-end=\"13\">\u2022 M\u0259hsul:<\/strong> Fujikura FTB-223A Series<br data-start=\"38\" data-end=\"41\" data-is-only-node=\"\" \/><strong data-start=\"41\" data-end=\"58\">\u2022 Kateqoriya:<\/strong> 19-inch rack mount fiber termination box<br data-start=\"99\" data-end=\"102\" \/><strong data-start=\"102\" data-end=\"112\">\u2022 Tip:<\/strong> Fixed enclosure (sabit \u015fassi)<br data-start=\"142\" data-end=\"145\" \/><strong data-start=\"145\" data-end=\"162\">\u2022 X\u00fcsusiyy\u0259t:<\/strong> Y\u00fcng\u00fcl al\u00fcminium korpus v\u0259 asan a\u00e7\u0131lan \u00fcst qapaq <br data-start=\"249\" data-end=\"252\" \/><strong data-start=\"252\" data-end=\"265\">\u2022 D\u0259st\u0259k:<\/strong> 0.25 mm \/ 0.9 mm single fiber v\u0259 ribbon fiber <br data-start=\"349\" data-end=\"352\" \/><strong data-start=\"352\" data-end=\"366\">\u2022 Qurulu\u015f:<\/strong> SC adapter v\u0259 splice tray d\u0259st\u0259yi<br data-start=\"400\" data-end=\"403\" \/><strong data-start=\"403\" data-end=\"418\">\u2022 \u0130stifad\u0259:<\/strong> Data center v\u0259 telekom rack sisteml\u0259rind\u0259 fiber paylanmas\u0131 \u00fc\u00e7\u00fcn ideal<\/p>","protected":false},"excerpt":{"rendered":"<p>\u2022 M\u0259hsul: Fujikura FTB-223A Series\u2022 Kateqoriya: 19-inch rack mount fiber  [&#8230;]<\/p>","protected":false},"featured_media":12580,"comment_status":"open","ping_status":"closed","template":"","meta":[],"product_brand":[],"product_cat":[203],"product_tag":[],"class_list":{"0":"post-12579","1":"product","2":"type-product","3":"status-publish","4":"has-post-thumbnail","6":"product_cat-fujikura","7":"pa_mehsul-tipi-termination-enclosure-optical-closures","9":"first","10":"instock","11":"sold-individually","12":"shipping-taxable","13":"purchasable","14":"product-type-simple"},"_links":{"self":[{"href":"https:\/\/engitech.az\/en\/wp-json\/wp\/v2\/product\/12579","targetHints":{"allow":["GET"]}}],"collection":[{"href":"https:\/\/engitech.az\/en\/wp-json\/wp\/v2\/product"}],"about":[{"href":"https:\/\/engitech.az\/en\/wp-json\/wp\/v2\/types\/product"}],"replies":[{"embeddable":true,"href":"https:\/\/engitech.az\/en\/wp-json\/wp\/v2\/comments?post=12579"}],"wp:featuredmedia":[{"embeddable":true,"href":"https:\/\/engitech.az\/en\/wp-json\/wp\/v2\/media\/12580"}],"wp:attachment":[{"href":"https:\/\/engitech.az\/en\/wp-json\/wp\/v2\/media?parent=12579"}],"wp:term":[{"taxonomy":"product_brand","embeddable":true,"href":"https:\/\/engitech.az\/en\/wp-json\/wp\/v2\/product_brand?post=12579"},{"taxonomy":"product_cat","embeddable":true,"href":"https:\/\/engitech.az\/en\/wp-json\/wp\/v2\/product_cat?post=12579"},{"taxonomy":"product_tag","embeddable":true,"href":"https:\/\/engitech.az\/en\/wp-json\/wp\/v2\/product_tag?post=12579"}],"curies":[{"name":"wp","href":"https:\/\/api.w.org\/{rel}","templated":true}]}}