{"id":12581,"date":"2026-04-14T08:16:29","date_gmt":"2026-04-14T08:16:29","guid":{"rendered":"https:\/\/engitech.az\/?post_type=product&#038;p=12581"},"modified":"2026-04-14T08:16:29","modified_gmt":"2026-04-14T08:16:29","slug":"new-xps-16-laptop-2026-da16260","status":"publish","type":"product","link":"https:\/\/engitech.az\/en\/product\/new-xps-16-laptop-2026-da16260\/","title":{"rendered":"New XPS 16 Laptop (2026) DA16260"},"content":{"rendered":"<p><strong data-start=\"0\" data-end=\"13\" data-is-only-node=\"\">\u2022 M\u0259hsul:<\/strong> Dell XPS 16 (2026) DA16260<br data-start=\"40\" data-end=\"43\" \/><strong data-start=\"43\" data-end=\"60\">\u2022 Kateqoriya:<\/strong> Premium ultrabook laptop<br data-start=\"85\" data-end=\"88\" \/><strong data-start=\"88\" data-end=\"98\">\u2022 Tip:<\/strong> Y\u00fcks\u0259k performansl\u0131 noutbuk<br data-start=\"126\" data-end=\"129\" \/><strong data-start=\"129\" data-end=\"145\">\u2022 Prosessor:<\/strong> Intel Core Ultra<br data-start=\"162\" data-end=\"165\" \/><strong data-start=\"165\" data-end=\"175\">\u2022 RAM:<\/strong> 16GB \u2013 64GB<br data-start=\"187\" data-end=\"190\" \/><strong data-start=\"190\" data-end=\"202\">\u2022 Ekran:<\/strong> 16&#8243; OLED, 120Hz<br data-start=\"218\" data-end=\"221\" \/><strong data-start=\"221\" data-end=\"235\">\u2022 Qrafika:<\/strong> Intel Arc<br data-start=\"245\" data-end=\"248\" \/><strong data-start=\"248\" data-end=\"265\">\u2022 X\u00fcsusiyy\u0259t:<\/strong> Nazik dizayn, Wi-Fi 7<br data-start=\"287\" data-end=\"290\" \/><strong data-start=\"290\" data-end=\"305\">\u2022 \u0130stifad\u0259:<\/strong> Dizayn v\u0259 g\u00fcnd\u0259lik i\u015fl\u0259r \u00fc\u00e7\u00fcn ideal<\/p>","protected":false},"excerpt":{"rendered":"<p>\u2022 M\u0259hsul: Dell XPS 16 (2026) DA16260\u2022 Kateqoriya: Premium ultrabook  [&#8230;]<\/p>","protected":false},"featured_media":12598,"comment_status":"open","ping_status":"closed","template":"","meta":[],"product_brand":[],"product_cat":[51],"product_tag":[],"class_list":{"0":"post-12581","1":"product","2":"type-product","3":"status-publish","4":"has-post-thumbnail","6":"product_cat-dell","7":"pa_mehsul-tipi-laptops","9":"first","10":"instock","11":"sold-individually","12":"shipping-taxable","13":"purchasable","14":"product-type-simple"},"_links":{"self":[{"href":"https:\/\/engitech.az\/en\/wp-json\/wp\/v2\/product\/12581","targetHints":{"allow":["GET"]}}],"collection":[{"href":"https:\/\/engitech.az\/en\/wp-json\/wp\/v2\/product"}],"about":[{"href":"https:\/\/engitech.az\/en\/wp-json\/wp\/v2\/types\/product"}],"replies":[{"embeddable":true,"href":"https:\/\/engitech.az\/en\/wp-json\/wp\/v2\/comments?post=12581"}],"wp:featuredmedia":[{"embeddable":true,"href":"https:\/\/engitech.az\/en\/wp-json\/wp\/v2\/media\/12598"}],"wp:attachment":[{"href":"https:\/\/engitech.az\/en\/wp-json\/wp\/v2\/media?parent=12581"}],"wp:term":[{"taxonomy":"product_brand","embeddable":true,"href":"https:\/\/engitech.az\/en\/wp-json\/wp\/v2\/product_brand?post=12581"},{"taxonomy":"product_cat","embeddable":true,"href":"https:\/\/engitech.az\/en\/wp-json\/wp\/v2\/product_cat?post=12581"},{"taxonomy":"product_tag","embeddable":true,"href":"https:\/\/engitech.az\/en\/wp-json\/wp\/v2\/product_tag?post=12581"}],"curies":[{"name":"wp","href":"https:\/\/api.w.org\/{rel}","templated":true}]}}