{"id":12603,"date":"2026-04-14T08:23:37","date_gmt":"2026-04-14T08:23:37","guid":{"rendered":"https:\/\/engitech.az\/?post_type=product&#038;p=12603"},"modified":"2026-04-14T08:23:38","modified_gmt":"2026-04-14T08:23:38","slug":"dell-16-plus-laptop-db16250","status":"publish","type":"product","link":"https:\/\/engitech.az\/en\/product\/dell-16-plus-laptop-db16250\/","title":{"rendered":"Dell 16 Plus Laptop DB16250"},"content":{"rendered":"<p><strong data-start=\"0\" data-end=\"13\">\u2022 M\u0259hsul:<\/strong> Dell 16 Plus Laptop DB16250<br data-start=\"41\" data-end=\"44\" data-is-only-node=\"\" \/><strong data-start=\"44\" data-end=\"61\">\u2022 Kateqoriya:<\/strong> Orta seqment performans laptopu<br data-start=\"93\" data-end=\"96\" \/><strong data-start=\"96\" data-end=\"106\">\u2022 Tip:<\/strong> G\u00fcnd\u0259lik v\u0259 yarad\u0131c\u0131l\u0131q \u00fc\u00e7\u00fcn noutbuk<br data-start=\"143\" data-end=\"146\" \/><strong data-start=\"146\" data-end=\"162\">\u2022 Prosessor:<\/strong> Intel Core Ultra (U5\/U7\/U9 variantlar\u0131) <br data-start=\"240\" data-end=\"243\" \/><strong data-start=\"243\" data-end=\"253\">\u2022 RAM:<\/strong> 16GB \u2013 32GB LPDDR5X <br data-start=\"311\" data-end=\"314\" \/><strong data-start=\"314\" data-end=\"326\">\u2022 Ekran:<\/strong> 16&#8243; 2.5K IPS \/ Mini-LED opsiya <br data-start=\"395\" data-end=\"398\" \/><strong data-start=\"398\" data-end=\"412\">\u2022 Qrafika:<\/strong> Intel Arc <br data-start=\"460\" data-end=\"463\" \/><strong data-start=\"463\" data-end=\"480\">\u2022 X\u00fcsusiyy\u0259t:<\/strong> Wi-Fi 7, Thunderbolt 4, AI d\u0259st\u0259yi <br data-start=\"553\" data-end=\"556\" \/><strong data-start=\"556\" data-end=\"571\">\u2022 \u0130stifad\u0259:<\/strong> Ofis, multimedia v\u0259 orta s\u0259viyy\u0259 dizayn i\u015fl\u0259ri \u00fc\u00e7\u00fcn ideal<\/p>","protected":false},"excerpt":{"rendered":"<p>\u2022 M\u0259hsul: Dell 16 Plus Laptop DB16250\u2022 Kateqoriya: Orta seqment  [&#8230;]<\/p>","protected":false},"featured_media":12604,"comment_status":"open","ping_status":"closed","template":"","meta":[],"product_brand":[],"product_cat":[51],"product_tag":[],"class_list":{"0":"post-12603","1":"product","2":"type-product","3":"status-publish","4":"has-post-thumbnail","6":"product_cat-dell","7":"pa_mehsul-tipi-laptops","9":"first","10":"instock","11":"sold-individually","12":"shipping-taxable","13":"purchasable","14":"product-type-simple"},"_links":{"self":[{"href":"https:\/\/engitech.az\/en\/wp-json\/wp\/v2\/product\/12603","targetHints":{"allow":["GET"]}}],"collection":[{"href":"https:\/\/engitech.az\/en\/wp-json\/wp\/v2\/product"}],"about":[{"href":"https:\/\/engitech.az\/en\/wp-json\/wp\/v2\/types\/product"}],"replies":[{"embeddable":true,"href":"https:\/\/engitech.az\/en\/wp-json\/wp\/v2\/comments?post=12603"}],"wp:featuredmedia":[{"embeddable":true,"href":"https:\/\/engitech.az\/en\/wp-json\/wp\/v2\/media\/12604"}],"wp:attachment":[{"href":"https:\/\/engitech.az\/en\/wp-json\/wp\/v2\/media?parent=12603"}],"wp:term":[{"taxonomy":"product_brand","embeddable":true,"href":"https:\/\/engitech.az\/en\/wp-json\/wp\/v2\/product_brand?post=12603"},{"taxonomy":"product_cat","embeddable":true,"href":"https:\/\/engitech.az\/en\/wp-json\/wp\/v2\/product_cat?post=12603"},{"taxonomy":"product_tag","embeddable":true,"href":"https:\/\/engitech.az\/en\/wp-json\/wp\/v2\/product_tag?post=12603"}],"curies":[{"name":"wp","href":"https:\/\/api.w.org\/{rel}","templated":true}]}}