{"id":12607,"date":"2026-04-14T08:27:19","date_gmt":"2026-04-14T08:27:19","guid":{"rendered":"https:\/\/engitech.az\/?post_type=product&#038;p=12607"},"modified":"2026-04-14T08:27:20","modified_gmt":"2026-04-14T08:27:20","slug":"dell-14-plus-laptop-db14250","status":"publish","type":"product","link":"https:\/\/engitech.az\/en\/product\/dell-14-plus-laptop-db14250\/","title":{"rendered":"Dell 14 Plus Laptop DB14250"},"content":{"rendered":"<section class=\"text-token-text-primary w-full focus:outline-none [--shadow-height:45px] has-data-writing-block:pointer-events-none has-data-writing-block:-mt-(--shadow-height) has-data-writing-block:pt-(--shadow-height) [&amp;:has([data-writing-block])&gt;*]:pointer-events-auto R6Vx5W_threadScrollVars scroll-mb-[calc(var(--scroll-root-safe-area-inset-bottom,0px)+var(--thread-response-height))] scroll-mt-(--header-height)\" dir=\"auto\" data-turn-id=\"1fff40e3-5063-4f4b-944c-53a7496b89c0\" data-testid=\"conversation-turn-231\" data-scroll-anchor=\"false\" data-turn=\"user\"><\/section>\n<section class=\"text-token-text-primary w-full focus:outline-none [--shadow-height:45px] has-data-writing-block:pointer-events-none has-data-writing-block:-mt-(--shadow-height) has-data-writing-block:pt-(--shadow-height) [&amp;:has([data-writing-block])&gt;*]:pointer-events-auto [content-visibility:auto] supports-[content-visibility:auto]:[contain-intrinsic-size:auto_100lvh] R6Vx5W_threadScrollVars scroll-mb-[calc(var(--scroll-root-safe-area-inset-bottom,0px)+var(--thread-response-height))] scroll-mt-[calc(var(--header-height)+min(200px,max(70px,20svh)))]\" dir=\"auto\" data-turn-id=\"request-69cf4c45-f204-8328-93e5-14ba9a887d7a-2\" data-testid=\"conversation-turn-232\" data-scroll-anchor=\"false\" data-turn=\"assistant\">\n<div class=\"text-base my-auto mx-auto pb-10 [--thread-content-margin:var(--thread-content-margin-xs,calc(var(--spacing)*4))] @w-sm\/main:[--thread-content-margin:var(--thread-content-margin-sm,calc(var(--spacing)*6))] @w-lg\/main:[--thread-content-margin:var(--thread-content-margin-lg,calc(var(--spacing)*16))] px-(--thread-content-margin)\">\n<div class=\"[--thread-content-max-width:40rem] @w-lg\/main:[--thread-content-max-width:48rem] mx-auto max-w-(--thread-content-max-width) flex-1 group\/turn-messages focus-visible:outline-hidden relative flex w-full min-w-0 flex-col agent-turn\">\n<div class=\"flex max-w-full flex-col gap-4 grow\">\n<div class=\"min-h-8 text-message relative flex w-full flex-col items-end gap-2 text-start break-words whitespace-normal outline-none keyboard-focused:focus-ring [.text-message+&amp;]:mt-1\" dir=\"auto\" tabindex=\"0\" data-message-author-role=\"assistant\" data-message-id=\"795a9906-ecd1-470e-b9d8-be6e69e0ec28\" data-turn-start-message=\"true\" data-message-model-slug=\"gpt-5-3\">\n<div class=\"flex w-full flex-col gap-1 empty:hidden\">\n<div class=\"streaming-animation markdown prose dark:prose-invert w-full wrap-break-word dark markdown-new-styling\">\n<p data-start=\"0\" data-end=\"607\"><strong data-start=\"0\" data-end=\"13\">\u2022 M\u0259hsul:<\/strong> Dell 14 Plus Laptop DB14250<br data-start=\"41\" data-end=\"44\" data-is-only-node=\"\" \/><strong data-start=\"44\" data-end=\"61\">\u2022 Kateqoriya:<\/strong> Orta seqment performans laptopu<br data-start=\"93\" data-end=\"96\" \/><strong data-start=\"96\" data-end=\"106\">\u2022 Tip:<\/strong> G\u00fcnd\u0259lik v\u0259 biznes \u00fc\u00e7\u00fcn noutbuk<br data-start=\"138\" data-end=\"141\" \/><strong data-start=\"141\" data-end=\"157\">\u2022 Prosessor:<\/strong> Intel Core Ultra (U5\/U7\/U9 variantlar\u0131) <br data-start=\"235\" data-end=\"238\" \/><strong data-start=\"238\" data-end=\"248\">\u2022 RAM:<\/strong> 16GB \u2013 32GB LPDDR5x <br data-start=\"306\" data-end=\"309\" \/><strong data-start=\"309\" data-end=\"321\">\u2022 Ekran:<\/strong> 14&#8243; 2.5K IPS <br data-start=\"372\" data-end=\"375\" \/><strong data-start=\"375\" data-end=\"389\">\u2022 Qrafika:<\/strong> Intel Arc <br data-start=\"437\" data-end=\"440\" \/><strong data-start=\"440\" data-end=\"457\">\u2022 X\u00fcsusiyy\u0259t:<\/strong> Wi-Fi 7, Thunderbolt 4, y\u00fcng\u00fcl dizayn (~1.55 kg) <br data-start=\"544\" data-end=\"547\" \/><strong data-start=\"547\" data-end=\"562\">\u2022 \u0130stifad\u0259:<\/strong> Ofis, t\u0259l\u0259b\u0259 v\u0259 g\u00fcnd\u0259lik i\u015fl\u0259r \u00fc\u00e7\u00fcn ideal<\/p>\n<\/div>\n<\/div>\n<\/div>\n<\/div>\n<\/div>\n<\/div>\n<\/section>","protected":false},"excerpt":{"rendered":"<p>\u2022 M\u0259hsul: Dell 14 Plus Laptop DB14250\u2022 Kateqoriya: Orta seqment  [&#8230;]<\/p>","protected":false},"featured_media":12608,"comment_status":"open","ping_status":"closed","template":"","meta":[],"product_brand":[],"product_cat":[51],"product_tag":[],"class_list":{"0":"post-12607","1":"product","2":"type-product","3":"status-publish","4":"has-post-thumbnail","6":"product_cat-dell","7":"pa_mehsul-tipi-laptops","9":"first","10":"instock","11":"sold-individually","12":"shipping-taxable","13":"purchasable","14":"product-type-simple"},"_links":{"self":[{"href":"https:\/\/engitech.az\/en\/wp-json\/wp\/v2\/product\/12607","targetHints":{"allow":["GET"]}}],"collection":[{"href":"https:\/\/engitech.az\/en\/wp-json\/wp\/v2\/product"}],"about":[{"href":"https:\/\/engitech.az\/en\/wp-json\/wp\/v2\/types\/product"}],"replies":[{"embeddable":true,"href":"https:\/\/engitech.az\/en\/wp-json\/wp\/v2\/comments?post=12607"}],"wp:featuredmedia":[{"embeddable":true,"href":"https:\/\/engitech.az\/en\/wp-json\/wp\/v2\/media\/12608"}],"wp:attachment":[{"href":"https:\/\/engitech.az\/en\/wp-json\/wp\/v2\/media?parent=12607"}],"wp:term":[{"taxonomy":"product_brand","embeddable":true,"href":"https:\/\/engitech.az\/en\/wp-json\/wp\/v2\/product_brand?post=12607"},{"taxonomy":"product_cat","embeddable":true,"href":"https:\/\/engitech.az\/en\/wp-json\/wp\/v2\/product_cat?post=12607"},{"taxonomy":"product_tag","embeddable":true,"href":"https:\/\/engitech.az\/en\/wp-json\/wp\/v2\/product_tag?post=12607"}],"curies":[{"name":"wp","href":"https:\/\/api.w.org\/{rel}","templated":true}]}}