{"id":12611,"date":"2026-04-14T08:31:41","date_gmt":"2026-04-14T08:31:41","guid":{"rendered":"https:\/\/engitech.az\/?post_type=product&#038;p=12611"},"modified":"2026-04-14T08:31:41","modified_gmt":"2026-04-14T08:31:41","slug":"dell-pro-14-premium-laptop-pa14260","status":"publish","type":"product","link":"https:\/\/engitech.az\/en\/product\/dell-pro-14-premium-laptop-pa14260\/","title":{"rendered":"Dell Pro 14 Premium Laptop PA14260"},"content":{"rendered":"<p><strong data-start=\"0\" data-end=\"13\">\u2022 M\u0259hsul:<\/strong> Dell Pro 14 Premium Laptop PA14260<br data-start=\"48\" data-end=\"51\" data-is-only-node=\"\" \/><strong data-start=\"51\" data-end=\"68\">\u2022 Kateqoriya:<\/strong> Premium biznes ultrabook<br data-start=\"93\" data-end=\"96\" \/><strong data-start=\"96\" data-end=\"106\">\u2022 Tip:<\/strong> Korporativ (enterprise) noutbuk<br data-start=\"138\" data-end=\"141\" \/><strong data-start=\"141\" data-end=\"157\">\u2022 Prosessor:<\/strong> Intel Core Ultra vPro (AI v\u0259 t\u0259hl\u00fck\u0259sizlik d\u0259st\u0259yi) <br data-start=\"247\" data-end=\"250\" \/><strong data-start=\"250\" data-end=\"260\">\u2022 RAM:<\/strong> 16GB \u2013 64GB LPDDR5x <br data-start=\"318\" data-end=\"321\" \/><strong data-start=\"321\" data-end=\"333\">\u2022 Ekran:<\/strong> 14&#8243; QHD+ \/ OLED opsiya <br data-start=\"394\" data-end=\"397\" \/><strong data-start=\"397\" data-end=\"411\">\u2022 Qrafika:<\/strong> Intel Arc \/ integrated <br data-start=\"472\" data-end=\"475\" \/><strong data-start=\"475\" data-end=\"492\">\u2022 X\u00fcsusiyy\u0259t:<\/strong> Wi-Fi 7, vPro, ultra y\u00fcng\u00fcl (~1.15 kg), 8MP kamera <br data-start=\"581\" data-end=\"584\" \/><strong data-start=\"584\" data-end=\"599\">\u2022 \u0130stifad\u0259:<\/strong> Biznes, korporativ idar\u0259etm\u0259 v\u0259 mobil i\u015f \u00fc\u00e7\u00fcn ideal<\/p>","protected":false},"excerpt":{"rendered":"<p>\u2022 M\u0259hsul: Dell Pro 14 Premium Laptop PA14260\u2022 Kateqoriya: Premium  [&#8230;]<\/p>","protected":false},"featured_media":12612,"comment_status":"open","ping_status":"closed","template":"","meta":[],"product_brand":[],"product_cat":[51],"product_tag":[],"class_list":{"0":"post-12611","1":"product","2":"type-product","3":"status-publish","4":"has-post-thumbnail","6":"product_cat-dell","7":"pa_mehsul-tipi-laptops","9":"first","10":"instock","11":"sold-individually","12":"shipping-taxable","13":"purchasable","14":"product-type-simple"},"_links":{"self":[{"href":"https:\/\/engitech.az\/en\/wp-json\/wp\/v2\/product\/12611","targetHints":{"allow":["GET"]}}],"collection":[{"href":"https:\/\/engitech.az\/en\/wp-json\/wp\/v2\/product"}],"about":[{"href":"https:\/\/engitech.az\/en\/wp-json\/wp\/v2\/types\/product"}],"replies":[{"embeddable":true,"href":"https:\/\/engitech.az\/en\/wp-json\/wp\/v2\/comments?post=12611"}],"wp:featuredmedia":[{"embeddable":true,"href":"https:\/\/engitech.az\/en\/wp-json\/wp\/v2\/media\/12612"}],"wp:attachment":[{"href":"https:\/\/engitech.az\/en\/wp-json\/wp\/v2\/media?parent=12611"}],"wp:term":[{"taxonomy":"product_brand","embeddable":true,"href":"https:\/\/engitech.az\/en\/wp-json\/wp\/v2\/product_brand?post=12611"},{"taxonomy":"product_cat","embeddable":true,"href":"https:\/\/engitech.az\/en\/wp-json\/wp\/v2\/product_cat?post=12611"},{"taxonomy":"product_tag","embeddable":true,"href":"https:\/\/engitech.az\/en\/wp-json\/wp\/v2\/product_tag?post=12611"}],"curies":[{"name":"wp","href":"https:\/\/api.w.org\/{rel}","templated":true}]}}