{"id":12615,"date":"2026-04-14T08:34:39","date_gmt":"2026-04-14T08:34:39","guid":{"rendered":"https:\/\/engitech.az\/?post_type=product&#038;p=12615"},"modified":"2026-04-14T08:34:39","modified_gmt":"2026-04-14T08:34:39","slug":"dell-16-plus-laptop-db16255","status":"publish","type":"product","link":"https:\/\/engitech.az\/en\/product\/dell-16-plus-laptop-db16255\/","title":{"rendered":"Dell 16 Plus Laptop DB16255"},"content":{"rendered":"<p><strong data-start=\"0\" data-end=\"13\">\u2022 M\u0259hsul:<\/strong> Dell 16 Plus Laptop DB16255<br data-start=\"41\" data-end=\"44\" data-is-only-node=\"\" \/><strong data-start=\"44\" data-end=\"61\">\u2022 Kateqoriya:<\/strong> Orta seqment performans laptopu<br data-start=\"93\" data-end=\"96\" \/><strong data-start=\"96\" data-end=\"106\">\u2022 Tip:<\/strong> G\u00fcnd\u0259lik v\u0259 biznes \u00fc\u00e7\u00fcn noutbuk<br data-start=\"138\" data-end=\"141\" \/><strong data-start=\"141\" data-end=\"157\">\u2022 Prosessor:<\/strong> AMD Ryzen AI 5 \/ AI 7 <br data-start=\"217\" data-end=\"220\" \/><strong data-start=\"220\" data-end=\"230\">\u2022 RAM:<\/strong> 16GB \u2013 32GB <br data-start=\"280\" data-end=\"283\" \/><strong data-start=\"283\" data-end=\"295\">\u2022 Ekran:<\/strong> 16&#8243; 2K \/ 2.5K IPS, 120Hz <br data-start=\"358\" data-end=\"361\" \/><strong data-start=\"361\" data-end=\"375\">\u2022 Qrafika:<\/strong> AMD Radeon 840M \/ 860M <br data-start=\"436\" data-end=\"439\" \/><strong data-start=\"439\" data-end=\"456\">\u2022 X\u00fcsusiyy\u0259t:<\/strong> Wi-Fi 7, y\u00fcng\u00fcl (~1.8 kg) <br data-start=\"520\" data-end=\"523\" \/><strong data-start=\"523\" data-end=\"538\">\u2022 \u0130stifad\u0259:<\/strong> Ofis, multimedia v\u0259 orta s\u0259viyy\u0259 i\u015fl\u0259r \u00fc\u00e7\u00fcn ideal<\/p>","protected":false},"excerpt":{"rendered":"<p>\u2022 M\u0259hsul: Dell 16 Plus Laptop DB16255\u2022 Kateqoriya: Orta seqment  [&#8230;]<\/p>","protected":false},"featured_media":12616,"comment_status":"open","ping_status":"closed","template":"","meta":[],"product_brand":[],"product_cat":[51],"product_tag":[],"class_list":{"0":"post-12615","1":"product","2":"type-product","3":"status-publish","4":"has-post-thumbnail","6":"product_cat-dell","7":"pa_mehsul-tipi-laptops","9":"first","10":"instock","11":"sold-individually","12":"shipping-taxable","13":"purchasable","14":"product-type-simple"},"_links":{"self":[{"href":"https:\/\/engitech.az\/en\/wp-json\/wp\/v2\/product\/12615","targetHints":{"allow":["GET"]}}],"collection":[{"href":"https:\/\/engitech.az\/en\/wp-json\/wp\/v2\/product"}],"about":[{"href":"https:\/\/engitech.az\/en\/wp-json\/wp\/v2\/types\/product"}],"replies":[{"embeddable":true,"href":"https:\/\/engitech.az\/en\/wp-json\/wp\/v2\/comments?post=12615"}],"wp:featuredmedia":[{"embeddable":true,"href":"https:\/\/engitech.az\/en\/wp-json\/wp\/v2\/media\/12616"}],"wp:attachment":[{"href":"https:\/\/engitech.az\/en\/wp-json\/wp\/v2\/media?parent=12615"}],"wp:term":[{"taxonomy":"product_brand","embeddable":true,"href":"https:\/\/engitech.az\/en\/wp-json\/wp\/v2\/product_brand?post=12615"},{"taxonomy":"product_cat","embeddable":true,"href":"https:\/\/engitech.az\/en\/wp-json\/wp\/v2\/product_cat?post=12615"},{"taxonomy":"product_tag","embeddable":true,"href":"https:\/\/engitech.az\/en\/wp-json\/wp\/v2\/product_tag?post=12615"}],"curies":[{"name":"wp","href":"https:\/\/api.w.org\/{rel}","templated":true}]}}