{"id":12619,"date":"2026-04-14T08:38:30","date_gmt":"2026-04-14T08:38:30","guid":{"rendered":"https:\/\/engitech.az\/?post_type=product&#038;p=12619"},"modified":"2026-04-14T08:38:30","modified_gmt":"2026-04-14T08:38:30","slug":"dell-pro-16-laptop-pc16250","status":"publish","type":"product","link":"https:\/\/engitech.az\/en\/product\/dell-pro-16-laptop-pc16250\/","title":{"rendered":"Dell Pro 16 Laptop PC16250"},"content":{"rendered":"<p><strong data-start=\"0\" data-end=\"13\">\u2022 M\u0259hsul:<\/strong> Dell Pro 16 Laptop PC16250<br data-start=\"40\" data-end=\"43\" data-is-only-node=\"\" \/><strong data-start=\"43\" data-end=\"60\">\u2022 Kateqoriya:<\/strong> Biznes laptop<br data-start=\"74\" data-end=\"77\" \/><strong data-start=\"77\" data-end=\"87\">\u2022 Tip:<\/strong> Korporativ noutbuk<br data-start=\"106\" data-end=\"109\" \/><strong data-start=\"109\" data-end=\"125\">\u2022 Prosessor:<\/strong> Intel Core Ultra (U5\/U7) <br data-start=\"188\" data-end=\"191\" \/><strong data-start=\"191\" data-end=\"201\">\u2022 RAM:<\/strong> 8GB \u2013 64GB DDR5 <br data-start=\"255\" data-end=\"258\" \/><strong data-start=\"258\" data-end=\"270\">\u2022 Ekran:<\/strong> 16&#8243; FHD+ IPS <br data-start=\"321\" data-end=\"324\" \/><strong data-start=\"324\" data-end=\"338\">\u2022 Qrafika:<\/strong> Intel integrated <br data-start=\"393\" data-end=\"396\" \/><strong data-start=\"396\" data-end=\"413\">\u2022 X\u00fcsusiyy\u0259t:<\/strong> Wi-Fi 6E, Thunderbolt 4, RJ45, numerik klaviatura <br data-start=\"501\" data-end=\"504\" \/><strong data-start=\"504\" data-end=\"519\">\u2022 \u0130stifad\u0259:<\/strong> Ofis v\u0259 korporativ i\u015fl\u0259r \u00fc\u00e7\u00fcn ideal<\/p>","protected":false},"excerpt":{"rendered":"<p>\u2022 M\u0259hsul: Dell Pro 16 Laptop PC16250\u2022 Kateqoriya: Biznes laptop\u2022  [&#8230;]<\/p>","protected":false},"featured_media":12620,"comment_status":"open","ping_status":"closed","template":"","meta":[],"product_brand":[],"product_cat":[51],"product_tag":[],"class_list":{"0":"post-12619","1":"product","2":"type-product","3":"status-publish","4":"has-post-thumbnail","6":"product_cat-dell","7":"pa_mehsul-tipi-laptops","9":"first","10":"instock","11":"sold-individually","12":"shipping-taxable","13":"purchasable","14":"product-type-simple"},"_links":{"self":[{"href":"https:\/\/engitech.az\/en\/wp-json\/wp\/v2\/product\/12619","targetHints":{"allow":["GET"]}}],"collection":[{"href":"https:\/\/engitech.az\/en\/wp-json\/wp\/v2\/product"}],"about":[{"href":"https:\/\/engitech.az\/en\/wp-json\/wp\/v2\/types\/product"}],"replies":[{"embeddable":true,"href":"https:\/\/engitech.az\/en\/wp-json\/wp\/v2\/comments?post=12619"}],"wp:featuredmedia":[{"embeddable":true,"href":"https:\/\/engitech.az\/en\/wp-json\/wp\/v2\/media\/12620"}],"wp:attachment":[{"href":"https:\/\/engitech.az\/en\/wp-json\/wp\/v2\/media?parent=12619"}],"wp:term":[{"taxonomy":"product_brand","embeddable":true,"href":"https:\/\/engitech.az\/en\/wp-json\/wp\/v2\/product_brand?post=12619"},{"taxonomy":"product_cat","embeddable":true,"href":"https:\/\/engitech.az\/en\/wp-json\/wp\/v2\/product_cat?post=12619"},{"taxonomy":"product_tag","embeddable":true,"href":"https:\/\/engitech.az\/en\/wp-json\/wp\/v2\/product_tag?post=12619"}],"curies":[{"name":"wp","href":"https:\/\/api.w.org\/{rel}","templated":true}]}}