{"id":12623,"date":"2026-04-14T11:30:51","date_gmt":"2026-04-14T11:30:51","guid":{"rendered":"https:\/\/engitech.az\/?post_type=product&#038;p=12623"},"modified":"2026-04-14T11:30:52","modified_gmt":"2026-04-14T11:30:52","slug":"alienware-16x-aurora-gaming-laptop-ac16251","status":"publish","type":"product","link":"https:\/\/engitech.az\/en\/product\/alienware-16x-aurora-gaming-laptop-ac16251\/","title":{"rendered":"Alienware 16X Aurora Gaming Laptop AC16251"},"content":{"rendered":"<p><strong data-start=\"0\" data-end=\"13\">\u2022 M\u0259hsul:<\/strong> Alienware 16X Aurora Gaming Laptop AC16251<br data-start=\"56\" data-end=\"59\" data-is-only-node=\"\" \/><strong data-start=\"59\" data-end=\"76\">\u2022 Kateqoriya:<\/strong> Premium gaming laptop<br data-start=\"98\" data-end=\"101\" \/><strong data-start=\"101\" data-end=\"111\">\u2022 Tip:<\/strong> Y\u00fcks\u0259k performansl\u0131 oyun noutbuku<br data-start=\"145\" data-end=\"148\" \/><strong data-start=\"148\" data-end=\"164\">\u2022 Prosessor:<\/strong> Intel Core Ultra 7 \/ Ultra 9 HX<br data-start=\"196\" data-end=\"199\" \/><strong data-start=\"199\" data-end=\"213\">\u2022 Qrafika:<\/strong> NVIDIA RTX 5060 \/ 5070 (8GB)<br data-start=\"242\" data-end=\"245\" \/><strong data-start=\"245\" data-end=\"255\">\u2022 RAM:<\/strong> 16GB \u2013 64GB DDR5<br data-start=\"272\" data-end=\"275\" \/><strong data-start=\"275\" data-end=\"287\">\u2022 Ekran:<\/strong> 16&#8243; WQXGA (2560\u00d71600), 240Hz, IPS<br data-start=\"321\" data-end=\"324\" \/><strong data-start=\"324\" data-end=\"341\">\u2022 X\u00fcsusiyy\u0259t:<\/strong> Wi-Fi 7, Thunderbolt 4, al\u00fcminium korpus<br data-start=\"382\" data-end=\"385\" \/><strong data-start=\"385\" data-end=\"400\">\u2022 \u0130stifad\u0259:<\/strong> Oyun, dizayn v\u0259 y\u00fcks\u0259k performans i\u015fl\u0259ri \u00fc\u00e7\u00fcn ideal<\/p>","protected":false},"excerpt":{"rendered":"<p>\u2022 M\u0259hsul: Alienware 16X Aurora Gaming Laptop AC16251\u2022 Kateqoriya: Premium  [&#8230;]<\/p>","protected":false},"featured_media":12624,"comment_status":"open","ping_status":"closed","template":"","meta":[],"product_brand":[],"product_cat":[51],"product_tag":[],"class_list":{"0":"post-12623","1":"product","2":"type-product","3":"status-publish","4":"has-post-thumbnail","6":"product_cat-dell","7":"pa_mehsul-tipi-laptops","9":"first","10":"instock","11":"sold-individually","12":"shipping-taxable","13":"purchasable","14":"product-type-simple"},"_links":{"self":[{"href":"https:\/\/engitech.az\/en\/wp-json\/wp\/v2\/product\/12623","targetHints":{"allow":["GET"]}}],"collection":[{"href":"https:\/\/engitech.az\/en\/wp-json\/wp\/v2\/product"}],"about":[{"href":"https:\/\/engitech.az\/en\/wp-json\/wp\/v2\/types\/product"}],"replies":[{"embeddable":true,"href":"https:\/\/engitech.az\/en\/wp-json\/wp\/v2\/comments?post=12623"}],"wp:featuredmedia":[{"embeddable":true,"href":"https:\/\/engitech.az\/en\/wp-json\/wp\/v2\/media\/12624"}],"wp:attachment":[{"href":"https:\/\/engitech.az\/en\/wp-json\/wp\/v2\/media?parent=12623"}],"wp:term":[{"taxonomy":"product_brand","embeddable":true,"href":"https:\/\/engitech.az\/en\/wp-json\/wp\/v2\/product_brand?post=12623"},{"taxonomy":"product_cat","embeddable":true,"href":"https:\/\/engitech.az\/en\/wp-json\/wp\/v2\/product_cat?post=12623"},{"taxonomy":"product_tag","embeddable":true,"href":"https:\/\/engitech.az\/en\/wp-json\/wp\/v2\/product_tag?post=12623"}],"curies":[{"name":"wp","href":"https:\/\/api.w.org\/{rel}","templated":true}]}}