{"id":12627,"date":"2026-04-14T11:38:52","date_gmt":"2026-04-14T11:38:52","guid":{"rendered":"https:\/\/engitech.az\/?post_type=product&#038;p=12627"},"modified":"2026-04-14T11:38:52","modified_gmt":"2026-04-14T11:38:52","slug":"xps-16-laptop-2025-da16250","status":"publish","type":"product","link":"https:\/\/engitech.az\/en\/product\/xps-16-laptop-2025-da16250\/","title":{"rendered":"XPS 16 Laptop (2025)  DA16250"},"content":{"rendered":"<p><strong data-start=\"0\" data-end=\"13\">\u2022 M\u0259hsul:<\/strong> Dell XPS 16 (2025) DA16250<br data-start=\"40\" data-end=\"43\" data-is-only-node=\"\" \/><strong data-start=\"43\" data-end=\"60\">\u2022 Kateqoriya:<\/strong> Premium ultrabook laptop<br data-start=\"85\" data-end=\"88\" \/><strong data-start=\"88\" data-end=\"98\">\u2022 Tip:<\/strong> Y\u00fcks\u0259k performansl\u0131 noutbuk<br data-start=\"126\" data-end=\"129\" \/><strong data-start=\"129\" data-end=\"145\">\u2022 Prosessor:<\/strong> Intel Core Ultra 7 \/ Ultra 9<br data-start=\"174\" data-end=\"177\" \/><strong data-start=\"177\" data-end=\"187\">\u2022 RAM:<\/strong> 16GB \u2013 64GB LPDDR5x<br data-start=\"207\" data-end=\"210\" \/><strong data-start=\"210\" data-end=\"222\">\u2022 Ekran:<\/strong> 16.3&#8243; OLED \/ 2K 120Hz<br data-start=\"244\" data-end=\"247\" \/><strong data-start=\"247\" data-end=\"261\">\u2022 Qrafika:<\/strong> Intel Arc \/ NVIDIA RTX 5060 \/ 5070<br data-start=\"296\" data-end=\"299\" \/><strong data-start=\"299\" data-end=\"316\">\u2022 X\u00fcsusiyy\u0259t:<\/strong> Wi-Fi 7, Thunderbolt 4, premium dizayn<br data-start=\"355\" data-end=\"358\" \/><strong data-start=\"358\" data-end=\"373\">\u2022 \u0130stifad\u0259:<\/strong> Dizayn, video montaj v\u0259 g\u00fccl\u00fc i\u015fl\u0259r \u00fc\u00e7\u00fcn ideal<\/p>","protected":false},"excerpt":{"rendered":"<p>\u2022 M\u0259hsul: Dell XPS 16 (2025) DA16250\u2022 Kateqoriya: Premium ultrabook  [&#8230;]<\/p>","protected":false},"featured_media":12628,"comment_status":"open","ping_status":"closed","template":"","meta":[],"product_brand":[],"product_cat":[51],"product_tag":[],"class_list":{"0":"post-12627","1":"product","2":"type-product","3":"status-publish","4":"has-post-thumbnail","6":"product_cat-dell","7":"pa_mehsul-tipi-laptops","9":"first","10":"instock","11":"sold-individually","12":"shipping-taxable","13":"purchasable","14":"product-type-simple"},"_links":{"self":[{"href":"https:\/\/engitech.az\/en\/wp-json\/wp\/v2\/product\/12627","targetHints":{"allow":["GET"]}}],"collection":[{"href":"https:\/\/engitech.az\/en\/wp-json\/wp\/v2\/product"}],"about":[{"href":"https:\/\/engitech.az\/en\/wp-json\/wp\/v2\/types\/product"}],"replies":[{"embeddable":true,"href":"https:\/\/engitech.az\/en\/wp-json\/wp\/v2\/comments?post=12627"}],"wp:featuredmedia":[{"embeddable":true,"href":"https:\/\/engitech.az\/en\/wp-json\/wp\/v2\/media\/12628"}],"wp:attachment":[{"href":"https:\/\/engitech.az\/en\/wp-json\/wp\/v2\/media?parent=12627"}],"wp:term":[{"taxonomy":"product_brand","embeddable":true,"href":"https:\/\/engitech.az\/en\/wp-json\/wp\/v2\/product_brand?post=12627"},{"taxonomy":"product_cat","embeddable":true,"href":"https:\/\/engitech.az\/en\/wp-json\/wp\/v2\/product_cat?post=12627"},{"taxonomy":"product_tag","embeddable":true,"href":"https:\/\/engitech.az\/en\/wp-json\/wp\/v2\/product_tag?post=12627"}],"curies":[{"name":"wp","href":"https:\/\/api.w.org\/{rel}","templated":true}]}}