{"id":12631,"date":"2026-04-14T11:44:27","date_gmt":"2026-04-14T11:44:27","guid":{"rendered":"https:\/\/engitech.az\/?post_type=product&#038;p=12631"},"modified":"2026-04-14T11:44:27","modified_gmt":"2026-04-14T11:44:27","slug":"alienware-18-area-51-gaming-laptop-modelaa18250","status":"publish","type":"product","link":"https:\/\/engitech.az\/en\/product\/alienware-18-area-51-gaming-laptop-modelaa18250\/","title":{"rendered":"Alienware 18 Area-51 Gaming Laptop ModelAA18250"},"content":{"rendered":"<p><strong data-start=\"0\" data-end=\"13\" data-is-only-node=\"\">\u2022 M\u0259hsul:<\/strong> Alienware 18 Area-51 Gaming Laptop AA18250<br data-start=\"56\" data-end=\"59\" \/><strong data-start=\"59\" data-end=\"76\">\u2022 Kateqoriya:<\/strong> Ultra high-end gaming laptop<br data-start=\"105\" data-end=\"108\" \/><strong data-start=\"108\" data-end=\"118\">\u2022 Tip:<\/strong> Flagship performans noutbuku<br data-start=\"147\" data-end=\"150\" \/><strong data-start=\"150\" data-end=\"166\">\u2022 Prosessor:<\/strong> Intel Core Ultra 7 \/ Ultra 9 HX (275HX)<br data-start=\"206\" data-end=\"209\" \/><strong data-start=\"209\" data-end=\"223\">\u2022 Qrafika:<\/strong> NVIDIA RTX 5060 \u2013 RTX 5090<br data-start=\"250\" data-end=\"253\" \/><strong data-start=\"253\" data-end=\"263\">\u2022 RAM:<\/strong> 16GB \u2013 64GB DDR5<br data-start=\"280\" data-end=\"283\" \/><strong data-start=\"283\" data-end=\"295\">\u2022 Ekran:<\/strong> 18&#8243; WQXGA (2560\u00d71600), 300Hz<br data-start=\"324\" data-end=\"327\" \/><strong data-start=\"327\" data-end=\"344\">\u2022 X\u00fcsusiyy\u0259t:<\/strong> G\u00fccl\u00fc soyutma, Wi-Fi 7, Thunderbolt 5<br data-start=\"382\" data-end=\"385\" \/><strong data-start=\"385\" data-end=\"400\">\u2022 \u0130stifad\u0259:<\/strong> Oyun v\u0259 a\u011f\u0131r i\u015fl\u0259r \u00fc\u00e7\u00fcn maksimum g\u00fcc<\/p>","protected":false},"excerpt":{"rendered":"<p>\u2022 M\u0259hsul: Alienware 18 Area-51 Gaming Laptop AA18250\u2022 Kateqoriya: Ultra  [&#8230;]<\/p>","protected":false},"featured_media":12632,"comment_status":"open","ping_status":"closed","template":"","meta":[],"product_brand":[],"product_cat":[51],"product_tag":[],"class_list":{"0":"post-12631","1":"product","2":"type-product","3":"status-publish","4":"has-post-thumbnail","6":"product_cat-dell","7":"pa_mehsul-tipi-laptops","9":"first","10":"instock","11":"sold-individually","12":"shipping-taxable","13":"purchasable","14":"product-type-simple"},"_links":{"self":[{"href":"https:\/\/engitech.az\/en\/wp-json\/wp\/v2\/product\/12631","targetHints":{"allow":["GET"]}}],"collection":[{"href":"https:\/\/engitech.az\/en\/wp-json\/wp\/v2\/product"}],"about":[{"href":"https:\/\/engitech.az\/en\/wp-json\/wp\/v2\/types\/product"}],"replies":[{"embeddable":true,"href":"https:\/\/engitech.az\/en\/wp-json\/wp\/v2\/comments?post=12631"}],"wp:featuredmedia":[{"embeddable":true,"href":"https:\/\/engitech.az\/en\/wp-json\/wp\/v2\/media\/12632"}],"wp:attachment":[{"href":"https:\/\/engitech.az\/en\/wp-json\/wp\/v2\/media?parent=12631"}],"wp:term":[{"taxonomy":"product_brand","embeddable":true,"href":"https:\/\/engitech.az\/en\/wp-json\/wp\/v2\/product_brand?post=12631"},{"taxonomy":"product_cat","embeddable":true,"href":"https:\/\/engitech.az\/en\/wp-json\/wp\/v2\/product_cat?post=12631"},{"taxonomy":"product_tag","embeddable":true,"href":"https:\/\/engitech.az\/en\/wp-json\/wp\/v2\/product_tag?post=12631"}],"curies":[{"name":"wp","href":"https:\/\/api.w.org\/{rel}","templated":true}]}}