{"id":12635,"date":"2026-04-14T12:00:48","date_gmt":"2026-04-14T12:00:48","guid":{"rendered":"https:\/\/engitech.az\/?post_type=product&#038;p=12635"},"modified":"2026-04-14T12:00:48","modified_gmt":"2026-04-14T12:00:48","slug":"dell-pro-14-laptop-pc14250","status":"publish","type":"product","link":"https:\/\/engitech.az\/en\/product\/dell-pro-14-laptop-pc14250\/","title":{"rendered":"Dell Pro 14 Laptop PC14250"},"content":{"rendered":"<p><strong data-start=\"0\" data-end=\"13\" data-is-only-node=\"\">\u2022 M\u0259hsul:<\/strong> Dell Pro 14 Laptop PC14250<br data-start=\"40\" data-end=\"43\" \/><strong data-start=\"43\" data-end=\"60\">\u2022 Kateqoriya:<\/strong> Biznes ultrabook laptop<br data-start=\"84\" data-end=\"87\" \/><strong data-start=\"87\" data-end=\"97\">\u2022 Tip:<\/strong> Korporativ noutbuk<br data-start=\"116\" data-end=\"119\" \/><strong data-start=\"119\" data-end=\"135\">\u2022 Prosessor:<\/strong> Intel Core Ultra 5 \/ 7 \/ 9<br data-start=\"162\" data-end=\"165\" \/><strong data-start=\"165\" data-end=\"175\">\u2022 RAM:<\/strong> 8GB \u2013 64GB<br data-start=\"186\" data-end=\"189\" \/><strong data-start=\"189\" data-end=\"201\">\u2022 Ekran:<\/strong> 14&#8243; FHD+ IPS<br data-start=\"214\" data-end=\"217\" \/><strong data-start=\"217\" data-end=\"231\">\u2022 Qrafika:<\/strong> Intel integrated<br data-start=\"248\" data-end=\"251\" \/><strong data-start=\"251\" data-end=\"268\">\u2022 X\u00fcsusiyy\u0259t:<\/strong> Wi-Fi 6E, Thunderbolt 4, AI NPU<br data-start=\"300\" data-end=\"303\" \/><strong data-start=\"303\" data-end=\"318\">\u2022 \u0130stifad\u0259:<\/strong> Ofis v\u0259 biznes i\u015fl\u0259ri \u00fc\u00e7\u00fcn ideal<\/p>","protected":false},"excerpt":{"rendered":"<p>\u2022 M\u0259hsul: Dell Pro 14 Laptop PC14250\u2022 Kateqoriya: Biznes ultrabook  [&#8230;]<\/p>","protected":false},"featured_media":12636,"comment_status":"open","ping_status":"closed","template":"","meta":[],"product_brand":[],"product_cat":[51],"product_tag":[],"class_list":{"0":"post-12635","1":"product","2":"type-product","3":"status-publish","4":"has-post-thumbnail","6":"product_cat-dell","7":"pa_mehsul-tipi-laptops","9":"first","10":"instock","11":"sold-individually","12":"shipping-taxable","13":"purchasable","14":"product-type-simple"},"_links":{"self":[{"href":"https:\/\/engitech.az\/en\/wp-json\/wp\/v2\/product\/12635","targetHints":{"allow":["GET"]}}],"collection":[{"href":"https:\/\/engitech.az\/en\/wp-json\/wp\/v2\/product"}],"about":[{"href":"https:\/\/engitech.az\/en\/wp-json\/wp\/v2\/types\/product"}],"replies":[{"embeddable":true,"href":"https:\/\/engitech.az\/en\/wp-json\/wp\/v2\/comments?post=12635"}],"wp:featuredmedia":[{"embeddable":true,"href":"https:\/\/engitech.az\/en\/wp-json\/wp\/v2\/media\/12636"}],"wp:attachment":[{"href":"https:\/\/engitech.az\/en\/wp-json\/wp\/v2\/media?parent=12635"}],"wp:term":[{"taxonomy":"product_brand","embeddable":true,"href":"https:\/\/engitech.az\/en\/wp-json\/wp\/v2\/product_brand?post=12635"},{"taxonomy":"product_cat","embeddable":true,"href":"https:\/\/engitech.az\/en\/wp-json\/wp\/v2\/product_cat?post=12635"},{"taxonomy":"product_tag","embeddable":true,"href":"https:\/\/engitech.az\/en\/wp-json\/wp\/v2\/product_tag?post=12635"}],"curies":[{"name":"wp","href":"https:\/\/api.w.org\/{rel}","templated":true}]}}