{"id":12639,"date":"2026-04-14T12:04:56","date_gmt":"2026-04-14T12:04:56","guid":{"rendered":"https:\/\/engitech.az\/?post_type=product&#038;p=12639"},"modified":"2026-04-14T12:04:56","modified_gmt":"2026-04-14T12:04:56","slug":"dell-16-plus-2-in-1-laptop-db06250","status":"publish","type":"product","link":"https:\/\/engitech.az\/en\/product\/dell-16-plus-2-in-1-laptop-db06250\/","title":{"rendered":"Dell 16 Plus 2-in-1 Laptop DB06250"},"content":{"rendered":"<p><strong data-start=\"0\" data-end=\"13\" data-is-only-node=\"\">\u2022 M\u0259hsul:<\/strong> Dell 16 Plus 2-in-1 Laptop DB06250<br data-start=\"48\" data-end=\"51\" \/><strong data-start=\"51\" data-end=\"68\">\u2022 Kateqoriya:<\/strong> 2-in-1 convertible laptop<br data-start=\"94\" data-end=\"97\" \/><strong data-start=\"97\" data-end=\"107\">\u2022 Tip:<\/strong> Touchscreen + tablet rejimi<br data-start=\"135\" data-end=\"138\" \/><strong data-start=\"138\" data-end=\"154\">\u2022 Prosessor:<\/strong> Intel Core Ultra 7 \/ Ultra 9<br data-start=\"183\" data-end=\"186\" \/><strong data-start=\"186\" data-end=\"196\">\u2022 RAM:<\/strong> 16GB \u2013 32GB<br data-start=\"208\" data-end=\"211\" \/><strong data-start=\"211\" data-end=\"223\">\u2022 Ekran:<\/strong> 16&#8243; 2K\/2.5K touch, 90Hz<br data-start=\"247\" data-end=\"250\" \/><strong data-start=\"250\" data-end=\"264\">\u2022 Qrafika:<\/strong> Intel Arc<br data-start=\"274\" data-end=\"277\" \/><strong data-start=\"277\" data-end=\"294\">\u2022 X\u00fcsusiyy\u0259t:<\/strong> 360\u00b0 qatlanan ekran, Wi-Fi 7<br data-start=\"323\" data-end=\"326\" \/><strong data-start=\"326\" data-end=\"341\">\u2022 \u0130stifad\u0259:<\/strong> Ofis, dizayn v\u0259 g\u00fcnd\u0259lik i\u015fl\u0259r \u00fc\u00e7\u00fcn ideal<\/p>","protected":false},"excerpt":{"rendered":"<p>\u2022 M\u0259hsul: Dell 16 Plus 2-in-1 Laptop DB06250\u2022 Kateqoriya: 2-in-1  [&#8230;]<\/p>","protected":false},"featured_media":12640,"comment_status":"open","ping_status":"closed","template":"","meta":[],"product_brand":[],"product_cat":[51],"product_tag":[],"class_list":{"0":"post-12639","1":"product","2":"type-product","3":"status-publish","4":"has-post-thumbnail","6":"product_cat-dell","7":"pa_mehsul-tipi-laptops","9":"first","10":"instock","11":"sold-individually","12":"shipping-taxable","13":"purchasable","14":"product-type-simple"},"_links":{"self":[{"href":"https:\/\/engitech.az\/en\/wp-json\/wp\/v2\/product\/12639","targetHints":{"allow":["GET"]}}],"collection":[{"href":"https:\/\/engitech.az\/en\/wp-json\/wp\/v2\/product"}],"about":[{"href":"https:\/\/engitech.az\/en\/wp-json\/wp\/v2\/types\/product"}],"replies":[{"embeddable":true,"href":"https:\/\/engitech.az\/en\/wp-json\/wp\/v2\/comments?post=12639"}],"wp:featuredmedia":[{"embeddable":true,"href":"https:\/\/engitech.az\/en\/wp-json\/wp\/v2\/media\/12640"}],"wp:attachment":[{"href":"https:\/\/engitech.az\/en\/wp-json\/wp\/v2\/media?parent=12639"}],"wp:term":[{"taxonomy":"product_brand","embeddable":true,"href":"https:\/\/engitech.az\/en\/wp-json\/wp\/v2\/product_brand?post=12639"},{"taxonomy":"product_cat","embeddable":true,"href":"https:\/\/engitech.az\/en\/wp-json\/wp\/v2\/product_cat?post=12639"},{"taxonomy":"product_tag","embeddable":true,"href":"https:\/\/engitech.az\/en\/wp-json\/wp\/v2\/product_tag?post=12639"}],"curies":[{"name":"wp","href":"https:\/\/api.w.org\/{rel}","templated":true}]}}