{"id":12644,"date":"2026-04-14T12:09:53","date_gmt":"2026-04-14T12:09:53","guid":{"rendered":"https:\/\/engitech.az\/?post_type=product&#038;p=12644"},"modified":"2026-04-14T12:09:53","modified_gmt":"2026-04-14T12:09:53","slug":"dell-pro-max-16-plus-laptop-mb16250","status":"publish","type":"product","link":"https:\/\/engitech.az\/en\/product\/dell-pro-max-16-plus-laptop-mb16250\/","title":{"rendered":"Dell Pro Max 16 Plus Laptop MB16250"},"content":{"rendered":"<p><strong data-start=\"0\" data-end=\"13\" data-is-only-node=\"\">\u2022 M\u0259hsul:<\/strong> Dell Pro Max 16 Plus Laptop MB16250<br data-start=\"49\" data-end=\"52\" \/><strong data-start=\"52\" data-end=\"69\">\u2022 Kateqoriya:<\/strong> Ultra y\u00fcks\u0259k performans workstation laptop<br data-start=\"112\" data-end=\"115\" \/><strong data-start=\"115\" data-end=\"125\">\u2022 Tip:<\/strong> Professional AI v\u0259 i\u015f noutbuku<br data-start=\"156\" data-end=\"159\" \/><strong data-start=\"159\" data-end=\"175\">\u2022 Prosessor:<\/strong> Intel Core Ultra 7 \/ Ultra 9 HX<br data-start=\"207\" data-end=\"210\" \/><strong data-start=\"210\" data-end=\"224\">\u2022 Qrafika:<\/strong> NVIDIA RTX PRO 1000 \u2013 PRO 3000<br data-start=\"255\" data-end=\"258\" \/><strong data-start=\"258\" data-end=\"268\">\u2022 RAM:<\/strong> 16GB \u2013 64GB (128GB d\u0259st\u0259yi)<br data-start=\"296\" data-end=\"299\" \/><strong data-start=\"299\" data-end=\"311\">\u2022 Ekran:<\/strong> 16&#8243; FHD+ \/ 120Hz<br data-start=\"328\" data-end=\"331\" \/><strong data-start=\"331\" data-end=\"348\">\u2022 X\u00fcsusiyy\u0259t:<\/strong> Thunderbolt 5, Wi-Fi 7, vPro, AI NPU<br data-start=\"385\" data-end=\"388\" \/><strong data-start=\"388\" data-end=\"403\">\u2022 \u0130stifad\u0259:<\/strong> 3D, AI v\u0259 a\u011f\u0131r i\u015fl\u0259r \u00fc\u00e7\u00fcn ideal<\/p>","protected":false},"excerpt":{"rendered":"<p>\u2022 M\u0259hsul: Dell Pro Max 16 Plus Laptop MB16250\u2022 Kateqoriya:  [&#8230;]<\/p>","protected":false},"featured_media":12645,"comment_status":"open","ping_status":"closed","template":"","meta":[],"product_brand":[],"product_cat":[51],"product_tag":[],"class_list":{"0":"post-12644","1":"product","2":"type-product","3":"status-publish","4":"has-post-thumbnail","6":"product_cat-dell","7":"pa_mehsul-tipi-laptops","9":"first","10":"instock","11":"sold-individually","12":"shipping-taxable","13":"purchasable","14":"product-type-simple"},"_links":{"self":[{"href":"https:\/\/engitech.az\/en\/wp-json\/wp\/v2\/product\/12644","targetHints":{"allow":["GET"]}}],"collection":[{"href":"https:\/\/engitech.az\/en\/wp-json\/wp\/v2\/product"}],"about":[{"href":"https:\/\/engitech.az\/en\/wp-json\/wp\/v2\/types\/product"}],"replies":[{"embeddable":true,"href":"https:\/\/engitech.az\/en\/wp-json\/wp\/v2\/comments?post=12644"}],"wp:featuredmedia":[{"embeddable":true,"href":"https:\/\/engitech.az\/en\/wp-json\/wp\/v2\/media\/12645"}],"wp:attachment":[{"href":"https:\/\/engitech.az\/en\/wp-json\/wp\/v2\/media?parent=12644"}],"wp:term":[{"taxonomy":"product_brand","embeddable":true,"href":"https:\/\/engitech.az\/en\/wp-json\/wp\/v2\/product_brand?post=12644"},{"taxonomy":"product_cat","embeddable":true,"href":"https:\/\/engitech.az\/en\/wp-json\/wp\/v2\/product_cat?post=12644"},{"taxonomy":"product_tag","embeddable":true,"href":"https:\/\/engitech.az\/en\/wp-json\/wp\/v2\/product_tag?post=12644"}],"curies":[{"name":"wp","href":"https:\/\/api.w.org\/{rel}","templated":true}]}}