{"id":12648,"date":"2026-04-14T12:13:05","date_gmt":"2026-04-14T12:13:05","guid":{"rendered":"https:\/\/engitech.az\/?post_type=product&#038;p=12648"},"modified":"2026-04-14T12:13:05","modified_gmt":"2026-04-14T12:13:05","slug":"dell-pro-14-premium-laptop-modelpa14250","status":"publish","type":"product","link":"https:\/\/engitech.az\/en\/product\/dell-pro-14-premium-laptop-modelpa14250\/","title":{"rendered":"Dell Pro 14 Premium Laptop ModelPA14250"},"content":{"rendered":"<p><strong data-start=\"0\" data-end=\"13\">\u2022 M\u0259hsul:<\/strong> Dell Pro 14 Premium Laptop PA14250<br data-start=\"48\" data-end=\"51\" data-is-only-node=\"\" \/><strong data-start=\"51\" data-end=\"68\">\u2022 Kateqoriya:<\/strong> Premium biznes ultrabook laptop<br data-start=\"100\" data-end=\"103\" \/><strong data-start=\"103\" data-end=\"113\">\u2022 Tip:<\/strong> Korporativ AI noutbuk<br data-start=\"135\" data-end=\"138\" \/><strong data-start=\"138\" data-end=\"154\">\u2022 Prosessor:<\/strong> Intel Core Ultra 5 \/ Ultra 7 (vPro)<br data-start=\"190\" data-end=\"193\" \/><strong data-start=\"193\" data-end=\"203\">\u2022 RAM:<\/strong> 16GB \u2013 32GB LPDDR5x<br data-start=\"223\" data-end=\"226\" \/><strong data-start=\"226\" data-end=\"238\">\u2022 Ekran:<\/strong> 14&#8243; FHD+ \/ QHD+ OLED (Tandem)<br data-start=\"268\" data-end=\"271\" \/><strong data-start=\"271\" data-end=\"285\">\u2022 Qrafika:<\/strong> Intel Arc integrated<br data-start=\"306\" data-end=\"309\" \/><strong data-start=\"309\" data-end=\"326\">\u2022 X\u00fcsusiyy\u0259t:<\/strong> Wi-Fi 7, Thunderbolt 4, vPro, AI NPU<br data-start=\"363\" data-end=\"366\" \/><strong data-start=\"366\" data-end=\"381\">\u2022 \u0130stifad\u0259:<\/strong> Ofis v\u0259 biznes i\u015fl\u0259ri \u00fc\u00e7\u00fcn ideal<\/p>","protected":false},"excerpt":{"rendered":"<p>\u2022 M\u0259hsul: Dell Pro 14 Premium Laptop PA14250\u2022 Kateqoriya: Premium  [&#8230;]<\/p>","protected":false},"featured_media":12649,"comment_status":"open","ping_status":"closed","template":"","meta":[],"product_brand":[],"product_cat":[51],"product_tag":[],"class_list":{"0":"post-12648","1":"product","2":"type-product","3":"status-publish","4":"has-post-thumbnail","6":"product_cat-dell","7":"pa_mehsul-tipi-laptops","9":"first","10":"instock","11":"sold-individually","12":"shipping-taxable","13":"purchasable","14":"product-type-simple"},"_links":{"self":[{"href":"https:\/\/engitech.az\/en\/wp-json\/wp\/v2\/product\/12648","targetHints":{"allow":["GET"]}}],"collection":[{"href":"https:\/\/engitech.az\/en\/wp-json\/wp\/v2\/product"}],"about":[{"href":"https:\/\/engitech.az\/en\/wp-json\/wp\/v2\/types\/product"}],"replies":[{"embeddable":true,"href":"https:\/\/engitech.az\/en\/wp-json\/wp\/v2\/comments?post=12648"}],"wp:featuredmedia":[{"embeddable":true,"href":"https:\/\/engitech.az\/en\/wp-json\/wp\/v2\/media\/12649"}],"wp:attachment":[{"href":"https:\/\/engitech.az\/en\/wp-json\/wp\/v2\/media?parent=12648"}],"wp:term":[{"taxonomy":"product_brand","embeddable":true,"href":"https:\/\/engitech.az\/en\/wp-json\/wp\/v2\/product_brand?post=12648"},{"taxonomy":"product_cat","embeddable":true,"href":"https:\/\/engitech.az\/en\/wp-json\/wp\/v2\/product_cat?post=12648"},{"taxonomy":"product_tag","embeddable":true,"href":"https:\/\/engitech.az\/en\/wp-json\/wp\/v2\/product_tag?post=12648"}],"curies":[{"name":"wp","href":"https:\/\/api.w.org\/{rel}","templated":true}]}}