{"id":12652,"date":"2026-04-14T12:30:20","date_gmt":"2026-04-14T12:30:20","guid":{"rendered":"https:\/\/engitech.az\/?post_type=product&#038;p=12652"},"modified":"2026-04-14T12:33:20","modified_gmt":"2026-04-14T12:33:20","slug":"dell-tower-desktop-ect1250","status":"publish","type":"product","link":"https:\/\/engitech.az\/en\/product\/dell-tower-desktop-ect1250\/","title":{"rendered":"Dell Tower Desktop ECT1250"},"content":{"rendered":"<section class=\"text-token-text-primary w-full focus:outline-none [--shadow-height:45px] has-data-writing-block:pointer-events-none has-data-writing-block:-mt-(--shadow-height) has-data-writing-block:pt-(--shadow-height) [&amp;:has([data-writing-block])&gt;*]:pointer-events-auto R6Vx5W_threadScrollVars scroll-mb-[calc(var(--scroll-root-safe-area-inset-bottom,0px)+var(--thread-response-height))] scroll-mt-(--header-height)\" dir=\"auto\" data-turn-id=\"e730a0d4-b088-42ef-a220-33b1170d4f52\" data-testid=\"conversation-turn-265\" data-scroll-anchor=\"false\" data-turn=\"user\"><\/section>\n<section class=\"text-token-text-primary w-full focus:outline-none [--shadow-height:45px] has-data-writing-block:pointer-events-none has-data-writing-block:-mt-(--shadow-height) has-data-writing-block:pt-(--shadow-height) [&amp;:has([data-writing-block])&gt;*]:pointer-events-auto [content-visibility:auto] supports-[content-visibility:auto]:[contain-intrinsic-size:auto_100lvh] R6Vx5W_threadScrollVars scroll-mb-[calc(var(--scroll-root-safe-area-inset-bottom,0px)+var(--thread-response-height))] scroll-mt-[calc(var(--header-height)+min(200px,max(70px,20svh)))]\" dir=\"auto\" data-turn-id=\"request-69cf4c45-f204-8328-93e5-14ba9a887d7a-4\" data-testid=\"conversation-turn-266\" data-scroll-anchor=\"false\" data-turn=\"assistant\">\n<div class=\"text-base my-auto mx-auto pb-10 [--thread-content-margin:var(--thread-content-margin-xs,calc(var(--spacing)*4))] @w-sm\/main:[--thread-content-margin:var(--thread-content-margin-sm,calc(var(--spacing)*6))] @w-lg\/main:[--thread-content-margin:var(--thread-content-margin-lg,calc(var(--spacing)*16))] px-(--thread-content-margin)\">\n<div class=\"[--thread-content-max-width:40rem] @w-lg\/main:[--thread-content-max-width:48rem] mx-auto max-w-(--thread-content-max-width) flex-1 group\/turn-messages focus-visible:outline-hidden relative flex w-full min-w-0 flex-col agent-turn\">\n<div class=\"flex max-w-full flex-col gap-4 grow\">\n<div class=\"min-h-8 text-message relative flex w-full flex-col items-end gap-2 text-start break-words whitespace-normal outline-none keyboard-focused:focus-ring [.text-message+&amp;]:mt-1\" dir=\"auto\" tabindex=\"0\" data-message-author-role=\"assistant\" data-message-id=\"e92cdc3e-1937-4eec-a7d3-24ecb0866a1a\" data-message-model-slug=\"gpt-5-3\" data-turn-start-message=\"true\">\n<div class=\"flex w-full flex-col gap-1 empty:hidden\">\n<div class=\"markdown prose dark:prose-invert w-full wrap-break-word dark markdown-new-styling\">\n<p data-start=\"0\" data-end=\"349\" data-is-last-node=\"\" data-is-only-node=\"\"><strong data-start=\"0\" data-end=\"13\" data-is-only-node=\"\">\u2022 M\u0259hsul:<\/strong> Dell Tower Desktop ECT1250<br data-start=\"40\" data-end=\"43\" \/><strong data-start=\"43\" data-end=\"60\">\u2022 Kateqoriya:<\/strong> Desktop komp\u00fcter (tower)<br data-start=\"85\" data-end=\"88\" \/><strong data-start=\"88\" data-end=\"98\">\u2022 Tip:<\/strong> Ofis v\u0259 g\u00fcnd\u0259lik PC<br data-start=\"118\" data-end=\"121\" \/><strong data-start=\"121\" data-end=\"137\">\u2022 Prosessor:<\/strong> Intel Core Ultra 5 \/ 7<br data-start=\"160\" data-end=\"163\" \/><strong data-start=\"163\" data-end=\"173\">\u2022 RAM:<\/strong> 16GB \u2013 32GB<br data-start=\"185\" data-end=\"188\" \/><strong data-start=\"188\" data-end=\"201\">\u2022 Yadda\u015f:<\/strong> 512GB \u2013 1TB SSD<br data-start=\"217\" data-end=\"220\" \/><strong data-start=\"220\" data-end=\"234\">\u2022 Qrafika:<\/strong> Intel UHD<br data-start=\"244\" data-end=\"247\" \/><strong data-start=\"247\" data-end=\"264\">\u2022 X\u00fcsusiyy\u0259t:<\/strong> Kompakt dizayn, s\u0259ssiz i\u015fl\u0259m\u0259<br data-start=\"294\" data-end=\"297\" \/><strong data-start=\"297\" data-end=\"312\">\u2022 \u0130stifad\u0259:<\/strong> Ofis v\u0259 g\u00fcnd\u0259lik i\u015fl\u0259r \u00fc\u00e7\u00fcn ideal<\/p>\n<\/div>\n<\/div>\n<\/div>\n<\/div>\n<\/div>\n<\/div>\n<\/section>","protected":false},"excerpt":{"rendered":"<p>\u2022 M\u0259hsul: Dell Tower Desktop ECT1250\u2022 Kateqoriya: Desktop komp\u00fcter (tower)\u2022  [&#8230;]<\/p>","protected":false},"featured_media":12657,"comment_status":"open","ping_status":"closed","template":"","meta":[],"product_brand":[],"product_cat":[51],"product_tag":[],"class_list":{"0":"post-12652","1":"product","2":"type-product","3":"status-publish","4":"has-post-thumbnail","6":"product_cat-dell","7":"pa_mehsul-tipi-desktops-aios","9":"first","10":"instock","11":"sold-individually","12":"shipping-taxable","13":"purchasable","14":"product-type-simple"},"_links":{"self":[{"href":"https:\/\/engitech.az\/en\/wp-json\/wp\/v2\/product\/12652","targetHints":{"allow":["GET"]}}],"collection":[{"href":"https:\/\/engitech.az\/en\/wp-json\/wp\/v2\/product"}],"about":[{"href":"https:\/\/engitech.az\/en\/wp-json\/wp\/v2\/types\/product"}],"replies":[{"embeddable":true,"href":"https:\/\/engitech.az\/en\/wp-json\/wp\/v2\/comments?post=12652"}],"wp:featuredmedia":[{"embeddable":true,"href":"https:\/\/engitech.az\/en\/wp-json\/wp\/v2\/media\/12657"}],"wp:attachment":[{"href":"https:\/\/engitech.az\/en\/wp-json\/wp\/v2\/media?parent=12652"}],"wp:term":[{"taxonomy":"product_brand","embeddable":true,"href":"https:\/\/engitech.az\/en\/wp-json\/wp\/v2\/product_brand?post=12652"},{"taxonomy":"product_cat","embeddable":true,"href":"https:\/\/engitech.az\/en\/wp-json\/wp\/v2\/product_cat?post=12652"},{"taxonomy":"product_tag","embeddable":true,"href":"https:\/\/engitech.az\/en\/wp-json\/wp\/v2\/product_tag?post=12652"}],"curies":[{"name":"wp","href":"https:\/\/api.w.org\/{rel}","templated":true}]}}