{"id":12662,"date":"2026-04-14T12:38:34","date_gmt":"2026-04-14T12:38:34","guid":{"rendered":"https:\/\/engitech.az\/?post_type=product&#038;p=12662"},"modified":"2026-04-14T12:38:34","modified_gmt":"2026-04-14T12:38:34","slug":"dell-27-all-in-one-desktop-ec27250","status":"publish","type":"product","link":"https:\/\/engitech.az\/en\/product\/dell-27-all-in-one-desktop-ec27250\/","title":{"rendered":"Dell 27 All-in-One Desktop EC27250"},"content":{"rendered":"<p><strong data-start=\"0\" data-end=\"13\" data-is-only-node=\"\">\u2022 M\u0259hsul:<\/strong> Dell 27 All-in-One Desktop EC27250<br data-start=\"48\" data-end=\"51\" \/><strong data-start=\"51\" data-end=\"68\">\u2022 Kateqoriya:<\/strong> All-in-One desktop komp\u00fcter<br data-start=\"96\" data-end=\"99\" \/><strong data-start=\"99\" data-end=\"109\">\u2022 Tip:<\/strong> Monitor + PC bir yerd\u0259<br data-start=\"132\" data-end=\"135\" \/><strong data-start=\"135\" data-end=\"151\">\u2022 Prosessor:<\/strong> Intel Core i5 \/ Core 7<br data-start=\"174\" data-end=\"177\" \/><strong data-start=\"177\" data-end=\"187\">\u2022 RAM:<\/strong> 16GB \u2013 32GB<br data-start=\"199\" data-end=\"202\" \/><strong data-start=\"202\" data-end=\"215\">\u2022 Yadda\u015f:<\/strong> 512GB \u2013 1TB SSD<br data-start=\"231\" data-end=\"234\" \/><strong data-start=\"234\" data-end=\"246\">\u2022 Ekran:<\/strong> 27&#8243; FHD (touch opsiya)<br data-start=\"269\" data-end=\"272\" \/><strong data-start=\"272\" data-end=\"286\">\u2022 Qrafika:<\/strong> Intel Iris Xe \/ NVIDIA MX570A<br data-start=\"316\" data-end=\"319\" \/><strong data-start=\"319\" data-end=\"336\">\u2022 X\u00fcsusiyy\u0259t:<\/strong> Kompakt dizayn, kamera v\u0259 speaker<br data-start=\"370\" data-end=\"373\" \/><strong data-start=\"373\" data-end=\"388\">\u2022 \u0130stifad\u0259:<\/strong> Ofis v\u0259 ev \u00fc\u00e7\u00fcn ideal<\/p>","protected":false},"excerpt":{"rendered":"<p>\u2022 M\u0259hsul: Dell 27 All-in-One Desktop EC27250\u2022 Kateqoriya: All-in-One desktop  [&#8230;]<\/p>","protected":false},"featured_media":12663,"comment_status":"open","ping_status":"closed","template":"","meta":[],"product_brand":[],"product_cat":[51],"product_tag":[],"class_list":{"0":"post-12662","1":"product","2":"type-product","3":"status-publish","4":"has-post-thumbnail","6":"product_cat-dell","7":"pa_mehsul-tipi-desktops-aios","9":"first","10":"instock","11":"sold-individually","12":"shipping-taxable","13":"purchasable","14":"product-type-simple"},"_links":{"self":[{"href":"https:\/\/engitech.az\/en\/wp-json\/wp\/v2\/product\/12662","targetHints":{"allow":["GET"]}}],"collection":[{"href":"https:\/\/engitech.az\/en\/wp-json\/wp\/v2\/product"}],"about":[{"href":"https:\/\/engitech.az\/en\/wp-json\/wp\/v2\/types\/product"}],"replies":[{"embeddable":true,"href":"https:\/\/engitech.az\/en\/wp-json\/wp\/v2\/comments?post=12662"}],"wp:featuredmedia":[{"embeddable":true,"href":"https:\/\/engitech.az\/en\/wp-json\/wp\/v2\/media\/12663"}],"wp:attachment":[{"href":"https:\/\/engitech.az\/en\/wp-json\/wp\/v2\/media?parent=12662"}],"wp:term":[{"taxonomy":"product_brand","embeddable":true,"href":"https:\/\/engitech.az\/en\/wp-json\/wp\/v2\/product_brand?post=12662"},{"taxonomy":"product_cat","embeddable":true,"href":"https:\/\/engitech.az\/en\/wp-json\/wp\/v2\/product_cat?post=12662"},{"taxonomy":"product_tag","embeddable":true,"href":"https:\/\/engitech.az\/en\/wp-json\/wp\/v2\/product_tag?post=12662"}],"curies":[{"name":"wp","href":"https:\/\/api.w.org\/{rel}","templated":true}]}}