{"id":12667,"date":"2026-04-15T07:10:13","date_gmt":"2026-04-15T07:10:13","guid":{"rendered":"https:\/\/engitech.az\/?post_type=product&#038;p=12667"},"modified":"2026-04-15T07:10:13","modified_gmt":"2026-04-15T07:10:13","slug":"dell-pro-slim-plus-desktop-qbs1250","status":"publish","type":"product","link":"https:\/\/engitech.az\/en\/product\/dell-pro-slim-plus-desktop-qbs1250\/","title":{"rendered":"Dell Pro Slim Plus Desktop QBS1250"},"content":{"rendered":"<p><strong data-start=\"0\" data-end=\"13\">\u2022 M\u0259hsul:<\/strong> Dell Pro Slim Plus Desktop QBS1250<br data-start=\"48\" data-end=\"51\" data-is-only-node=\"\" \/><strong data-start=\"51\" data-end=\"68\">\u2022 Kateqoriya:<\/strong> Desktop komp\u00fcter (slim)<br data-start=\"92\" data-end=\"95\" \/><strong data-start=\"95\" data-end=\"105\">\u2022 Tip:<\/strong> Kompakt biznes PC<br data-start=\"123\" data-end=\"126\" \/><strong data-start=\"126\" data-end=\"142\">\u2022 Prosessor:<\/strong> Intel Core Ultra 5 \/ 7<br data-start=\"165\" data-end=\"168\" \/><strong data-start=\"168\" data-end=\"178\">\u2022 RAM:<\/strong> 8GB \u2013 32GB DDR5<br data-start=\"194\" data-end=\"197\" \/><strong data-start=\"197\" data-end=\"210\">\u2022 Yadda\u015f:<\/strong> 256GB \u2013 1TB SSD<br data-start=\"226\" data-end=\"229\" \/><strong data-start=\"229\" data-end=\"243\">\u2022 Qrafika:<\/strong> Intel integrated<br data-start=\"260\" data-end=\"263\" \/><strong data-start=\"263\" data-end=\"280\">\u2022 X\u00fcsusiyy\u0259t:<\/strong> Ki\u00e7ik \u00f6l\u00e7\u00fc, az enerji s\u0259rfiyyat\u0131, s\u0259ssiz i\u015fl\u0259m\u0259<br data-start=\"328\" data-end=\"331\" \/><strong data-start=\"331\" data-end=\"346\">\u2022 \u0130stifad\u0259:<\/strong> Ofis v\u0259 g\u00fcnd\u0259lik biznes i\u015fl\u0259ri \u00fc\u00e7\u00fcn ideal<\/p>","protected":false},"excerpt":{"rendered":"<p>\u2022 M\u0259hsul: Dell Pro Slim Plus Desktop QBS1250\u2022 Kateqoriya: Desktop  [&#8230;]<\/p>","protected":false},"featured_media":12668,"comment_status":"open","ping_status":"closed","template":"","meta":[],"product_brand":[],"product_cat":[51],"product_tag":[],"class_list":{"0":"post-12667","1":"product","2":"type-product","3":"status-publish","4":"has-post-thumbnail","6":"product_cat-dell","7":"pa_mehsul-tipi-desktops-aios","9":"first","10":"instock","11":"sold-individually","12":"shipping-taxable","13":"purchasable","14":"product-type-simple"},"_links":{"self":[{"href":"https:\/\/engitech.az\/en\/wp-json\/wp\/v2\/product\/12667","targetHints":{"allow":["GET"]}}],"collection":[{"href":"https:\/\/engitech.az\/en\/wp-json\/wp\/v2\/product"}],"about":[{"href":"https:\/\/engitech.az\/en\/wp-json\/wp\/v2\/types\/product"}],"replies":[{"embeddable":true,"href":"https:\/\/engitech.az\/en\/wp-json\/wp\/v2\/comments?post=12667"}],"wp:featuredmedia":[{"embeddable":true,"href":"https:\/\/engitech.az\/en\/wp-json\/wp\/v2\/media\/12668"}],"wp:attachment":[{"href":"https:\/\/engitech.az\/en\/wp-json\/wp\/v2\/media?parent=12667"}],"wp:term":[{"taxonomy":"product_brand","embeddable":true,"href":"https:\/\/engitech.az\/en\/wp-json\/wp\/v2\/product_brand?post=12667"},{"taxonomy":"product_cat","embeddable":true,"href":"https:\/\/engitech.az\/en\/wp-json\/wp\/v2\/product_cat?post=12667"},{"taxonomy":"product_tag","embeddable":true,"href":"https:\/\/engitech.az\/en\/wp-json\/wp\/v2\/product_tag?post=12667"}],"curies":[{"name":"wp","href":"https:\/\/api.w.org\/{rel}","templated":true}]}}