{"id":12674,"date":"2026-04-15T11:26:09","date_gmt":"2026-04-15T11:26:09","guid":{"rendered":"https:\/\/engitech.az\/?post_type=product&#038;p=12674"},"modified":"2026-04-15T11:26:09","modified_gmt":"2026-04-15T11:26:09","slug":"dell-pro-micro-plus-desktop-qbm1250","status":"publish","type":"product","link":"https:\/\/engitech.az\/en\/product\/dell-pro-micro-plus-desktop-qbm1250\/","title":{"rendered":"Dell Pro Micro Plus Desktop QBM1250"},"content":{"rendered":"<section class=\"text-token-text-primary w-full focus:outline-none [--shadow-height:45px] has-data-writing-block:pointer-events-none has-data-writing-block:-mt-(--shadow-height) has-data-writing-block:pt-(--shadow-height) [&amp;:has([data-writing-block])&gt;*]:pointer-events-auto R6Vx5W_threadScrollVars scroll-mb-[calc(var(--scroll-root-safe-area-inset-bottom,0px)+var(--thread-response-height))] scroll-mt-(--header-height)\" dir=\"auto\" data-turn-id=\"452c8bca-c1ab-4f64-aaea-a1f43eedb55a\" data-testid=\"conversation-turn-281\" data-scroll-anchor=\"false\" data-turn=\"user\"><\/section>\n<section class=\"text-token-text-primary w-full focus:outline-none [--shadow-height:45px] has-data-writing-block:pointer-events-none has-data-writing-block:-mt-(--shadow-height) has-data-writing-block:pt-(--shadow-height) [&amp;:has([data-writing-block])&gt;*]:pointer-events-auto [content-visibility:auto] supports-[content-visibility:auto]:[contain-intrinsic-size:auto_100lvh] R6Vx5W_threadScrollVars scroll-mb-[calc(var(--scroll-root-safe-area-inset-bottom,0px)+var(--thread-response-height))] scroll-mt-[calc(var(--header-height)+min(200px,max(70px,20svh)))]\" dir=\"auto\" data-turn-id=\"request-69cf4c45-f204-8328-93e5-14ba9a887d7a-0\" data-testid=\"conversation-turn-282\" data-scroll-anchor=\"false\" data-turn=\"assistant\">\n<div class=\"text-base my-auto mx-auto pb-10 [--thread-content-margin:var(--thread-content-margin-xs,calc(var(--spacing)*4))] @w-sm\/main:[--thread-content-margin:var(--thread-content-margin-sm,calc(var(--spacing)*6))] @w-lg\/main:[--thread-content-margin:var(--thread-content-margin-lg,calc(var(--spacing)*16))] px-(--thread-content-margin)\">\n<div class=\"[--thread-content-max-width:40rem] @w-lg\/main:[--thread-content-max-width:48rem] mx-auto max-w-(--thread-content-max-width) flex-1 group\/turn-messages focus-visible:outline-hidden relative flex w-full min-w-0 flex-col agent-turn\">\n<div class=\"flex max-w-full flex-col gap-4 grow\">\n<div class=\"min-h-8 text-message relative flex w-full flex-col items-end gap-2 text-start break-words whitespace-normal outline-none keyboard-focused:focus-ring [.text-message+&amp;]:mt-1\" dir=\"auto\" tabindex=\"0\" data-message-author-role=\"assistant\" data-message-id=\"41ed801b-c977-4061-a526-c03b5f1acfeb\" data-turn-start-message=\"true\" data-message-model-slug=\"gpt-5-3\">\n<div class=\"flex w-full flex-col gap-1 empty:hidden\">\n<div class=\"markdown prose dark:prose-invert w-full wrap-break-word dark markdown-new-styling\">\n<p data-start=\"0\" data-end=\"478\"><strong data-start=\"0\" data-end=\"13\">\u2022 M\u0259hsul:<\/strong> Dell Pro Micro Plus Desktop QBM1250<br data-start=\"49\" data-end=\"52\" data-is-only-node=\"\" \/><strong data-start=\"52\" data-end=\"69\">\u2022 Kateqoriya:<\/strong> Micro desktop komp\u00fcter<br data-start=\"92\" data-end=\"95\" \/><strong data-start=\"95\" data-end=\"105\">\u2022 Tip:<\/strong> Ultra kompakt biznes PC<br data-start=\"129\" data-end=\"132\" \/><strong data-start=\"132\" data-end=\"148\">\u2022 Prosessor:<\/strong> Intel Core Ultra 5 \/ 7 \/ 9<br data-start=\"175\" data-end=\"178\" \/><strong data-start=\"178\" data-end=\"188\">\u2022 RAM:<\/strong> 16GB \u2013 64GB DDR5<br data-start=\"205\" data-end=\"208\" \/><strong data-start=\"208\" data-end=\"221\">\u2022 Yadda\u015f:<\/strong> 256GB \u2013 1TB SSD<br data-start=\"237\" data-end=\"240\" \/><strong data-start=\"240\" data-end=\"254\">\u2022 Qrafika:<\/strong> Intel integrated<br data-start=\"271\" data-end=\"274\" \/><strong data-start=\"274\" data-end=\"291\">\u2022 X\u00fcsusiyy\u0259t:<\/strong> \u00c7ox ki\u00e7ik \u00f6l\u00e7\u00fc (~1.2 kg), Wi-Fi 6E, \u00e7oxlu portlar (USB-C, DisplayPort) <br data-start=\"400\" data-end=\"403\" \/><strong data-start=\"403\" data-end=\"418\">\u2022 \u0130stifad\u0259:<\/strong> Ofis, korporativ v\u0259 az yer tutan i\u015f m\u00fchitl\u0259ri \u00fc\u00e7\u00fcn ideal<\/p>\n<\/div>\n<\/div>\n<\/div>\n<\/div>\n<\/div>\n<\/div>\n<\/section>","protected":false},"excerpt":{"rendered":"<p>\u2022 M\u0259hsul: Dell Pro Micro Plus Desktop QBM1250\u2022 Kateqoriya: Micro  [&#8230;]<\/p>","protected":false},"featured_media":12675,"comment_status":"open","ping_status":"closed","template":"","meta":[],"product_brand":[],"product_cat":[51],"product_tag":[],"class_list":{"0":"post-12674","1":"product","2":"type-product","3":"status-publish","4":"has-post-thumbnail","6":"product_cat-dell","7":"pa_mehsul-tipi-desktops-aios","9":"first","10":"instock","11":"sold-individually","12":"shipping-taxable","13":"purchasable","14":"product-type-simple"},"_links":{"self":[{"href":"https:\/\/engitech.az\/en\/wp-json\/wp\/v2\/product\/12674","targetHints":{"allow":["GET"]}}],"collection":[{"href":"https:\/\/engitech.az\/en\/wp-json\/wp\/v2\/product"}],"about":[{"href":"https:\/\/engitech.az\/en\/wp-json\/wp\/v2\/types\/product"}],"replies":[{"embeddable":true,"href":"https:\/\/engitech.az\/en\/wp-json\/wp\/v2\/comments?post=12674"}],"wp:featuredmedia":[{"embeddable":true,"href":"https:\/\/engitech.az\/en\/wp-json\/wp\/v2\/media\/12675"}],"wp:attachment":[{"href":"https:\/\/engitech.az\/en\/wp-json\/wp\/v2\/media?parent=12674"}],"wp:term":[{"taxonomy":"product_brand","embeddable":true,"href":"https:\/\/engitech.az\/en\/wp-json\/wp\/v2\/product_brand?post=12674"},{"taxonomy":"product_cat","embeddable":true,"href":"https:\/\/engitech.az\/en\/wp-json\/wp\/v2\/product_cat?post=12674"},{"taxonomy":"product_tag","embeddable":true,"href":"https:\/\/engitech.az\/en\/wp-json\/wp\/v2\/product_tag?post=12674"}],"curies":[{"name":"wp","href":"https:\/\/api.w.org\/{rel}","templated":true}]}}