{"id":12676,"date":"2026-04-15T11:28:01","date_gmt":"2026-04-15T11:28:01","guid":{"rendered":"https:\/\/engitech.az\/?post_type=product&#038;p=12676"},"modified":"2026-04-15T11:28:01","modified_gmt":"2026-04-15T11:28:01","slug":"dell-pro-tower-desktop-qct1250","status":"publish","type":"product","link":"https:\/\/engitech.az\/en\/product\/dell-pro-tower-desktop-qct1250\/","title":{"rendered":"Dell Pro Tower Desktop QCT1250"},"content":{"rendered":"<p><strong data-start=\"0\" data-end=\"13\">\u2022 M\u0259hsul:<\/strong> Dell Pro Tower Desktop QCT1250<br data-start=\"44\" data-end=\"47\" data-is-only-node=\"\" \/><strong data-start=\"47\" data-end=\"64\">\u2022 Kateqoriya:<\/strong> Biznes desktop komp\u00fcter (tower)<br data-start=\"96\" data-end=\"99\" \/><strong data-start=\"99\" data-end=\"109\">\u2022 Tip:<\/strong> Korporativ v\u0259 geni\u015fl\u0259n\u0259 bil\u0259n PC<br data-start=\"142\" data-end=\"145\" \/><strong data-start=\"145\" data-end=\"161\">\u2022 Prosessor:<\/strong> Intel Core Ultra 5 \/ 7 \/ 9 v\u0259 ya Core i5 \/ i7 <br data-start=\"245\" data-end=\"248\" \/><strong data-start=\"248\" data-end=\"258\">\u2022 RAM:<\/strong> 8GB \u2013 128GB DDR5 <br data-start=\"313\" data-end=\"316\" \/><strong data-start=\"316\" data-end=\"329\">\u2022 Yadda\u015f:<\/strong> 256GB \u2013 1TB SSD (geni\u015fl\u0259n\u0259 bil\u0259r) <br data-start=\"401\" data-end=\"404\" \/><strong data-start=\"404\" data-end=\"418\">\u2022 Qrafika:<\/strong> Intel integrated \/ NVIDIA RTX opsiya <br data-start=\"493\" data-end=\"496\" \/><strong data-start=\"496\" data-end=\"513\">\u2022 X\u00fcsusiyy\u0259t:<\/strong> AI d\u0259st\u0259yi, y\u00fcks\u0259k t\u0259hl\u00fck\u0259sizlik, geni\u015f expandability <br data-start=\"605\" data-end=\"608\" \/><strong data-start=\"608\" data-end=\"623\">\u2022 \u0130stifad\u0259:<\/strong> Ofis, biznes v\u0259 professional i\u015fl\u0259r \u00fc\u00e7\u00fcn ideal<\/p>","protected":false},"excerpt":{"rendered":"<p>\u2022 M\u0259hsul: Dell Pro Tower Desktop QCT1250\u2022 Kateqoriya: Biznes desktop  [&#8230;]<\/p>","protected":false},"featured_media":12677,"comment_status":"open","ping_status":"closed","template":"","meta":[],"product_brand":[],"product_cat":[51],"product_tag":[],"class_list":{"0":"post-12676","1":"product","2":"type-product","3":"status-publish","4":"has-post-thumbnail","6":"product_cat-dell","7":"pa_mehsul-tipi-desktops-aios","9":"first","10":"instock","11":"sold-individually","12":"shipping-taxable","13":"purchasable","14":"product-type-simple"},"_links":{"self":[{"href":"https:\/\/engitech.az\/en\/wp-json\/wp\/v2\/product\/12676","targetHints":{"allow":["GET"]}}],"collection":[{"href":"https:\/\/engitech.az\/en\/wp-json\/wp\/v2\/product"}],"about":[{"href":"https:\/\/engitech.az\/en\/wp-json\/wp\/v2\/types\/product"}],"replies":[{"embeddable":true,"href":"https:\/\/engitech.az\/en\/wp-json\/wp\/v2\/comments?post=12676"}],"wp:featuredmedia":[{"embeddable":true,"href":"https:\/\/engitech.az\/en\/wp-json\/wp\/v2\/media\/12677"}],"wp:attachment":[{"href":"https:\/\/engitech.az\/en\/wp-json\/wp\/v2\/media?parent=12676"}],"wp:term":[{"taxonomy":"product_brand","embeddable":true,"href":"https:\/\/engitech.az\/en\/wp-json\/wp\/v2\/product_brand?post=12676"},{"taxonomy":"product_cat","embeddable":true,"href":"https:\/\/engitech.az\/en\/wp-json\/wp\/v2\/product_cat?post=12676"},{"taxonomy":"product_tag","embeddable":true,"href":"https:\/\/engitech.az\/en\/wp-json\/wp\/v2\/product_tag?post=12676"}],"curies":[{"name":"wp","href":"https:\/\/api.w.org\/{rel}","templated":true}]}}