{"id":12678,"date":"2026-04-15T11:29:52","date_gmt":"2026-04-15T11:29:52","guid":{"rendered":"https:\/\/engitech.az\/?post_type=product&#038;p=12678"},"modified":"2026-04-15T11:29:52","modified_gmt":"2026-04-15T11:29:52","slug":"dell-pro-24-all-in-one-35w-desktop-qc24251","status":"publish","type":"product","link":"https:\/\/engitech.az\/en\/product\/dell-pro-24-all-in-one-35w-desktop-qc24251\/","title":{"rendered":"Dell Pro 24 All-in-One 35W Desktop\u200b QC24251"},"content":{"rendered":"<p><strong data-start=\"0\" data-end=\"13\">\u2022 M\u0259hsul:<\/strong> Dell Pro 24 All-in-One Desktop QC24251 (35W)<br data-start=\"58\" data-end=\"61\" data-is-only-node=\"\" \/><strong data-start=\"61\" data-end=\"78\">\u2022 Kateqoriya:<\/strong> All-in-One desktop komp\u00fcter<br data-start=\"106\" data-end=\"109\" \/><strong data-start=\"109\" data-end=\"119\">\u2022 Tip:<\/strong> Monitor + PC bir yerd\u0259<br data-start=\"142\" data-end=\"145\" \/><strong data-start=\"145\" data-end=\"161\">\u2022 Prosessor:<\/strong> Intel Core Ultra 5 \/ Core i5 (35W enerji s\u0259m\u0259r\u0259li) <br data-start=\"250\" data-end=\"253\" \/><strong data-start=\"253\" data-end=\"263\">\u2022 RAM:<\/strong> 8GB \u2013 64GB DDR5 <br data-start=\"317\" data-end=\"320\" \/><strong data-start=\"320\" data-end=\"333\">\u2022 Yadda\u015f:<\/strong> 256GB \u2013 512GB SSD <br data-start=\"389\" data-end=\"392\" \/><strong data-start=\"392\" data-end=\"404\">\u2022 Ekran:<\/strong> 23.8&#8243; FHD, touch opsiya <br data-start=\"466\" data-end=\"469\" \/><strong data-start=\"469\" data-end=\"483\">\u2022 Qrafika:<\/strong> Intel integrated <br data-start=\"538\" data-end=\"541\" \/><strong data-start=\"541\" data-end=\"558\">\u2022 X\u00fcsusiyy\u0259t:<\/strong> Enerji q\u0259na\u0259tli 35W CPU, FHD HDR kamera, AI d\u0259st\u0259yi <br data-start=\"648\" data-end=\"651\" \/><strong data-start=\"651\" data-end=\"666\">\u2022 \u0130stifad\u0259:<\/strong> Ofis v\u0259 biznes \u00fc\u00e7\u00fcn kompakt v\u0259 effektiv h\u0259ll<\/p>","protected":false},"excerpt":{"rendered":"<p>\u2022 M\u0259hsul: Dell Pro 24 All-in-One Desktop QC24251 (35W)\u2022 Kateqoriya:  [&#8230;]<\/p>","protected":false},"featured_media":12679,"comment_status":"open","ping_status":"closed","template":"","meta":[],"product_brand":[],"product_cat":[51],"product_tag":[],"class_list":{"0":"post-12678","1":"product","2":"type-product","3":"status-publish","4":"has-post-thumbnail","6":"product_cat-dell","7":"pa_mehsul-tipi-desktops-aios","9":"first","10":"instock","11":"sold-individually","12":"shipping-taxable","13":"purchasable","14":"product-type-simple"},"_links":{"self":[{"href":"https:\/\/engitech.az\/en\/wp-json\/wp\/v2\/product\/12678","targetHints":{"allow":["GET"]}}],"collection":[{"href":"https:\/\/engitech.az\/en\/wp-json\/wp\/v2\/product"}],"about":[{"href":"https:\/\/engitech.az\/en\/wp-json\/wp\/v2\/types\/product"}],"replies":[{"embeddable":true,"href":"https:\/\/engitech.az\/en\/wp-json\/wp\/v2\/comments?post=12678"}],"wp:featuredmedia":[{"embeddable":true,"href":"https:\/\/engitech.az\/en\/wp-json\/wp\/v2\/media\/12679"}],"wp:attachment":[{"href":"https:\/\/engitech.az\/en\/wp-json\/wp\/v2\/media?parent=12678"}],"wp:term":[{"taxonomy":"product_brand","embeddable":true,"href":"https:\/\/engitech.az\/en\/wp-json\/wp\/v2\/product_brand?post=12678"},{"taxonomy":"product_cat","embeddable":true,"href":"https:\/\/engitech.az\/en\/wp-json\/wp\/v2\/product_cat?post=12678"},{"taxonomy":"product_tag","embeddable":true,"href":"https:\/\/engitech.az\/en\/wp-json\/wp\/v2\/product_tag?post=12678"}],"curies":[{"name":"wp","href":"https:\/\/api.w.org\/{rel}","templated":true}]}}