{"id":12684,"date":"2026-04-15T11:51:31","date_gmt":"2026-04-15T11:51:31","guid":{"rendered":"https:\/\/engitech.az\/?post_type=product&#038;p=12684"},"modified":"2026-04-15T11:51:31","modified_gmt":"2026-04-15T11:51:31","slug":"precision-7875-tower-workstation-7875","status":"publish","type":"product","link":"https:\/\/engitech.az\/en\/product\/precision-7875-tower-workstation-7875\/","title":{"rendered":"Precision 7875 Tower Workstation 7875"},"content":{"rendered":"<p><strong data-start=\"0\" data-end=\"13\">\u2022 M\u0259hsul:<\/strong> Dell Precision 7875 Tower Workstation<br data-start=\"51\" data-end=\"54\" data-is-only-node=\"\" \/><strong data-start=\"54\" data-end=\"71\">\u2022 Kateqoriya:<\/strong> Workstation desktop komp\u00fcter<br data-start=\"100\" data-end=\"103\" \/><strong data-start=\"103\" data-end=\"113\">\u2022 Tip:<\/strong> Ultra y\u00fcks\u0259k performansl\u0131 professional PC<br data-start=\"155\" data-end=\"158\" \/><strong data-start=\"158\" data-end=\"174\">\u2022 Prosessor:<\/strong> AMD Ryzen Threadripper PRO (12\u201332+ core) <br data-start=\"253\" data-end=\"256\" \/><strong data-start=\"256\" data-end=\"270\">\u2022 Qrafika:<\/strong> NVIDIA RTX A seriyas\u0131 \/ AMD Radeon Pro <br data-start=\"347\" data-end=\"350\" \/><strong data-start=\"350\" data-end=\"360\">\u2022 RAM:<\/strong> 16GB \u2013 128GB+ DDR5 ECC <br data-start=\"421\" data-end=\"424\" \/><strong data-start=\"424\" data-end=\"437\">\u2022 Yadda\u015f:<\/strong> 256GB \u2013 multi NVMe SSD <br data-start=\"498\" data-end=\"501\" \/><strong data-start=\"501\" data-end=\"518\">\u2022 X\u00fcsusiyy\u0259t:<\/strong> AI workload, y\u00fcks\u0259k expandability, 1000W\u20131350W PSU <br data-start=\"607\" data-end=\"610\" \/><strong data-start=\"610\" data-end=\"625\">\u2022 \u0130stifad\u0259:<\/strong> AI, 3D, render v\u0259 m\u00fch\u0259ndislik i\u015fl\u0259ri \u00fc\u00e7\u00fcn ideal<\/p>","protected":false},"excerpt":{"rendered":"<p>\u2022 M\u0259hsul: Dell Precision 7875 Tower Workstation\u2022 Kateqoriya: Workstation desktop  [&#8230;]<\/p>","protected":false},"featured_media":12685,"comment_status":"open","ping_status":"closed","template":"","meta":[],"product_brand":[],"product_cat":[51],"product_tag":[],"class_list":{"0":"post-12684","1":"product","2":"type-product","3":"status-publish","4":"has-post-thumbnail","6":"product_cat-dell","7":"pa_mehsul-tipi-desktops-aios","9":"first","10":"instock","11":"sold-individually","12":"shipping-taxable","13":"purchasable","14":"product-type-simple"},"_links":{"self":[{"href":"https:\/\/engitech.az\/en\/wp-json\/wp\/v2\/product\/12684","targetHints":{"allow":["GET"]}}],"collection":[{"href":"https:\/\/engitech.az\/en\/wp-json\/wp\/v2\/product"}],"about":[{"href":"https:\/\/engitech.az\/en\/wp-json\/wp\/v2\/types\/product"}],"replies":[{"embeddable":true,"href":"https:\/\/engitech.az\/en\/wp-json\/wp\/v2\/comments?post=12684"}],"wp:featuredmedia":[{"embeddable":true,"href":"https:\/\/engitech.az\/en\/wp-json\/wp\/v2\/media\/12685"}],"wp:attachment":[{"href":"https:\/\/engitech.az\/en\/wp-json\/wp\/v2\/media?parent=12684"}],"wp:term":[{"taxonomy":"product_brand","embeddable":true,"href":"https:\/\/engitech.az\/en\/wp-json\/wp\/v2\/product_brand?post=12684"},{"taxonomy":"product_cat","embeddable":true,"href":"https:\/\/engitech.az\/en\/wp-json\/wp\/v2\/product_cat?post=12684"},{"taxonomy":"product_tag","embeddable":true,"href":"https:\/\/engitech.az\/en\/wp-json\/wp\/v2\/product_tag?post=12684"}],"curies":[{"name":"wp","href":"https:\/\/api.w.org\/{rel}","templated":true}]}}