{"id":12686,"date":"2026-04-15T11:55:39","date_gmt":"2026-04-15T11:55:39","guid":{"rendered":"https:\/\/engitech.az\/?post_type=product&#038;p=12686"},"modified":"2026-04-15T11:55:39","modified_gmt":"2026-04-15T11:55:39","slug":"optiplex-3000-thin-client-3000","status":"publish","type":"product","link":"https:\/\/engitech.az\/en\/product\/optiplex-3000-thin-client-3000\/","title":{"rendered":"OptiPlex 3000 Thin Client 3000"},"content":{"rendered":"<p><strong data-start=\"0\" data-end=\"13\">\u2022 M\u0259hsul:<\/strong> Dell OptiPlex 3000 Thin Client<br data-start=\"44\" data-end=\"47\" data-is-only-node=\"\" \/><strong data-start=\"47\" data-end=\"64\">\u2022 Kateqoriya:<\/strong> Thin client desktop<br data-start=\"84\" data-end=\"87\" \/><strong data-start=\"87\" data-end=\"97\">\u2022 Tip:<\/strong> Virtual desktop (VDI) \u00fc\u00e7\u00fcn kompakt PC<br data-start=\"135\" data-end=\"138\" \/><strong data-start=\"138\" data-end=\"154\">\u2022 Prosessor:<\/strong> Intel Celeron N5105 \/ Pentium N6005 <br data-start=\"228\" data-end=\"231\" \/><strong data-start=\"231\" data-end=\"241\">\u2022 RAM:<\/strong> 8GB \u2013 16GB DDR4 <br data-start=\"295\" data-end=\"298\" \/><strong data-start=\"298\" data-end=\"311\">\u2022 Yadda\u015f:<\/strong> 64GB eMMC \/ SSD opsiya <br data-start=\"372\" data-end=\"375\" \/><strong data-start=\"375\" data-end=\"389\">\u2022 Qrafika:<\/strong> Intel integrated <br data-start=\"444\" data-end=\"447\" \/><strong data-start=\"447\" data-end=\"464\">\u2022 X\u00fcsusiyy\u0259t:<\/strong> ThinOS \/ Windows IoT, t\u0259hl\u00fck\u0259siz v\u0259 cloud \u0259sasl\u0131 i\u015f <br data-start=\"554\" data-end=\"557\" \/><strong data-start=\"557\" data-end=\"572\">\u2022 \u0130stifad\u0259:<\/strong> VDI, remote desktop v\u0259 korporativ sisteml\u0259r \u00fc\u00e7\u00fcn ideal<\/p>","protected":false},"excerpt":{"rendered":"<p>\u2022 M\u0259hsul: Dell OptiPlex 3000 Thin Client\u2022 Kateqoriya: Thin client  [&#8230;]<\/p>","protected":false},"featured_media":12687,"comment_status":"open","ping_status":"closed","template":"","meta":[],"product_brand":[],"product_cat":[51],"product_tag":[],"class_list":{"0":"post-12686","1":"product","2":"type-product","3":"status-publish","4":"has-post-thumbnail","6":"product_cat-dell","7":"pa_mehsul-tipi-desktops-aios","9":"first","10":"instock","11":"sold-individually","12":"shipping-taxable","13":"purchasable","14":"product-type-simple"},"_links":{"self":[{"href":"https:\/\/engitech.az\/en\/wp-json\/wp\/v2\/product\/12686","targetHints":{"allow":["GET"]}}],"collection":[{"href":"https:\/\/engitech.az\/en\/wp-json\/wp\/v2\/product"}],"about":[{"href":"https:\/\/engitech.az\/en\/wp-json\/wp\/v2\/types\/product"}],"replies":[{"embeddable":true,"href":"https:\/\/engitech.az\/en\/wp-json\/wp\/v2\/comments?post=12686"}],"wp:featuredmedia":[{"embeddable":true,"href":"https:\/\/engitech.az\/en\/wp-json\/wp\/v2\/media\/12687"}],"wp:attachment":[{"href":"https:\/\/engitech.az\/en\/wp-json\/wp\/v2\/media?parent=12686"}],"wp:term":[{"taxonomy":"product_brand","embeddable":true,"href":"https:\/\/engitech.az\/en\/wp-json\/wp\/v2\/product_brand?post=12686"},{"taxonomy":"product_cat","embeddable":true,"href":"https:\/\/engitech.az\/en\/wp-json\/wp\/v2\/product_cat?post=12686"},{"taxonomy":"product_tag","embeddable":true,"href":"https:\/\/engitech.az\/en\/wp-json\/wp\/v2\/product_tag?post=12686"}],"curies":[{"name":"wp","href":"https:\/\/api.w.org\/{rel}","templated":true}]}}