{"id":12688,"date":"2026-04-15T11:59:12","date_gmt":"2026-04-15T11:59:12","guid":{"rendered":"https:\/\/engitech.az\/?post_type=product&#038;p=12688"},"modified":"2026-04-15T11:59:12","modified_gmt":"2026-04-15T11:59:12","slug":"dell-pro-tower-essential-desktop-qvt1260","status":"publish","type":"product","link":"https:\/\/engitech.az\/en\/product\/dell-pro-tower-essential-desktop-qvt1260\/","title":{"rendered":"Dell Pro Tower Essential Desktop QVT1260"},"content":{"rendered":"<p><strong data-start=\"0\" data-end=\"13\">\u2022 M\u0259hsul:<\/strong> Dell Pro Tower Essential Desktop QVT1260<br data-start=\"54\" data-end=\"57\" data-is-only-node=\"\" \/><strong data-start=\"57\" data-end=\"74\">\u2022 Kateqoriya:<\/strong> Biznes desktop komp\u00fcter (tower)<br data-start=\"106\" data-end=\"109\" \/><strong data-start=\"109\" data-end=\"119\">\u2022 Tip:<\/strong> Giri\u015f s\u0259viyy\u0259li korporativ PC<br data-start=\"149\" data-end=\"152\" \/><strong data-start=\"152\" data-end=\"168\">\u2022 Prosessor:<\/strong> Intel Core i3 \/ i5 \/ Ultra 5<br data-start=\"197\" data-end=\"200\" \/><strong data-start=\"200\" data-end=\"210\">\u2022 RAM:<\/strong> 8GB \u2013 32GB DDR5<br data-start=\"226\" data-end=\"229\" \/><strong data-start=\"229\" data-end=\"242\">\u2022 Yadda\u015f:<\/strong> 256GB \u2013 1TB SSD<br data-start=\"258\" data-end=\"261\" \/><strong data-start=\"261\" data-end=\"275\">\u2022 Qrafika:<\/strong> Intel integrated<br data-start=\"292\" data-end=\"295\" \/><strong data-start=\"295\" data-end=\"312\">\u2022 X\u00fcsusiyy\u0259t:<\/strong> T\u0259hl\u00fck\u0259sizlik, sad\u0259 idar\u0259etm\u0259, geni\u015fl\u0259n\u0259 bil\u0259n qurulu\u015f<br data-start=\"367\" data-end=\"370\" \/><strong data-start=\"370\" data-end=\"385\">\u2022 \u0130stifad\u0259:<\/strong> Ofis v\u0259 g\u00fcnd\u0259lik biznes i\u015fl\u0259ri \u00fc\u00e7\u00fcn ideal<\/p>","protected":false},"excerpt":{"rendered":"<p>\u2022 M\u0259hsul: Dell Pro Tower Essential Desktop QVT1260\u2022 Kateqoriya: Biznes  [&#8230;]<\/p>","protected":false},"featured_media":12689,"comment_status":"open","ping_status":"closed","template":"","meta":[],"product_brand":[],"product_cat":[51],"product_tag":[],"class_list":{"0":"post-12688","1":"product","2":"type-product","3":"status-publish","4":"has-post-thumbnail","6":"product_cat-dell","7":"pa_mehsul-tipi-desktops-aios","9":"first","10":"instock","11":"sold-individually","12":"shipping-taxable","13":"purchasable","14":"product-type-simple"},"_links":{"self":[{"href":"https:\/\/engitech.az\/en\/wp-json\/wp\/v2\/product\/12688","targetHints":{"allow":["GET"]}}],"collection":[{"href":"https:\/\/engitech.az\/en\/wp-json\/wp\/v2\/product"}],"about":[{"href":"https:\/\/engitech.az\/en\/wp-json\/wp\/v2\/types\/product"}],"replies":[{"embeddable":true,"href":"https:\/\/engitech.az\/en\/wp-json\/wp\/v2\/comments?post=12688"}],"wp:featuredmedia":[{"embeddable":true,"href":"https:\/\/engitech.az\/en\/wp-json\/wp\/v2\/media\/12689"}],"wp:attachment":[{"href":"https:\/\/engitech.az\/en\/wp-json\/wp\/v2\/media?parent=12688"}],"wp:term":[{"taxonomy":"product_brand","embeddable":true,"href":"https:\/\/engitech.az\/en\/wp-json\/wp\/v2\/product_brand?post=12688"},{"taxonomy":"product_cat","embeddable":true,"href":"https:\/\/engitech.az\/en\/wp-json\/wp\/v2\/product_cat?post=12688"},{"taxonomy":"product_tag","embeddable":true,"href":"https:\/\/engitech.az\/en\/wp-json\/wp\/v2\/product_tag?post=12688"}],"curies":[{"name":"wp","href":"https:\/\/api.w.org\/{rel}","templated":true}]}}