{"id":12690,"date":"2026-04-15T12:39:49","date_gmt":"2026-04-15T12:39:49","guid":{"rendered":"https:\/\/engitech.az\/?post_type=product&#038;p=12690"},"modified":"2026-04-15T12:40:55","modified_gmt":"2026-04-15T12:40:55","slug":"dell-pro-14-plus-portable-monitor-p1425","status":"publish","type":"product","link":"https:\/\/engitech.az\/en\/product\/dell-pro-14-plus-portable-monitor-p1425\/","title":{"rendered":"Dell Pro 14 Plus Portable Monitor &#8211; P1425"},"content":{"rendered":"<p><strong data-start=\"0\" data-end=\"13\" data-is-only-node=\"\">\u2022 M\u0259hsul:<\/strong> Dell Pro 14 Plus Portable Monitor P1425<br data-start=\"53\" data-end=\"56\" \/><strong data-start=\"56\" data-end=\"73\">\u2022 Kateqoriya:<\/strong> Portable monitor<br data-start=\"90\" data-end=\"93\" \/><strong data-start=\"93\" data-end=\"103\">\u2022 Tip:<\/strong> USB-C portativ ekran<br data-start=\"124\" data-end=\"127\" \/><strong data-start=\"127\" data-end=\"139\">\u2022 Ekran:<\/strong> 14&#8243; IPS, WUXGA<br data-start=\"154\" data-end=\"157\" \/><strong data-start=\"157\" data-end=\"173\">\u2022 Parlaql\u0131q:<\/strong> ~400 nit<br data-start=\"182\" data-end=\"185\" \/><strong data-start=\"185\" data-end=\"199\">\u2022 Portlar:<\/strong> USB-C (power pass-through)<br data-start=\"226\" data-end=\"229\" \/><strong data-start=\"229\" data-end=\"246\">\u2022 X\u00fcsusiyy\u0259t:<\/strong> Y\u00fcng\u00fcl, nazik, auto-rotation<br data-start=\"275\" data-end=\"278\" \/><strong data-start=\"278\" data-end=\"293\">\u2022 \u0130stifad\u0259:<\/strong> Mobil i\u015f v\u0259 ikinci ekran \u00fc\u00e7\u00fcn ideal<\/p>","protected":false},"excerpt":{"rendered":"<p>\u2022 M\u0259hsul: Dell Pro 14 Plus Portable Monitor P1425\u2022 Kateqoriya:  [&#8230;]<\/p>","protected":false},"featured_media":12696,"comment_status":"open","ping_status":"closed","template":"","meta":[],"product_brand":[],"product_cat":[51],"product_tag":[],"class_list":{"0":"post-12690","1":"product","2":"type-product","3":"status-publish","4":"has-post-thumbnail","6":"product_cat-dell","7":"pa_mehsul-tipi-monitors","9":"first","10":"instock","11":"sold-individually","12":"shipping-taxable","13":"purchasable","14":"product-type-simple"},"_links":{"self":[{"href":"https:\/\/engitech.az\/en\/wp-json\/wp\/v2\/product\/12690","targetHints":{"allow":["GET"]}}],"collection":[{"href":"https:\/\/engitech.az\/en\/wp-json\/wp\/v2\/product"}],"about":[{"href":"https:\/\/engitech.az\/en\/wp-json\/wp\/v2\/types\/product"}],"replies":[{"embeddable":true,"href":"https:\/\/engitech.az\/en\/wp-json\/wp\/v2\/comments?post=12690"}],"wp:featuredmedia":[{"embeddable":true,"href":"https:\/\/engitech.az\/en\/wp-json\/wp\/v2\/media\/12696"}],"wp:attachment":[{"href":"https:\/\/engitech.az\/en\/wp-json\/wp\/v2\/media?parent=12690"}],"wp:term":[{"taxonomy":"product_brand","embeddable":true,"href":"https:\/\/engitech.az\/en\/wp-json\/wp\/v2\/product_brand?post=12690"},{"taxonomy":"product_cat","embeddable":true,"href":"https:\/\/engitech.az\/en\/wp-json\/wp\/v2\/product_cat?post=12690"},{"taxonomy":"product_tag","embeddable":true,"href":"https:\/\/engitech.az\/en\/wp-json\/wp\/v2\/product_tag?post=12690"}],"curies":[{"name":"wp","href":"https:\/\/api.w.org\/{rel}","templated":true}]}}