{"id":12699,"date":"2026-04-15T12:43:50","date_gmt":"2026-04-15T12:43:50","guid":{"rendered":"https:\/\/engitech.az\/?post_type=product&#038;p=12699"},"modified":"2026-04-15T12:43:50","modified_gmt":"2026-04-15T12:43:50","slug":"dell-24-monitor-se2426h","status":"publish","type":"product","link":"https:\/\/engitech.az\/en\/product\/dell-24-monitor-se2426h\/","title":{"rendered":"Dell 24 Monitor &#8211; SE2426H"},"content":{"rendered":"<p><strong data-start=\"0\" data-end=\"13\">\u2022 M\u0259hsul:<\/strong> Dell 24 Monitor SE2426H<br data-start=\"37\" data-end=\"40\" data-is-only-node=\"\" \/><strong data-start=\"40\" data-end=\"57\">\u2022 Kateqoriya:<\/strong> Desktop monitor<br data-start=\"73\" data-end=\"76\" \/><strong data-start=\"76\" data-end=\"86\">\u2022 Tip:<\/strong> G\u00fcnd\u0259lik istifad\u0259 \u00fc\u00e7\u00fcn 24&#8243; ekran<br data-start=\"119\" data-end=\"122\" \/><strong data-start=\"122\" data-end=\"134\">\u2022 Ekran:<\/strong> 23.8&#8243; FHD (1920\u00d71080), IPS<br data-start=\"161\" data-end=\"164\" \/><strong data-start=\"164\" data-end=\"186\">\u2022 Yenil\u0259m\u0259 s\u00fcr\u0259ti:<\/strong> 144Hz<br data-start=\"192\" data-end=\"195\" \/><strong data-start=\"195\" data-end=\"212\">\u2022 X\u00fcsusiyy\u0259t:<\/strong> AMD FreeSync, 1ms MPRT<br data-start=\"235\" data-end=\"238\" \/><strong data-start=\"238\" data-end=\"252\">\u2022 Portlar:<\/strong> 2\u00d7 HDMI<br data-start=\"260\" data-end=\"263\" \/><strong data-start=\"263\" data-end=\"278\">\u2022 \u0130stifad\u0259:<\/strong> Ofis v\u0259 g\u00fcnd\u0259lik i\u015fl\u0259r \u00fc\u00e7\u00fcn ideal<\/p>","protected":false},"excerpt":{"rendered":"<p>\u2022 M\u0259hsul: Dell 24 Monitor SE2426H\u2022 Kateqoriya: Desktop monitor\u2022 Tip:  [&#8230;]<\/p>","protected":false},"featured_media":12701,"comment_status":"open","ping_status":"closed","template":"","meta":[],"product_brand":[],"product_cat":[51],"product_tag":[],"class_list":{"0":"post-12699","1":"product","2":"type-product","3":"status-publish","4":"has-post-thumbnail","6":"product_cat-dell","7":"pa_mehsul-tipi-monitors","9":"first","10":"instock","11":"sold-individually","12":"shipping-taxable","13":"purchasable","14":"product-type-simple"},"_links":{"self":[{"href":"https:\/\/engitech.az\/en\/wp-json\/wp\/v2\/product\/12699","targetHints":{"allow":["GET"]}}],"collection":[{"href":"https:\/\/engitech.az\/en\/wp-json\/wp\/v2\/product"}],"about":[{"href":"https:\/\/engitech.az\/en\/wp-json\/wp\/v2\/types\/product"}],"replies":[{"embeddable":true,"href":"https:\/\/engitech.az\/en\/wp-json\/wp\/v2\/comments?post=12699"}],"wp:featuredmedia":[{"embeddable":true,"href":"https:\/\/engitech.az\/en\/wp-json\/wp\/v2\/media\/12701"}],"wp:attachment":[{"href":"https:\/\/engitech.az\/en\/wp-json\/wp\/v2\/media?parent=12699"}],"wp:term":[{"taxonomy":"product_brand","embeddable":true,"href":"https:\/\/engitech.az\/en\/wp-json\/wp\/v2\/product_brand?post=12699"},{"taxonomy":"product_cat","embeddable":true,"href":"https:\/\/engitech.az\/en\/wp-json\/wp\/v2\/product_cat?post=12699"},{"taxonomy":"product_tag","embeddable":true,"href":"https:\/\/engitech.az\/en\/wp-json\/wp\/v2\/product_tag?post=12699"}],"curies":[{"name":"wp","href":"https:\/\/api.w.org\/{rel}","templated":true}]}}