{"id":12702,"date":"2026-04-15T12:59:36","date_gmt":"2026-04-15T12:59:36","guid":{"rendered":"https:\/\/engitech.az\/?post_type=product&#038;p=12702"},"modified":"2026-04-15T12:59:36","modified_gmt":"2026-04-15T12:59:36","slug":"dell-pro-p-24-usb-c-hub-monitor-p2426he","status":"publish","type":"product","link":"https:\/\/engitech.az\/en\/product\/dell-pro-p-24-usb-c-hub-monitor-p2426he\/","title":{"rendered":"Dell Pro P 24 USB-C Hub Monitor &#8211; P2426HE"},"content":{"rendered":"<p><strong data-start=\"0\" data-end=\"13\" data-is-only-node=\"\">\u2022 M\u0259hsul:<\/strong> Dell Pro P 24 USB-C Hub Monitor P2426HE<br data-start=\"53\" data-end=\"56\" \/><strong data-start=\"56\" data-end=\"73\">\u2022 Kateqoriya:<\/strong> USB-C hub monitor<br data-start=\"91\" data-end=\"94\" \/><strong data-start=\"94\" data-end=\"104\">\u2022 Tip:<\/strong> Biznes monitor<br data-start=\"119\" data-end=\"122\" \/><strong data-start=\"122\" data-end=\"134\">\u2022 Ekran:<\/strong> 23.8&#8243; FHD IPS<br data-start=\"148\" data-end=\"151\" \/><strong data-start=\"151\" data-end=\"165\">\u2022 Portlar:<\/strong> USB-C (100W), HDMI, DP, RJ45<br data-start=\"194\" data-end=\"197\" \/><strong data-start=\"197\" data-end=\"214\">\u2022 X\u00fcsusiyy\u0259t:<\/strong> USB hub, t\u0259k kabel ba\u011flant\u0131<br data-start=\"242\" data-end=\"245\" \/><strong data-start=\"245\" data-end=\"262\">\u2022 Ergonomika:<\/strong> H\u00fcnd\u00fcrl\u00fck, pivot, tilt<br data-start=\"285\" data-end=\"288\" \/><strong data-start=\"288\" data-end=\"303\">\u2022 \u0130stifad\u0259:<\/strong> Ofis v\u0259 laptop docking \u00fc\u00e7\u00fcn ideal<\/p>","protected":false},"excerpt":{"rendered":"<p>\u2022 M\u0259hsul: Dell Pro P 24 USB-C Hub Monitor P2426HE\u2022  [&#8230;]<\/p>","protected":false},"featured_media":12704,"comment_status":"open","ping_status":"closed","template":"","meta":[],"product_brand":[],"product_cat":[51],"product_tag":[],"class_list":{"0":"post-12702","1":"product","2":"type-product","3":"status-publish","4":"has-post-thumbnail","6":"product_cat-dell","7":"pa_mehsul-tipi-monitors","9":"first","10":"instock","11":"sold-individually","12":"shipping-taxable","13":"purchasable","14":"product-type-simple"},"_links":{"self":[{"href":"https:\/\/engitech.az\/en\/wp-json\/wp\/v2\/product\/12702","targetHints":{"allow":["GET"]}}],"collection":[{"href":"https:\/\/engitech.az\/en\/wp-json\/wp\/v2\/product"}],"about":[{"href":"https:\/\/engitech.az\/en\/wp-json\/wp\/v2\/types\/product"}],"replies":[{"embeddable":true,"href":"https:\/\/engitech.az\/en\/wp-json\/wp\/v2\/comments?post=12702"}],"wp:featuredmedia":[{"embeddable":true,"href":"https:\/\/engitech.az\/en\/wp-json\/wp\/v2\/media\/12704"}],"wp:attachment":[{"href":"https:\/\/engitech.az\/en\/wp-json\/wp\/v2\/media?parent=12702"}],"wp:term":[{"taxonomy":"product_brand","embeddable":true,"href":"https:\/\/engitech.az\/en\/wp-json\/wp\/v2\/product_brand?post=12702"},{"taxonomy":"product_cat","embeddable":true,"href":"https:\/\/engitech.az\/en\/wp-json\/wp\/v2\/product_cat?post=12702"},{"taxonomy":"product_tag","embeddable":true,"href":"https:\/\/engitech.az\/en\/wp-json\/wp\/v2\/product_tag?post=12702"}],"curies":[{"name":"wp","href":"https:\/\/api.w.org\/{rel}","templated":true}]}}