{"id":12705,"date":"2026-04-15T13:04:19","date_gmt":"2026-04-15T13:04:19","guid":{"rendered":"https:\/\/engitech.az\/?post_type=product&#038;p=12705"},"modified":"2026-04-15T13:04:19","modified_gmt":"2026-04-15T13:04:19","slug":"dell-24-240hz-adjustable-stand-monitor-se2426hgs","status":"publish","type":"product","link":"https:\/\/engitech.az\/en\/product\/dell-24-240hz-adjustable-stand-monitor-se2426hgs\/","title":{"rendered":"Dell 24 240Hz Adjustable Stand Monitor &#8211; SE2426HGS"},"content":{"rendered":"<p><strong data-start=\"0\" data-end=\"13\">\u2022 M\u0259hsul:<\/strong> Dell 24 240Hz Adjustable Stand Monitor SE2426HGS<br data-start=\"62\" data-end=\"65\" data-is-only-node=\"\" \/><strong data-start=\"65\" data-end=\"82\">\u2022 Kateqoriya:<\/strong> Gaming monitor<br data-start=\"97\" data-end=\"100\" \/><strong data-start=\"100\" data-end=\"110\">\u2022 Tip:<\/strong> Y\u00fcks\u0259k refresh rate monitor<br data-start=\"138\" data-end=\"141\" \/><strong data-start=\"141\" data-end=\"153\">\u2022 Ekran:<\/strong> 23.8&#8243; FHD IPS<br data-start=\"167\" data-end=\"170\" \/><strong data-start=\"170\" data-end=\"192\">\u2022 Yenil\u0259m\u0259 s\u00fcr\u0259ti:<\/strong> 240Hz<br data-start=\"198\" data-end=\"201\" \/><strong data-start=\"201\" data-end=\"218\">\u2022 X\u00fcsusiyy\u0259t:<\/strong> 0.5ms response time, FreeSync, HDR<br data-start=\"253\" data-end=\"256\" \/><strong data-start=\"256\" data-end=\"270\">\u2022 Portlar:<\/strong> HDMI, DisplayPort<br data-start=\"288\" data-end=\"291\" \/><strong data-start=\"291\" data-end=\"306\">\u2022 \u0130stifad\u0259:<\/strong> Oyun v\u0259 s\u00fcr\u0259tli h\u0259r\u0259k\u0259tli g\u00f6r\u00fcnt\u00fcl\u0259r \u00fc\u00e7\u00fcn ideal<\/p>","protected":false},"excerpt":{"rendered":"<p>\u2022 M\u0259hsul: Dell 24 240Hz Adjustable Stand Monitor SE2426HGS\u2022 Kateqoriya:  [&#8230;]<\/p>","protected":false},"featured_media":12707,"comment_status":"open","ping_status":"closed","template":"","meta":[],"product_brand":[],"product_cat":[51],"product_tag":[],"class_list":{"0":"post-12705","1":"product","2":"type-product","3":"status-publish","4":"has-post-thumbnail","6":"product_cat-dell","7":"pa_mehsul-tipi-monitors","9":"first","10":"instock","11":"sold-individually","12":"shipping-taxable","13":"purchasable","14":"product-type-simple"},"_links":{"self":[{"href":"https:\/\/engitech.az\/en\/wp-json\/wp\/v2\/product\/12705","targetHints":{"allow":["GET"]}}],"collection":[{"href":"https:\/\/engitech.az\/en\/wp-json\/wp\/v2\/product"}],"about":[{"href":"https:\/\/engitech.az\/en\/wp-json\/wp\/v2\/types\/product"}],"replies":[{"embeddable":true,"href":"https:\/\/engitech.az\/en\/wp-json\/wp\/v2\/comments?post=12705"}],"wp:featuredmedia":[{"embeddable":true,"href":"https:\/\/engitech.az\/en\/wp-json\/wp\/v2\/media\/12707"}],"wp:attachment":[{"href":"https:\/\/engitech.az\/en\/wp-json\/wp\/v2\/media?parent=12705"}],"wp:term":[{"taxonomy":"product_brand","embeddable":true,"href":"https:\/\/engitech.az\/en\/wp-json\/wp\/v2\/product_brand?post=12705"},{"taxonomy":"product_cat","embeddable":true,"href":"https:\/\/engitech.az\/en\/wp-json\/wp\/v2\/product_cat?post=12705"},{"taxonomy":"product_tag","embeddable":true,"href":"https:\/\/engitech.az\/en\/wp-json\/wp\/v2\/product_tag?post=12705"}],"curies":[{"name":"wp","href":"https:\/\/api.w.org\/{rel}","templated":true}]}}