{"id":12708,"date":"2026-04-15T13:07:09","date_gmt":"2026-04-15T13:07:09","guid":{"rendered":"https:\/\/engitech.az\/?post_type=product&#038;p=12708"},"modified":"2026-04-15T13:07:09","modified_gmt":"2026-04-15T13:07:09","slug":"dell-pro-24-plus-monitor-p2425h","status":"publish","type":"product","link":"https:\/\/engitech.az\/en\/product\/dell-pro-24-plus-monitor-p2425h\/","title":{"rendered":"Dell Pro 24 Plus Monitor &#8211; P2425H"},"content":{"rendered":"<p><strong data-start=\"0\" data-end=\"13\">\u2022 M\u0259hsul:<\/strong> Dell Pro 24 Plus Monitor P2425H<br data-start=\"45\" data-end=\"48\" data-is-only-node=\"\" \/><strong data-start=\"48\" data-end=\"65\">\u2022 Kateqoriya:<\/strong> Office monitor<br data-start=\"80\" data-end=\"83\" \/><strong data-start=\"83\" data-end=\"93\">\u2022 Tip:<\/strong> G\u00fcnd\u0259lik istifad\u0259 \u00fc\u00e7\u00fcn 24&#8243; ekran<br data-start=\"126\" data-end=\"129\" \/><strong data-start=\"129\" data-end=\"141\">\u2022 Ekran:<\/strong> 23.8&#8243; FHD IPS, 100Hz <br data-start=\"200\" data-end=\"203\" \/><strong data-start=\"203\" data-end=\"220\">\u2022 X\u00fcsusiyy\u0259t:<\/strong> 99% sRGB, ComfortView Plus, 1500:1 contrast <br data-start=\"302\" data-end=\"305\" \/><strong data-start=\"305\" data-end=\"319\">\u2022 Portlar:<\/strong> HDMI, DisplayPort, VGA, USB hub (USB-C 15W) <br data-start=\"401\" data-end=\"404\" \/><strong data-start=\"404\" data-end=\"421\">\u2022 Ergonomika:<\/strong> H\u00fcnd\u00fcrl\u00fck, tilt, swivel, pivot <br data-start=\"490\" data-end=\"493\" \/><strong data-start=\"493\" data-end=\"508\">\u2022 \u0130stifad\u0259:<\/strong> Ofis v\u0259 g\u00fcnd\u0259lik i\u015fl\u0259r \u00fc\u00e7\u00fcn ideal<\/p>","protected":false},"excerpt":{"rendered":"<p>\u2022 M\u0259hsul: Dell Pro 24 Plus Monitor P2425H\u2022 Kateqoriya: Office  [&#8230;]<\/p>","protected":false},"featured_media":12710,"comment_status":"open","ping_status":"closed","template":"","meta":[],"product_brand":[],"product_cat":[51],"product_tag":[],"class_list":{"0":"post-12708","1":"product","2":"type-product","3":"status-publish","4":"has-post-thumbnail","6":"product_cat-dell","7":"pa_mehsul-tipi-monitors","9":"first","10":"instock","11":"sold-individually","12":"shipping-taxable","13":"purchasable","14":"product-type-simple"},"_links":{"self":[{"href":"https:\/\/engitech.az\/en\/wp-json\/wp\/v2\/product\/12708","targetHints":{"allow":["GET"]}}],"collection":[{"href":"https:\/\/engitech.az\/en\/wp-json\/wp\/v2\/product"}],"about":[{"href":"https:\/\/engitech.az\/en\/wp-json\/wp\/v2\/types\/product"}],"replies":[{"embeddable":true,"href":"https:\/\/engitech.az\/en\/wp-json\/wp\/v2\/comments?post=12708"}],"wp:featuredmedia":[{"embeddable":true,"href":"https:\/\/engitech.az\/en\/wp-json\/wp\/v2\/media\/12710"}],"wp:attachment":[{"href":"https:\/\/engitech.az\/en\/wp-json\/wp\/v2\/media?parent=12708"}],"wp:term":[{"taxonomy":"product_brand","embeddable":true,"href":"https:\/\/engitech.az\/en\/wp-json\/wp\/v2\/product_brand?post=12708"},{"taxonomy":"product_cat","embeddable":true,"href":"https:\/\/engitech.az\/en\/wp-json\/wp\/v2\/product_cat?post=12708"},{"taxonomy":"product_tag","embeddable":true,"href":"https:\/\/engitech.az\/en\/wp-json\/wp\/v2\/product_tag?post=12708"}],"curies":[{"name":"wp","href":"https:\/\/api.w.org\/{rel}","templated":true}]}}