{"id":12712,"date":"2026-04-15T13:13:34","date_gmt":"2026-04-15T13:13:34","guid":{"rendered":"https:\/\/engitech.az\/?post_type=product&#038;p=12712"},"modified":"2026-04-15T13:13:34","modified_gmt":"2026-04-15T13:13:34","slug":"dell-34-plus-usb-c-monitor-s3425dw","status":"publish","type":"product","link":"https:\/\/engitech.az\/en\/product\/dell-34-plus-usb-c-monitor-s3425dw\/","title":{"rendered":"Dell 34 Plus USB-C Monitor &#8211; S3425DW"},"content":{"rendered":"<p><strong data-start=\"0\" data-end=\"13\" data-is-only-node=\"\">\u2022 M\u0259hsul:<\/strong> Dell 34 Plus USB-C Monitor S3425DW<br data-start=\"48\" data-end=\"51\" \/><strong data-start=\"51\" data-end=\"68\">\u2022 Kateqoriya:<\/strong> Ultrawide monitor<br data-start=\"86\" data-end=\"89\" \/><strong data-start=\"89\" data-end=\"99\">\u2022 Tip:<\/strong> Curved monitor<br data-start=\"114\" data-end=\"117\" \/><strong data-start=\"117\" data-end=\"129\">\u2022 Ekran:<\/strong> 34&#8243; WQHD, 120Hz<br data-start=\"145\" data-end=\"148\" \/><strong data-start=\"148\" data-end=\"160\">\u2022 Panel:<\/strong> VA, HDR10<br data-start=\"170\" data-end=\"173\" \/><strong data-start=\"173\" data-end=\"184\">\u2022 R\u0259ng:<\/strong> 99% sRGB<br data-start=\"193\" data-end=\"196\" \/><strong data-start=\"196\" data-end=\"213\">\u2022 X\u00fcsusiyy\u0259t:<\/strong> FreeSync, USB-C, Picture-by-Picture<br data-start=\"249\" data-end=\"252\" \/><strong data-start=\"252\" data-end=\"266\">\u2022 Portlar:<\/strong> USB-C (65W), HDMI, USB hub<br data-start=\"293\" data-end=\"296\" \/><strong data-start=\"296\" data-end=\"311\">\u2022 \u0130stifad\u0259:<\/strong> Ofis v\u0259 multitasking \u00fc\u00e7\u00fcn ideal<\/p>","protected":false},"excerpt":{"rendered":"<p>\u2022 M\u0259hsul: Dell 34 Plus USB-C Monitor S3425DW\u2022 Kateqoriya: Ultrawide  [&#8230;]<\/p>","protected":false},"featured_media":12714,"comment_status":"open","ping_status":"closed","template":"","meta":[],"product_brand":[],"product_cat":[51],"product_tag":[],"class_list":{"0":"post-12712","1":"product","2":"type-product","3":"status-publish","4":"has-post-thumbnail","6":"product_cat-dell","7":"pa_mehsul-tipi-monitors","9":"first","10":"instock","11":"sold-individually","12":"shipping-taxable","13":"purchasable","14":"product-type-simple"},"_links":{"self":[{"href":"https:\/\/engitech.az\/en\/wp-json\/wp\/v2\/product\/12712","targetHints":{"allow":["GET"]}}],"collection":[{"href":"https:\/\/engitech.az\/en\/wp-json\/wp\/v2\/product"}],"about":[{"href":"https:\/\/engitech.az\/en\/wp-json\/wp\/v2\/types\/product"}],"replies":[{"embeddable":true,"href":"https:\/\/engitech.az\/en\/wp-json\/wp\/v2\/comments?post=12712"}],"wp:featuredmedia":[{"embeddable":true,"href":"https:\/\/engitech.az\/en\/wp-json\/wp\/v2\/media\/12714"}],"wp:attachment":[{"href":"https:\/\/engitech.az\/en\/wp-json\/wp\/v2\/media?parent=12712"}],"wp:term":[{"taxonomy":"product_brand","embeddable":true,"href":"https:\/\/engitech.az\/en\/wp-json\/wp\/v2\/product_brand?post=12712"},{"taxonomy":"product_cat","embeddable":true,"href":"https:\/\/engitech.az\/en\/wp-json\/wp\/v2\/product_cat?post=12712"},{"taxonomy":"product_tag","embeddable":true,"href":"https:\/\/engitech.az\/en\/wp-json\/wp\/v2\/product_tag?post=12712"}],"curies":[{"name":"wp","href":"https:\/\/api.w.org\/{rel}","templated":true}]}}