{"id":12715,"date":"2026-04-15T13:16:13","date_gmt":"2026-04-15T13:16:13","guid":{"rendered":"https:\/\/engitech.az\/?post_type=product&#038;p=12715"},"modified":"2026-04-15T13:16:13","modified_gmt":"2026-04-15T13:16:13","slug":"dell-24-plus-monitor-s2425hsm","status":"publish","type":"product","link":"https:\/\/engitech.az\/en\/product\/dell-24-plus-monitor-s2425hsm\/","title":{"rendered":"Dell 24 Plus Monitor &#8211; S2425HSM"},"content":{"rendered":"<p><strong data-start=\"0\" data-end=\"13\">\u2022 M\u0259hsul:<\/strong> Dell 24 Plus Monitor S2425HSM<br data-start=\"43\" data-end=\"46\" data-is-only-node=\"\" \/><strong data-start=\"46\" data-end=\"63\">\u2022 Kateqoriya:<\/strong> Desktop monitor<br data-start=\"79\" data-end=\"82\" \/><strong data-start=\"82\" data-end=\"92\">\u2022 Tip:<\/strong> G\u00fcnd\u0259lik istifad\u0259 \u00fc\u00e7\u00fcn 24&#8243; ekran<br data-start=\"125\" data-end=\"128\" \/><strong data-start=\"128\" data-end=\"140\">\u2022 Ekran:<\/strong> 23.8&#8243; FHD IPS, 144Hz<br data-start=\"161\" data-end=\"164\" \/><strong data-start=\"164\" data-end=\"181\">\u2022 X\u00fcsusiyy\u0259t:<\/strong> AMD FreeSync, 99% sRGB, 300 nits<br data-start=\"214\" data-end=\"217\" \/><strong data-start=\"217\" data-end=\"231\">\u2022 Portlar:<\/strong> 2\u00d7 HDMI<br data-start=\"239\" data-end=\"242\" \/><strong data-start=\"242\" data-end=\"257\">\u2022 \u0130stifad\u0259:<\/strong> Ofis, multimedia v\u0259 y\u00fcng\u00fcl gaming \u00fc\u00e7\u00fcn ideal<\/p>","protected":false},"excerpt":{"rendered":"<p>\u2022 M\u0259hsul: Dell 24 Plus Monitor S2425HSM\u2022 Kateqoriya: Desktop monitor\u2022  [&#8230;]<\/p>","protected":false},"featured_media":12717,"comment_status":"open","ping_status":"closed","template":"","meta":[],"product_brand":[],"product_cat":[51],"product_tag":[],"class_list":{"0":"post-12715","1":"product","2":"type-product","3":"status-publish","4":"has-post-thumbnail","6":"product_cat-dell","7":"pa_mehsul-tipi-monitors","9":"first","10":"instock","11":"sold-individually","12":"shipping-taxable","13":"purchasable","14":"product-type-simple"},"_links":{"self":[{"href":"https:\/\/engitech.az\/en\/wp-json\/wp\/v2\/product\/12715","targetHints":{"allow":["GET"]}}],"collection":[{"href":"https:\/\/engitech.az\/en\/wp-json\/wp\/v2\/product"}],"about":[{"href":"https:\/\/engitech.az\/en\/wp-json\/wp\/v2\/types\/product"}],"replies":[{"embeddable":true,"href":"https:\/\/engitech.az\/en\/wp-json\/wp\/v2\/comments?post=12715"}],"wp:featuredmedia":[{"embeddable":true,"href":"https:\/\/engitech.az\/en\/wp-json\/wp\/v2\/media\/12717"}],"wp:attachment":[{"href":"https:\/\/engitech.az\/en\/wp-json\/wp\/v2\/media?parent=12715"}],"wp:term":[{"taxonomy":"product_brand","embeddable":true,"href":"https:\/\/engitech.az\/en\/wp-json\/wp\/v2\/product_brand?post=12715"},{"taxonomy":"product_cat","embeddable":true,"href":"https:\/\/engitech.az\/en\/wp-json\/wp\/v2\/product_cat?post=12715"},{"taxonomy":"product_tag","embeddable":true,"href":"https:\/\/engitech.az\/en\/wp-json\/wp\/v2\/product_tag?post=12715"}],"curies":[{"name":"wp","href":"https:\/\/api.w.org\/{rel}","templated":true}]}}