{"id":12718,"date":"2026-04-15T13:21:19","date_gmt":"2026-04-15T13:21:19","guid":{"rendered":"https:\/\/engitech.az\/?post_type=product&#038;p=12718"},"modified":"2026-04-15T13:21:20","modified_gmt":"2026-04-15T13:21:20","slug":"alienware-32-4k-qd-oled-gaming-monitor-aw3225qf","status":"publish","type":"product","link":"https:\/\/engitech.az\/en\/product\/alienware-32-4k-qd-oled-gaming-monitor-aw3225qf\/","title":{"rendered":"Alienware 32 4K QD-OLED Gaming Monitor &#8211; AW3225QF"},"content":{"rendered":"<p><strong data-start=\"0\" data-end=\"13\" data-is-only-node=\"\">\u2022 M\u0259hsul:<\/strong> Alienware 32 4K QD-OLED Gaming Monitor AW3225QF<br data-start=\"61\" data-end=\"64\" \/><strong data-start=\"64\" data-end=\"81\">\u2022 Kateqoriya:<\/strong> Premium gaming monitor<br data-start=\"104\" data-end=\"107\" \/><strong data-start=\"107\" data-end=\"117\">\u2022 Tip:<\/strong> Curved QD-OLED monitor<br data-start=\"140\" data-end=\"143\" \/><strong data-start=\"143\" data-end=\"155\">\u2022 Ekran:<\/strong> 31.6&#8243; 4K, 240Hz<br data-start=\"171\" data-end=\"174\" \/><strong data-start=\"174\" data-end=\"186\">\u2022 Panel:<\/strong> QD-OLED, 0.03ms<br data-start=\"202\" data-end=\"205\" \/><strong data-start=\"205\" data-end=\"222\">\u2022 X\u00fcsusiyy\u0259t:<\/strong> HDR, Dolby Vision, G-SYNC<br data-start=\"248\" data-end=\"251\" \/><strong data-start=\"251\" data-end=\"262\">\u2022 R\u0259ng:<\/strong> 99% DCI-P3<br data-start=\"273\" data-end=\"276\" \/><strong data-start=\"276\" data-end=\"290\">\u2022 Portlar:<\/strong> HDMI 2.1, DP 1.4, USB hub<br data-start=\"316\" data-end=\"319\" \/><strong data-start=\"319\" data-end=\"334\">\u2022 \u0130stifad\u0259:<\/strong> Oyun v\u0259 y\u00fcks\u0259k keyfiyy\u0259tli g\u00f6r\u00fcnt\u00fc \u00fc\u00e7\u00fcn ideal<\/p>","protected":false},"excerpt":{"rendered":"<p>\u2022 M\u0259hsul: Alienware 32 4K QD-OLED Gaming Monitor AW3225QF\u2022 Kateqoriya:  [&#8230;]<\/p>","protected":false},"featured_media":12720,"comment_status":"open","ping_status":"closed","template":"","meta":[],"product_brand":[],"product_cat":[51],"product_tag":[],"class_list":{"0":"post-12718","1":"product","2":"type-product","3":"status-publish","4":"has-post-thumbnail","6":"product_cat-dell","7":"pa_mehsul-tipi-monitors","9":"first","10":"instock","11":"sold-individually","12":"shipping-taxable","13":"purchasable","14":"product-type-simple"},"_links":{"self":[{"href":"https:\/\/engitech.az\/en\/wp-json\/wp\/v2\/product\/12718","targetHints":{"allow":["GET"]}}],"collection":[{"href":"https:\/\/engitech.az\/en\/wp-json\/wp\/v2\/product"}],"about":[{"href":"https:\/\/engitech.az\/en\/wp-json\/wp\/v2\/types\/product"}],"replies":[{"embeddable":true,"href":"https:\/\/engitech.az\/en\/wp-json\/wp\/v2\/comments?post=12718"}],"wp:featuredmedia":[{"embeddable":true,"href":"https:\/\/engitech.az\/en\/wp-json\/wp\/v2\/media\/12720"}],"wp:attachment":[{"href":"https:\/\/engitech.az\/en\/wp-json\/wp\/v2\/media?parent=12718"}],"wp:term":[{"taxonomy":"product_brand","embeddable":true,"href":"https:\/\/engitech.az\/en\/wp-json\/wp\/v2\/product_brand?post=12718"},{"taxonomy":"product_cat","embeddable":true,"href":"https:\/\/engitech.az\/en\/wp-json\/wp\/v2\/product_cat?post=12718"},{"taxonomy":"product_tag","embeddable":true,"href":"https:\/\/engitech.az\/en\/wp-json\/wp\/v2\/product_tag?post=12718"}],"curies":[{"name":"wp","href":"https:\/\/api.w.org\/{rel}","templated":true}]}}