{"id":12730,"date":"2026-04-15T13:32:25","date_gmt":"2026-04-15T13:32:25","guid":{"rendered":"https:\/\/engitech.az\/?post_type=product&#038;p=12730"},"modified":"2026-04-15T13:32:25","modified_gmt":"2026-04-15T13:32:25","slug":"dell-ultrasharp-49-curved-usb-c-hub-monitor-u4924dw","status":"publish","type":"product","link":"https:\/\/engitech.az\/en\/product\/dell-ultrasharp-49-curved-usb-c-hub-monitor-u4924dw\/","title":{"rendered":"Dell UltraSharp 49 Curved USB-C Hub Monitor &#8211; U4924DW"},"content":{"rendered":"<section class=\"text-token-text-primary w-full focus:outline-none [--shadow-height:45px] has-data-writing-block:pointer-events-none has-data-writing-block:-mt-(--shadow-height) has-data-writing-block:pt-(--shadow-height) [&amp;:has([data-writing-block])&gt;*]:pointer-events-auto R6Vx5W_threadScrollVars scroll-mb-[calc(var(--scroll-root-safe-area-inset-bottom,0px)+var(--thread-response-height))] scroll-mt-(--header-height)\" dir=\"auto\" data-turn-id=\"38948de8-4670-41b6-a3f3-1e5df024c02d\" data-testid=\"conversation-turn-327\" data-scroll-anchor=\"false\" data-turn=\"user\"><\/section>\n<section class=\"text-token-text-primary w-full focus:outline-none [--shadow-height:45px] has-data-writing-block:pointer-events-none has-data-writing-block:-mt-(--shadow-height) has-data-writing-block:pt-(--shadow-height) [&amp;:has([data-writing-block])&gt;*]:pointer-events-auto [content-visibility:auto] supports-[content-visibility:auto]:[contain-intrinsic-size:auto_100lvh] R6Vx5W_threadScrollVars scroll-mb-[calc(var(--scroll-root-safe-area-inset-bottom,0px)+var(--thread-response-height))] scroll-mt-[calc(var(--header-height)+min(200px,max(70px,20svh)))]\" dir=\"auto\" data-turn-id=\"request-69cf4c45-f204-8328-93e5-14ba9a887d7a-0\" data-testid=\"conversation-turn-328\" data-scroll-anchor=\"false\" data-turn=\"assistant\">\n<div class=\"text-base my-auto mx-auto pb-10 [--thread-content-margin:var(--thread-content-margin-xs,calc(var(--spacing)*4))] @w-sm\/main:[--thread-content-margin:var(--thread-content-margin-sm,calc(var(--spacing)*6))] @w-lg\/main:[--thread-content-margin:var(--thread-content-margin-lg,calc(var(--spacing)*16))] px-(--thread-content-margin)\">\n<div class=\"[--thread-content-max-width:40rem] @w-lg\/main:[--thread-content-max-width:48rem] mx-auto max-w-(--thread-content-max-width) flex-1 group\/turn-messages focus-visible:outline-hidden relative flex w-full min-w-0 flex-col agent-turn\">\n<div class=\"flex max-w-full flex-col gap-4 grow\">\n<div class=\"min-h-8 text-message relative flex w-full flex-col items-end gap-2 text-start break-words whitespace-normal outline-none keyboard-focused:focus-ring [.text-message+&amp;]:mt-1\" dir=\"auto\" tabindex=\"0\" data-message-author-role=\"assistant\" data-message-id=\"5eab68d1-7d74-47a5-a406-2d2abb76bd98\" data-message-model-slug=\"gpt-5-3-mini\" data-turn-start-message=\"true\">\n<div class=\"flex w-full flex-col gap-1 empty:hidden\">\n<div class=\"markdown prose dark:prose-invert w-full wrap-break-word dark markdown-new-styling\">\n<p data-start=\"0\" data-end=\"398\" data-is-last-node=\"\" data-is-only-node=\"\"><strong data-start=\"0\" data-end=\"13\" data-is-only-node=\"\">\u2022 M\u0259hsul:<\/strong> Dell UltraSharp 49 Curved USB-C Hub Monitor U4924DW<br data-start=\"65\" data-end=\"68\" \/><strong data-start=\"68\" data-end=\"85\">\u2022 Kateqoriya:<\/strong> Ultra-wide monitor<br data-start=\"104\" data-end=\"107\" \/><strong data-start=\"107\" data-end=\"117\">\u2022 Tip:<\/strong> Curved business monitor<br data-start=\"141\" data-end=\"144\" \/><strong data-start=\"144\" data-end=\"156\">\u2022 Ekran:<\/strong> 49&#8243; Dual QHD (5120\u00d71440), 60Hz<br data-start=\"187\" data-end=\"190\" \/><strong data-start=\"190\" data-end=\"202\">\u2022 Panel:<\/strong> IPS Black, 2000:1 kontrast<br data-start=\"229\" data-end=\"232\" \/><strong data-start=\"232\" data-end=\"243\">\u2022 R\u0259ng:<\/strong> 98% DCI-P3, 100% sRGB<br data-start=\"265\" data-end=\"268\" \/><strong data-start=\"268\" data-end=\"285\">\u2022 X\u00fcsusiyy\u0259t:<\/strong> USB-C, RJ45, USB hub<br data-start=\"306\" data-end=\"309\" \/><strong data-start=\"309\" data-end=\"323\">\u2022 Portlar:<\/strong> USB-C (90W), HDMI, DP<br data-start=\"345\" data-end=\"348\" \/><strong data-start=\"348\" data-end=\"363\">\u2022 \u0130stifad\u0259:<\/strong> Ofis v\u0259 multitasking \u00fc\u00e7\u00fcn ideal<\/p>\n<\/div>\n<\/div>\n<\/div>\n<\/div>\n<\/div>\n<\/div>\n<\/section>","protected":false},"excerpt":{"rendered":"<p>\u2022 M\u0259hsul: Dell UltraSharp 49 Curved USB-C Hub Monitor U4924DW\u2022  [&#8230;]<\/p>","protected":false},"featured_media":12732,"comment_status":"open","ping_status":"closed","template":"","meta":[],"product_brand":[],"product_cat":[51],"product_tag":[],"class_list":{"0":"post-12730","1":"product","2":"type-product","3":"status-publish","4":"has-post-thumbnail","6":"product_cat-dell","7":"pa_mehsul-tipi-monitors","9":"first","10":"instock","11":"sold-individually","12":"shipping-taxable","13":"purchasable","14":"product-type-simple"},"_links":{"self":[{"href":"https:\/\/engitech.az\/en\/wp-json\/wp\/v2\/product\/12730","targetHints":{"allow":["GET"]}}],"collection":[{"href":"https:\/\/engitech.az\/en\/wp-json\/wp\/v2\/product"}],"about":[{"href":"https:\/\/engitech.az\/en\/wp-json\/wp\/v2\/types\/product"}],"replies":[{"embeddable":true,"href":"https:\/\/engitech.az\/en\/wp-json\/wp\/v2\/comments?post=12730"}],"wp:featuredmedia":[{"embeddable":true,"href":"https:\/\/engitech.az\/en\/wp-json\/wp\/v2\/media\/12732"}],"wp:attachment":[{"href":"https:\/\/engitech.az\/en\/wp-json\/wp\/v2\/media?parent=12730"}],"wp:term":[{"taxonomy":"product_brand","embeddable":true,"href":"https:\/\/engitech.az\/en\/wp-json\/wp\/v2\/product_brand?post=12730"},{"taxonomy":"product_cat","embeddable":true,"href":"https:\/\/engitech.az\/en\/wp-json\/wp\/v2\/product_cat?post=12730"},{"taxonomy":"product_tag","embeddable":true,"href":"https:\/\/engitech.az\/en\/wp-json\/wp\/v2\/product_tag?post=12730"}],"curies":[{"name":"wp","href":"https:\/\/api.w.org\/{rel}","templated":true}]}}