{"id":12738,"date":"2026-04-15T13:38:58","date_gmt":"2026-04-15T13:38:58","guid":{"rendered":"https:\/\/engitech.az\/?post_type=product&#038;p=12738"},"modified":"2026-04-15T13:38:58","modified_gmt":"2026-04-15T13:38:58","slug":"dell-ultrasharp-52-thunderbolt-hub-monitor-u5226kw-without-stand","status":"publish","type":"product","link":"https:\/\/engitech.az\/en\/product\/dell-ultrasharp-52-thunderbolt-hub-monitor-u5226kw-without-stand\/","title":{"rendered":"Dell UltraSharp 52 Thunderbolt Hub Monitor &#8211; U5226KW without stand"},"content":{"rendered":"<p><strong data-start=\"0\" data-end=\"13\" data-is-only-node=\"\">\u2022 M\u0259hsul:<\/strong> Dell UltraSharp 52 Thunderbolt Hub Monitor U5226KW (without stand)<br data-start=\"80\" data-end=\"83\" \/><strong data-start=\"83\" data-end=\"100\">\u2022 Kateqoriya:<\/strong> Ultra-wide monitor<br data-start=\"119\" data-end=\"122\" \/><strong data-start=\"122\" data-end=\"132\">\u2022 Tip:<\/strong> Curved professional monitor<br data-start=\"160\" data-end=\"163\" \/><strong data-start=\"163\" data-end=\"175\">\u2022 Ekran:<\/strong> 51.5&#8243; 6K (6144\u00d72560), 120Hz<br data-start=\"203\" data-end=\"206\" \/><strong data-start=\"206\" data-end=\"218\">\u2022 Panel:<\/strong> IPS Black<br data-start=\"228\" data-end=\"231\" \/><strong data-start=\"231\" data-end=\"242\">\u2022 R\u0259ng:<\/strong> 99% DCI-P3, 100% sRGB<br data-start=\"264\" data-end=\"267\" \/><strong data-start=\"267\" data-end=\"284\">\u2022 X\u00fcsusiyy\u0259t:<\/strong> Thunderbolt 4, USB-C hub, RJ45<br data-start=\"315\" data-end=\"318\" \/><strong data-start=\"318\" data-end=\"332\">\u2022 Portlar:<\/strong> HDMI, DP, USB-C, TB4<br data-start=\"353\" data-end=\"356\" \/><strong data-start=\"356\" data-end=\"371\">\u2022 \u0130stifad\u0259:<\/strong> Professional multitasking \u00fc\u00e7\u00fcn ideal<\/p>","protected":false},"excerpt":{"rendered":"<p>\u2022 M\u0259hsul: Dell UltraSharp 52 Thunderbolt Hub Monitor U5226KW (without  [&#8230;]<\/p>","protected":false},"featured_media":12740,"comment_status":"open","ping_status":"closed","template":"","meta":[],"product_brand":[],"product_cat":[51],"product_tag":[],"class_list":{"0":"post-12738","1":"product","2":"type-product","3":"status-publish","4":"has-post-thumbnail","6":"product_cat-dell","7":"pa_mehsul-tipi-monitors","9":"first","10":"instock","11":"sold-individually","12":"shipping-taxable","13":"purchasable","14":"product-type-simple"},"_links":{"self":[{"href":"https:\/\/engitech.az\/en\/wp-json\/wp\/v2\/product\/12738","targetHints":{"allow":["GET"]}}],"collection":[{"href":"https:\/\/engitech.az\/en\/wp-json\/wp\/v2\/product"}],"about":[{"href":"https:\/\/engitech.az\/en\/wp-json\/wp\/v2\/types\/product"}],"replies":[{"embeddable":true,"href":"https:\/\/engitech.az\/en\/wp-json\/wp\/v2\/comments?post=12738"}],"wp:featuredmedia":[{"embeddable":true,"href":"https:\/\/engitech.az\/en\/wp-json\/wp\/v2\/media\/12740"}],"wp:attachment":[{"href":"https:\/\/engitech.az\/en\/wp-json\/wp\/v2\/media?parent=12738"}],"wp:term":[{"taxonomy":"product_brand","embeddable":true,"href":"https:\/\/engitech.az\/en\/wp-json\/wp\/v2\/product_brand?post=12738"},{"taxonomy":"product_cat","embeddable":true,"href":"https:\/\/engitech.az\/en\/wp-json\/wp\/v2\/product_cat?post=12738"},{"taxonomy":"product_tag","embeddable":true,"href":"https:\/\/engitech.az\/en\/wp-json\/wp\/v2\/product_tag?post=12738"}],"curies":[{"name":"wp","href":"https:\/\/api.w.org\/{rel}","templated":true}]}}