{"id":12741,"date":"2026-04-15T13:42:04","date_gmt":"2026-04-15T13:42:04","guid":{"rendered":"https:\/\/engitech.az\/?post_type=product&#038;p=12741"},"modified":"2026-04-15T13:42:05","modified_gmt":"2026-04-15T13:42:05","slug":"dell-pro-p-24-usb-c-hub-webcam-monitor-p2426hev","status":"publish","type":"product","link":"https:\/\/engitech.az\/en\/product\/dell-pro-p-24-usb-c-hub-webcam-monitor-p2426hev\/","title":{"rendered":"Dell Pro P 24 USB-C Hub Webcam Monitor &#8211; P2426HEV"},"content":{"rendered":"<p><strong data-start=\"0\" data-end=\"13\">\u2022 M\u0259hsul:<\/strong> Dell Pro P 24 USB-C Hub Webcam Monitor P2426HEV<br data-start=\"61\" data-end=\"64\" data-is-only-node=\"\" \/><strong data-start=\"64\" data-end=\"81\">\u2022 Kateqoriya:<\/strong> Video conferencing monitor<br data-start=\"108\" data-end=\"111\" \/><strong data-start=\"111\" data-end=\"121\">\u2022 Tip:<\/strong> Biznes monitor (kamera + USB-C hub)<br data-start=\"157\" data-end=\"160\" \/><strong data-start=\"160\" data-end=\"172\">\u2022 Ekran:<\/strong> 23.8&#8243; FHD IPS, 120Hz<br data-start=\"193\" data-end=\"196\" \/><strong data-start=\"196\" data-end=\"209\">\u2022 Kamera:<\/strong> 4MP inteqrasiya olunmu\u015f webcam<br data-start=\"240\" data-end=\"243\" \/><strong data-start=\"243\" data-end=\"260\">\u2022 X\u00fcsusiyy\u0259t:<\/strong> Mikrofon + speaker + Windows Hello<br data-start=\"295\" data-end=\"298\" \/><strong data-start=\"298\" data-end=\"312\">\u2022 Portlar:<\/strong> USB-C (90W), HDMI, DP, RJ45, USB hub<br data-start=\"349\" data-end=\"352\" \/><strong data-start=\"352\" data-end=\"369\">\u2022 Ergonomika:<\/strong> H\u00fcnd\u00fcrl\u00fck, tilt, swivel, pivot<br data-start=\"400\" data-end=\"403\" \/><strong data-start=\"403\" data-end=\"418\">\u2022 \u0130stifad\u0259:<\/strong> Video z\u0259ngl\u0259r v\u0259 ofis i\u015fl\u0259ri \u00fc\u00e7\u00fcn ideal<\/p>","protected":false},"excerpt":{"rendered":"<p>\u2022 M\u0259hsul: Dell Pro P 24 USB-C Hub Webcam Monitor  [&#8230;]<\/p>","protected":false},"featured_media":12743,"comment_status":"open","ping_status":"closed","template":"","meta":[],"product_brand":[],"product_cat":[51],"product_tag":[],"class_list":{"0":"post-12741","1":"product","2":"type-product","3":"status-publish","4":"has-post-thumbnail","6":"product_cat-dell","7":"pa_mehsul-tipi-monitors","9":"first","10":"instock","11":"sold-individually","12":"shipping-taxable","13":"purchasable","14":"product-type-simple"},"_links":{"self":[{"href":"https:\/\/engitech.az\/en\/wp-json\/wp\/v2\/product\/12741","targetHints":{"allow":["GET"]}}],"collection":[{"href":"https:\/\/engitech.az\/en\/wp-json\/wp\/v2\/product"}],"about":[{"href":"https:\/\/engitech.az\/en\/wp-json\/wp\/v2\/types\/product"}],"replies":[{"embeddable":true,"href":"https:\/\/engitech.az\/en\/wp-json\/wp\/v2\/comments?post=12741"}],"wp:featuredmedia":[{"embeddable":true,"href":"https:\/\/engitech.az\/en\/wp-json\/wp\/v2\/media\/12743"}],"wp:attachment":[{"href":"https:\/\/engitech.az\/en\/wp-json\/wp\/v2\/media?parent=12741"}],"wp:term":[{"taxonomy":"product_brand","embeddable":true,"href":"https:\/\/engitech.az\/en\/wp-json\/wp\/v2\/product_brand?post=12741"},{"taxonomy":"product_cat","embeddable":true,"href":"https:\/\/engitech.az\/en\/wp-json\/wp\/v2\/product_cat?post=12741"},{"taxonomy":"product_tag","embeddable":true,"href":"https:\/\/engitech.az\/en\/wp-json\/wp\/v2\/product_tag?post=12741"}],"curies":[{"name":"wp","href":"https:\/\/api.w.org\/{rel}","templated":true}]}}