{"id":5753,"date":"2025-07-22T11:24:29","date_gmt":"2025-07-22T11:24:29","guid":{"rendered":"https:\/\/engitech.az\/?post_type=product&#038;p=5753"},"modified":"2025-09-25T05:16:03","modified_gmt":"2025-09-25T05:16:03","slug":"enterprise-fortress-gateway","status":"publish","type":"product","link":"https:\/\/engitech.az\/en\/product\/enterprise-fortress-gateway\/","title":{"rendered":"Enterprise Fortress Gateway \u2013 Ubiquiti"},"content":{"rendered":"<div class=\"sc-13lrnwl-15 kgtTah\">\n<div class=\"sc-13lrnwl-2 cCIQSf\">\n<h6 class=\"sc-13lrnwl-5 eYpEVk\">(EFG)<\/h6>\n<\/div>\n<\/div>\n<p data-start=\"124\" data-end=\"547\"><strong data-start=\"124\" data-end=\"149\">Firewall Performance:<\/strong> 10Gbps<br data-start=\"157\" data-end=\"160\" \/><strong data-start=\"160\" data-end=\"172\">Ports:<\/strong> 1\u00d710GbE SFP+, 1\u00d72.5GbE RJ45<br data-start=\"200\" data-end=\"203\" \/><strong data-start=\"203\" data-end=\"221\" data-is-only-node=\"\">Security:<\/strong> DPI, IDS\/IPS, Stateful Firewall, Geo-IP Filter<br data-start=\"268\" data-end=\"271\" \/><strong data-start=\"271\" data-end=\"279\">VPN:<\/strong> Site-to-Site and Remote VPN support<br data-start=\"314\" data-end=\"317\" \/><strong data-start=\"317\" data-end=\"331\">Management:<\/strong> Full integration with UniFi Controller<br data-start=\"368\" data-end=\"371\" \/><strong data-start=\"371\" data-end=\"387\">Protocols:<\/strong> IPv4, IPv6, OSPF, BGP<br data-start=\"409\" data-end=\"412\" \/><strong data-start=\"412\" data-end=\"423\">Energy:<\/strong> Redundant power support<br data-start=\"447\" data-end=\"450\" \/><strong data-start=\"450\" data-end=\"461\">Assembly:<\/strong> Rack-mount, industrial-grade design<br data-start=\"493\" data-end=\"496\" \/><strong data-start=\"496\" data-end=\"506\">Additional:<\/strong> QoS, VLAN, passive cooling, silent operation<\/p>","protected":false},"excerpt":{"rendered":"<p>(EFG) Firewall Performans\u0131: 10 GbpsPortlar: 1\u00d710GbE SFP+, 1\u00d72.5GbE RJ45T\u0259hl\u00fck\u0259sizlik: DPI,  [&#8230;]<\/p>","protected":false},"featured_media":5757,"comment_status":"open","ping_status":"closed","template":"","meta":[],"product_brand":[],"product_cat":[42],"product_tag":[147],"class_list":{"0":"post-5753","1":"product","2":"type-product","3":"status-publish","4":"has-post-thumbnail","6":"product_cat-ubiquiti","7":"product_tag-unifi-cloud-gateways","8":"pa_mehsul-tipi-unifi-cloud-gateways","10":"first","11":"instock","12":"sold-individually","13":"shipping-taxable","14":"purchasable","15":"product-type-simple"},"_links":{"self":[{"href":"https:\/\/engitech.az\/en\/wp-json\/wp\/v2\/product\/5753","targetHints":{"allow":["GET"]}}],"collection":[{"href":"https:\/\/engitech.az\/en\/wp-json\/wp\/v2\/product"}],"about":[{"href":"https:\/\/engitech.az\/en\/wp-json\/wp\/v2\/types\/product"}],"replies":[{"embeddable":true,"href":"https:\/\/engitech.az\/en\/wp-json\/wp\/v2\/comments?post=5753"}],"wp:featuredmedia":[{"embeddable":true,"href":"https:\/\/engitech.az\/en\/wp-json\/wp\/v2\/media\/5757"}],"wp:attachment":[{"href":"https:\/\/engitech.az\/en\/wp-json\/wp\/v2\/media?parent=5753"}],"wp:term":[{"taxonomy":"product_brand","embeddable":true,"href":"https:\/\/engitech.az\/en\/wp-json\/wp\/v2\/product_brand?post=5753"},{"taxonomy":"product_cat","embeddable":true,"href":"https:\/\/engitech.az\/en\/wp-json\/wp\/v2\/product_cat?post=5753"},{"taxonomy":"product_tag","embeddable":true,"href":"https:\/\/engitech.az\/en\/wp-json\/wp\/v2\/product_tag?post=5753"}],"curies":[{"name":"wp","href":"https:\/\/api.w.org\/{rel}","templated":true}]}}