{"id":5763,"date":"2025-07-23T05:52:47","date_gmt":"2025-07-23T05:52:47","guid":{"rendered":"https:\/\/engitech.az\/?post_type=product&#038;p=5763"},"modified":"2025-09-25T05:15:19","modified_gmt":"2025-09-25T05:15:19","slug":"dream-machine-pro-max-ubiquiti","status":"publish","type":"product","link":"https:\/\/engitech.az\/en\/product\/dream-machine-pro-max-ubiquiti\/","title":{"rendered":"Dream Machine Pro Max \u2013 Ubiquiti"},"content":{"rendered":"<div class=\"sc-13lrnwl-15 kgtTah\">\n<div class=\"sc-13lrnwl-2 cCIQSf\">\n<h6 class=\"sc-13lrnwl-5 eYpEVk\">(UDM-Pro-Max)<\/h6>\n<\/div>\n<\/div>\n<p><strong data-start=\"107\" data-end=\"121\">Management:<\/strong> UniFi OS (Network, Protect, etc.)<br data-start=\"155\" data-end=\"158\" \/><strong data-start=\"158\" data-end=\"178\">Firewall Speed:<\/strong> 10Gbps+<br data-start=\"187\" data-end=\"190\" \/><strong data-start=\"190\" data-end=\"202\" data-is-only-node=\"\">Ports:<\/strong> 2\u00d710GbE SFP+, 2\u00d72.5GbE RJ45, 6\u00d71GbE<br data-start=\"238\" data-end=\"241\" \/><strong data-start=\"241\" data-end=\"252\">Memory:<\/strong> 128 GB internal + HDD\/SSD support<br data-start=\"284\" data-end=\"287\" \/><strong data-start=\"287\" data-end=\"295\">VPN:<\/strong> Site-to-Site and Remote Access<br data-start=\"325\" data-end=\"328\" \/><strong data-start=\"328\" data-end=\"346\">Security:<\/strong> IDS\/IPS, DPI, Threat Management<br data-start=\"378\" data-end=\"381\" \/><strong data-start=\"381\" data-end=\"392\">Assembly:<\/strong> 1U rack mount<br data-start=\"406\" data-end=\"409\" \/><strong data-start=\"409\" data-end=\"425\">Protocols:<\/strong> IPv4, IPv6, VLANs<br data-start=\"442\" data-end=\"445\" \/><strong data-start=\"445\" data-end=\"455\">Additional:<\/strong> Active cooling, backup support<\/p>","protected":false},"excerpt":{"rendered":"<p>(UDM-Pro-Max) \u0130dar\u0259etm\u0259: UniFi OS (Network, Protect v\u0259 s.)Firewall S\u00fcr\u0259ti: 10  [&#8230;]<\/p>","protected":false},"featured_media":5766,"comment_status":"open","ping_status":"closed","template":"","meta":[],"product_brand":[],"product_cat":[42],"product_tag":[147],"class_list":{"0":"post-5763","1":"product","2":"type-product","3":"status-publish","4":"has-post-thumbnail","6":"product_cat-ubiquiti","7":"product_tag-unifi-cloud-gateways","8":"pa_mehsul-tipi-unifi-cloud-gateways","10":"first","11":"instock","12":"sold-individually","13":"shipping-taxable","14":"purchasable","15":"product-type-simple"},"_links":{"self":[{"href":"https:\/\/engitech.az\/en\/wp-json\/wp\/v2\/product\/5763","targetHints":{"allow":["GET"]}}],"collection":[{"href":"https:\/\/engitech.az\/en\/wp-json\/wp\/v2\/product"}],"about":[{"href":"https:\/\/engitech.az\/en\/wp-json\/wp\/v2\/types\/product"}],"replies":[{"embeddable":true,"href":"https:\/\/engitech.az\/en\/wp-json\/wp\/v2\/comments?post=5763"}],"wp:featuredmedia":[{"embeddable":true,"href":"https:\/\/engitech.az\/en\/wp-json\/wp\/v2\/media\/5766"}],"wp:attachment":[{"href":"https:\/\/engitech.az\/en\/wp-json\/wp\/v2\/media?parent=5763"}],"wp:term":[{"taxonomy":"product_brand","embeddable":true,"href":"https:\/\/engitech.az\/en\/wp-json\/wp\/v2\/product_brand?post=5763"},{"taxonomy":"product_cat","embeddable":true,"href":"https:\/\/engitech.az\/en\/wp-json\/wp\/v2\/product_cat?post=5763"},{"taxonomy":"product_tag","embeddable":true,"href":"https:\/\/engitech.az\/en\/wp-json\/wp\/v2\/product_tag?post=5763"}],"curies":[{"name":"wp","href":"https:\/\/api.w.org\/{rel}","templated":true}]}}