{"id":5775,"date":"2025-07-23T12:38:16","date_gmt":"2025-07-23T12:38:16","guid":{"rendered":"https:\/\/engitech.az\/?post_type=product&#038;p=5775"},"modified":"2025-09-25T05:13:21","modified_gmt":"2025-09-25T05:13:21","slug":"cloud-gateway-fiber-ubiquiti","status":"publish","type":"product","link":"https:\/\/engitech.az\/en\/product\/cloud-gateway-fiber-ubiquiti\/","title":{"rendered":"Cloud Gateway Fiber \u2013 Ubiquiti"},"content":{"rendered":"<div class=\"sc-13lrnwl-15 kgtTah\">\n<div class=\"sc-13lrnwl-2 cCIQSf\">\n<h6 class=\"sc-13lrnwl-5 eYpEVk\">(UCG-Fiber (30W))<\/h6>\n<\/div>\n<\/div>\n<p data-start=\"96\" data-end=\"456\"><strong data-start=\"117\" data-end=\"142\">Network Technology:<\/strong> UniFi OS (Network, Protect, VPN, etc.)<br data-start=\"181\" data-end=\"184\" \/><strong data-start=\"184\" data-end=\"213\">Maximum Firewall Speed:<\/strong> 3.5+ Gbps<br data-start=\"223\" data-end=\"226\" \/><strong data-start=\"226\" data-end=\"245\" data-is-only-node=\"\">Ethernet Port:<\/strong> 1 \u00d7 10GbE SFP+ WAN, 1 \u00d7 2.5GbE WAN, 2 \u00d7 2.5GbE LAN<br data-start=\"296\" data-end=\"299\" \/><strong data-start=\"299\" data-end=\"307\">Power:<\/strong> PoE or DC adapter<br data-start=\"328\" data-end=\"331\" \/><strong data-start=\"331\" data-end=\"342\">Assembly:<\/strong> Compact, surface and desktop installation<br data-start=\"380\" data-end=\"383\" \/><strong data-start=\"383\" data-end=\"401\">Security:<\/strong> IDS\/IPS, DPI, Threat Management<br data-start=\"433\" data-end=\"436\" \/><strong data-start=\"436\" data-end=\"452\">VPN Support:<\/strong> Site-to-Site and Remote VPN<br data-start=\"479\" data-end=\"482\" \/><strong data-start=\"482\" data-end=\"498\">Protocols:<\/strong> IPv4, IPv6, VLANs<br data-start=\"515\" data-end=\"518\" \/><strong data-start=\"518\" data-end=\"538\">Number of Users:<\/strong> Suitable for small and medium businesses<br data-start=\"578\" data-end=\"581\" \/><strong data-start=\"581\" data-end=\"605\">Additional Features:<\/strong> Teleport VPN, Magic VPN, silent passive cooling, cloud and local management<\/p>","protected":false},"excerpt":{"rendered":"<p>(UCG-Fiber (30W)) \u015e\u0259b\u0259k\u0259 Texnologiyas\u0131: UniFi OS (Network, Protect, VPN v\u0259  [&#8230;]<\/p>","protected":false},"featured_media":5779,"comment_status":"open","ping_status":"closed","template":"","meta":[],"product_brand":[],"product_cat":[42],"product_tag":[147],"class_list":{"0":"post-5775","1":"product","2":"type-product","3":"status-publish","4":"has-post-thumbnail","6":"product_cat-ubiquiti","7":"product_tag-unifi-cloud-gateways","8":"pa_mehsul-tipi-unifi-cloud-gateways","10":"first","11":"instock","12":"sold-individually","13":"shipping-taxable","14":"purchasable","15":"product-type-simple"},"_links":{"self":[{"href":"https:\/\/engitech.az\/en\/wp-json\/wp\/v2\/product\/5775","targetHints":{"allow":["GET"]}}],"collection":[{"href":"https:\/\/engitech.az\/en\/wp-json\/wp\/v2\/product"}],"about":[{"href":"https:\/\/engitech.az\/en\/wp-json\/wp\/v2\/types\/product"}],"replies":[{"embeddable":true,"href":"https:\/\/engitech.az\/en\/wp-json\/wp\/v2\/comments?post=5775"}],"wp:featuredmedia":[{"embeddable":true,"href":"https:\/\/engitech.az\/en\/wp-json\/wp\/v2\/media\/5779"}],"wp:attachment":[{"href":"https:\/\/engitech.az\/en\/wp-json\/wp\/v2\/media?parent=5775"}],"wp:term":[{"taxonomy":"product_brand","embeddable":true,"href":"https:\/\/engitech.az\/en\/wp-json\/wp\/v2\/product_brand?post=5775"},{"taxonomy":"product_cat","embeddable":true,"href":"https:\/\/engitech.az\/en\/wp-json\/wp\/v2\/product_cat?post=5775"},{"taxonomy":"product_tag","embeddable":true,"href":"https:\/\/engitech.az\/en\/wp-json\/wp\/v2\/product_tag?post=5775"}],"curies":[{"name":"wp","href":"https:\/\/api.w.org\/{rel}","templated":true}]}}