{"id":5780,"date":"2025-07-23T12:43:01","date_gmt":"2025-07-23T12:43:01","guid":{"rendered":"https:\/\/engitech.az\/?post_type=product&#038;p=5780"},"modified":"2025-09-25T05:12:55","modified_gmt":"2025-09-25T05:12:55","slug":"cloud-gateway-max-ubiquiti","status":"publish","type":"product","link":"https:\/\/engitech.az\/en\/product\/cloud-gateway-max-ubiquiti\/","title":{"rendered":"Cloud Gateway Max \u2013 Ubiquiti"},"content":{"rendered":"<div class=\"sc-13lrnwl-15 kgtTah\">\n<div class=\"sc-13lrnwl-2 cCIQSf\">\n<h6 class=\"sc-13lrnwl-5 eYpEVk\">(UCG-Max)<\/h6>\n<\/div>\n<\/div>\n<p><strong data-start=\"115\" data-end=\"140\">Network Technology:<\/strong> UniFi OS platform (Network, Protect, etc.)<br data-start=\"186\" data-end=\"189\" \/><strong data-start=\"189\" data-end=\"218\">Maximum Firewall Speed:<\/strong> 10+ Gbps<br data-start=\"227\" data-end=\"230\" \/><strong data-start=\"230\" data-end=\"249\" data-is-only-node=\"\">Ethernet Port:<\/strong> 2 \u00d7 10GbE SFP+, 2 \u00d7 2.5GbE WAN, 4 \u00d7 2.5GbE LAN<br data-start=\"296\" data-end=\"299\" \/><strong data-start=\"299\" data-end=\"307\">Power:<\/strong> AC power supply (redundant power support)<br data-start=\"357\" data-end=\"360\" \/><strong data-start=\"360\" data-end=\"371\">Assembly:<\/strong> Rack mount (1U)<br data-start=\"387\" data-end=\"390\" \/><strong data-start=\"390\" data-end=\"408\">Security:<\/strong> IDS\/IPS, DPI, Threat Management<br data-start=\"440\" data-end=\"443\" \/><strong data-start=\"443\" data-end=\"459\">VPN Support:<\/strong> Teleport, Magic VPN, Site-to-Site<br data-start=\"493\" data-end=\"496\" \/><strong data-start=\"496\" data-end=\"512\">Protocols:<\/strong> IPv4, IPv6, VLANs<br data-start=\"529\" data-end=\"532\" \/><strong data-start=\"532\" data-end=\"552\">Number of Users:<\/strong> 500+ device support<br data-start=\"571\" data-end=\"574\" \/><strong data-start=\"574\" data-end=\"598\">Additional Features:<\/strong> QoS, high-performance processor, active cooling, cloud and local management<\/p>","protected":false},"excerpt":{"rendered":"<p>(UCG-Max) \u015e\u0259b\u0259k\u0259 Texnologiyas\u0131: UniFi OS platformas\u0131 (Network, Protect v\u0259 s.)Maksimum  [&#8230;]<\/p>","protected":false},"featured_media":5784,"comment_status":"open","ping_status":"closed","template":"","meta":[],"product_brand":[],"product_cat":[42],"product_tag":[147],"class_list":{"0":"post-5780","1":"product","2":"type-product","3":"status-publish","4":"has-post-thumbnail","6":"product_cat-ubiquiti","7":"product_tag-unifi-cloud-gateways","8":"pa_mehsul-tipi-unifi-cloud-gateways","10":"first","11":"instock","12":"sold-individually","13":"shipping-taxable","14":"purchasable","15":"product-type-simple"},"_links":{"self":[{"href":"https:\/\/engitech.az\/en\/wp-json\/wp\/v2\/product\/5780","targetHints":{"allow":["GET"]}}],"collection":[{"href":"https:\/\/engitech.az\/en\/wp-json\/wp\/v2\/product"}],"about":[{"href":"https:\/\/engitech.az\/en\/wp-json\/wp\/v2\/types\/product"}],"replies":[{"embeddable":true,"href":"https:\/\/engitech.az\/en\/wp-json\/wp\/v2\/comments?post=5780"}],"wp:featuredmedia":[{"embeddable":true,"href":"https:\/\/engitech.az\/en\/wp-json\/wp\/v2\/media\/5784"}],"wp:attachment":[{"href":"https:\/\/engitech.az\/en\/wp-json\/wp\/v2\/media?parent=5780"}],"wp:term":[{"taxonomy":"product_brand","embeddable":true,"href":"https:\/\/engitech.az\/en\/wp-json\/wp\/v2\/product_brand?post=5780"},{"taxonomy":"product_cat","embeddable":true,"href":"https:\/\/engitech.az\/en\/wp-json\/wp\/v2\/product_cat?post=5780"},{"taxonomy":"product_tag","embeddable":true,"href":"https:\/\/engitech.az\/en\/wp-json\/wp\/v2\/product_tag?post=5780"}],"curies":[{"name":"wp","href":"https:\/\/api.w.org\/{rel}","templated":true}]}}