{"id":5788,"date":"2025-07-24T10:42:51","date_gmt":"2025-07-24T10:42:51","guid":{"rendered":"https:\/\/engitech.az\/?post_type=product&#038;p=5788"},"modified":"2025-09-25T05:12:23","modified_gmt":"2025-09-25T05:12:23","slug":"cloud-gateway-ultra-ubiquiti","status":"publish","type":"product","link":"https:\/\/engitech.az\/en\/product\/cloud-gateway-ultra-ubiquiti\/","title":{"rendered":"Cloud Gateway Ultra \u2013 Ubiquiti"},"content":{"rendered":"<div class=\"sc-13lrnwl-15 kgtTah\">\n<div class=\"sc-13lrnwl-2 cCIQSf\">\n<h6 class=\"sc-13lrnwl-5 eYpEVk\">(UCG-Ultra)<\/h6>\n<\/div>\n<\/div>\n<p data-start=\"117\" data-end=\"696\"><strong data-start=\"117\" data-end=\"142\">Network Technology:<\/strong> UniFi OS (full system integration)<br data-start=\"178\" data-end=\"181\" \/><strong data-start=\"181\" data-end=\"210\">Maximum Firewall Speed:<\/strong> 10+ Gbps<br data-start=\"219\" data-end=\"222\" \/><strong data-start=\"222\" data-end=\"241\" data-is-only-node=\"\">Ethernet Port:<\/strong> 2 \u00d7 10GbE SFP+, 2 \u00d7 2.5GbE WAN, 4 \u00d7 2.5GbE LAN<br data-start=\"288\" data-end=\"291\" \/><strong data-start=\"291\" data-end=\"299\">Power:<\/strong> Redundant AC power input<br data-start=\"326\" data-end=\"329\" \/><strong data-start=\"329\" data-end=\"340\">Assembly:<\/strong> Rack mount (1U)<br data-start=\"356\" data-end=\"359\" \/><strong data-start=\"359\" data-end=\"377\">Security:<\/strong> IDS\/IPS, DPI, Advanced Threat Management<br data-start=\"418\" data-end=\"421\" \/><strong data-start=\"421\" data-end=\"437\">VPN Support:<\/strong> Teleport, Magic VPN, Site-to-Site VPN<br data-start=\"475\" data-end=\"478\" \/><strong data-start=\"478\" data-end=\"494\">Protocols:<\/strong> IPv4, IPv6, VLAN support<br data-start=\"519\" data-end=\"522\" \/><strong data-start=\"522\" data-end=\"542\">Number of Users:<\/strong> 500+ devices<br data-start=\"553\" data-end=\"556\" \/><strong data-start=\"556\" data-end=\"580\">Additional Features:<\/strong> QoS, high-performance CPU, active cooling, cloud and local management, high availability support<\/p>","protected":false},"excerpt":{"rendered":"<p>(UCG-Ultra) \u015e\u0259b\u0259k\u0259 Texnologiyas\u0131: UniFi OS (tam sistem inteqrasiyas\u0131)Maksimum Firewall S\u00fcr\u0259ti:  [&#8230;]<\/p>","protected":false},"featured_media":5790,"comment_status":"open","ping_status":"closed","template":"","meta":[],"product_brand":[],"product_cat":[42],"product_tag":[147],"class_list":{"0":"post-5788","1":"product","2":"type-product","3":"status-publish","4":"has-post-thumbnail","6":"product_cat-ubiquiti","7":"product_tag-unifi-cloud-gateways","8":"pa_mehsul-tipi-unifi-cloud-gateways","10":"first","11":"instock","12":"sold-individually","13":"shipping-taxable","14":"purchasable","15":"product-type-simple"},"_links":{"self":[{"href":"https:\/\/engitech.az\/en\/wp-json\/wp\/v2\/product\/5788","targetHints":{"allow":["GET"]}}],"collection":[{"href":"https:\/\/engitech.az\/en\/wp-json\/wp\/v2\/product"}],"about":[{"href":"https:\/\/engitech.az\/en\/wp-json\/wp\/v2\/types\/product"}],"replies":[{"embeddable":true,"href":"https:\/\/engitech.az\/en\/wp-json\/wp\/v2\/comments?post=5788"}],"wp:featuredmedia":[{"embeddable":true,"href":"https:\/\/engitech.az\/en\/wp-json\/wp\/v2\/media\/5790"}],"wp:attachment":[{"href":"https:\/\/engitech.az\/en\/wp-json\/wp\/v2\/media?parent=5788"}],"wp:term":[{"taxonomy":"product_brand","embeddable":true,"href":"https:\/\/engitech.az\/en\/wp-json\/wp\/v2\/product_brand?post=5788"},{"taxonomy":"product_cat","embeddable":true,"href":"https:\/\/engitech.az\/en\/wp-json\/wp\/v2\/product_cat?post=5788"},{"taxonomy":"product_tag","embeddable":true,"href":"https:\/\/engitech.az\/en\/wp-json\/wp\/v2\/product_tag?post=5788"}],"curies":[{"name":"wp","href":"https:\/\/api.w.org\/{rel}","templated":true}]}}