{"id":5889,"date":"2025-07-25T05:27:07","date_gmt":"2025-07-25T05:27:07","guid":{"rendered":"https:\/\/engitech.az\/?post_type=product&#038;p=5889"},"modified":"2025-07-25T05:27:07","modified_gmt":"2025-07-25T05:27:07","slug":"combiprotect-jeweller-ajax","status":"publish","type":"product","link":"https:\/\/engitech.az\/en\/product\/combiprotect-jeweller-ajax\/","title":{"rendered":"CombiProtect Jeweler \u2013 Ajax"},"content":{"rendered":"<p><strong data-start=\"118\" data-end=\"143\">Sensor Technology:<\/strong> Motion + Glass break detection<br data-start=\"181\" data-end=\"184\" \/><strong data-start=\"184\" data-end=\"207\">Detection Distance:<\/strong> 12 meters (motion), 9 meters (glass breaking)<br data-start=\"251\" data-end=\"254\" \/><strong data-start=\"254\" data-end=\"274\" data-is-only-node=\"\">Communication Protocol:<\/strong> Jeweller (low power consumption, 1200\u20131700 m range)<br data-start=\"329\" data-end=\"332\" \/><strong data-start=\"332\" data-end=\"353\">Power Supply:<\/strong> 1 \u00d7 CR123A battery (approx. 5 years)<br data-start=\"389\" data-end=\"392\" \/><strong data-start=\"392\" data-end=\"403\">Assembly:<\/strong> Internal assembly<br data-start=\"417\" data-end=\"420\" \/><strong data-start=\"420\" data-end=\"438\">Security:<\/strong> Anti-masking and anti-interference protection<br data-start=\"478\" data-end=\"481\" \/><strong data-start=\"481\" data-end=\"500\">Frequency Range:<\/strong> 868.0\u2013868.6 MHz<br data-start=\"516\" data-end=\"519\" \/><strong data-start=\"519\" data-end=\"538\">Working Temperature:<\/strong> From 0\u00b0C to +50\u00b0C<br data-start=\"560\" data-end=\"563\" \/><strong data-start=\"563\" data-end=\"587\">Additional Features:<\/strong> Double protection against movement and glass noise, pet filter function (up to 20 kg), accurate and fast response<\/p>","protected":false},"excerpt":{"rendered":"<p>Sensor Texnologiyas\u0131: H\u0259r\u0259k\u0259t + \u015e\u00fc\u015f\u0259 s\u0131nd\u0131r\u0131lma deteksiyas\u0131A\u015fkarlama M\u0259saf\u0259si: 12 metr  [&#8230;]<\/p>","protected":false},"featured_media":5891,"comment_status":"open","ping_status":"closed","template":"","meta":[],"product_brand":[],"product_cat":[148],"product_tag":[],"class_list":{"0":"post-5889","1":"product","2":"type-product","3":"status-publish","4":"has-post-thumbnail","6":"product_cat-ajax-systems","7":"pa_mehsul-tipi-hereket-detektorlari","9":"first","10":"instock","11":"sold-individually","12":"shipping-taxable","13":"purchasable","14":"product-type-simple"},"_links":{"self":[{"href":"https:\/\/engitech.az\/en\/wp-json\/wp\/v2\/product\/5889","targetHints":{"allow":["GET"]}}],"collection":[{"href":"https:\/\/engitech.az\/en\/wp-json\/wp\/v2\/product"}],"about":[{"href":"https:\/\/engitech.az\/en\/wp-json\/wp\/v2\/types\/product"}],"replies":[{"embeddable":true,"href":"https:\/\/engitech.az\/en\/wp-json\/wp\/v2\/comments?post=5889"}],"wp:featuredmedia":[{"embeddable":true,"href":"https:\/\/engitech.az\/en\/wp-json\/wp\/v2\/media\/5891"}],"wp:attachment":[{"href":"https:\/\/engitech.az\/en\/wp-json\/wp\/v2\/media?parent=5889"}],"wp:term":[{"taxonomy":"product_brand","embeddable":true,"href":"https:\/\/engitech.az\/en\/wp-json\/wp\/v2\/product_brand?post=5889"},{"taxonomy":"product_cat","embeddable":true,"href":"https:\/\/engitech.az\/en\/wp-json\/wp\/v2\/product_cat?post=5889"},{"taxonomy":"product_tag","embeddable":true,"href":"https:\/\/engitech.az\/en\/wp-json\/wp\/v2\/product_tag?post=5889"}],"curies":[{"name":"wp","href":"https:\/\/api.w.org\/{rel}","templated":true}]}}