{"id":5892,"date":"2025-07-25T06:58:57","date_gmt":"2025-07-25T06:58:57","guid":{"rendered":"https:\/\/engitech.az\/?post_type=product&#038;p=5892"},"modified":"2025-07-25T06:58:57","modified_gmt":"2025-07-25T06:58:57","slug":"domecam-mini-ajax","status":"publish","type":"product","link":"https:\/\/engitech.az\/en\/product\/domecam-mini-ajax\/","title":{"rendered":"DomeCam Mini \u2013 Ajax"},"content":{"rendered":"<p><strong data-start=\"102\" data-end=\"126\">Video Technology:<\/strong> Full HD 1080p<br data-start=\"140\" data-end=\"143\" \/><strong data-start=\"143\" data-end=\"165\">Maximum Width:<\/strong> 110\u00b0 angle<br data-start=\"176\" data-end=\"179\" \/><strong data-start=\"179\" data-end=\"198\" data-is-only-node=\"\">Night Vision:<\/strong> Night mode with IR LED<br data-start=\"221\" data-end=\"224\" \/><strong data-start=\"224\" data-end=\"243\">Ethernet Port:<\/strong> 1 x 10\/100Mbps<br data-start=\"258\" data-end=\"261\" \/><strong data-start=\"261\" data-end=\"269\">Power:<\/strong> PoE or 12V DC<br data-start=\"286\" data-end=\"289\" \/><strong data-start=\"289\" data-end=\"300\">Assembly:<\/strong> Internal mounting (ceiling or wall)<br data-start=\"334\" data-end=\"337\" \/><strong data-start=\"337\" data-end=\"355\">Security:<\/strong> AES encryption, user authentication<br data-start=\"393\" data-end=\"396\" \/><strong data-start=\"396\" data-end=\"418\">Display Modes:<\/strong> Real-time monitoring and recording<br data-start=\"447\" data-end=\"450\" \/><strong data-start=\"450\" data-end=\"466\">Protocols:<\/strong> ONVIF, RTSP<br data-start=\"478\" data-end=\"481\" \/><strong data-start=\"481\" data-end=\"501\">Number of Users:<\/strong> Up to 10 simultaneous views<br data-start=\"528\" data-end=\"531\" \/><strong data-start=\"531\" data-end=\"555\">Additional Features:<\/strong> Motion detection, mobile app support, voice tracking with microphone<\/p>","protected":false},"excerpt":{"rendered":"<p>Video Texnologiyas\u0131: Full HD 1080pMaksimum Geni\u015flik: 110\u00b0 bucaqGec\u0259 G\u00f6r\u00fcnt\u00fcs\u00fc: IR  [&#8230;]<\/p>","protected":false},"featured_media":5893,"comment_status":"open","ping_status":"closed","template":"","meta":[],"product_brand":[],"product_cat":[148],"product_tag":[],"class_list":{"0":"post-5892","1":"product","2":"type-product","3":"status-publish","4":"has-post-thumbnail","6":"product_cat-ajax-systems","7":"pa_mehsul-tipi-ipek-kameralar","9":"first","10":"instock","11":"sold-individually","12":"shipping-taxable","13":"purchasable","14":"product-type-simple"},"_links":{"self":[{"href":"https:\/\/engitech.az\/en\/wp-json\/wp\/v2\/product\/5892","targetHints":{"allow":["GET"]}}],"collection":[{"href":"https:\/\/engitech.az\/en\/wp-json\/wp\/v2\/product"}],"about":[{"href":"https:\/\/engitech.az\/en\/wp-json\/wp\/v2\/types\/product"}],"replies":[{"embeddable":true,"href":"https:\/\/engitech.az\/en\/wp-json\/wp\/v2\/comments?post=5892"}],"wp:featuredmedia":[{"embeddable":true,"href":"https:\/\/engitech.az\/en\/wp-json\/wp\/v2\/media\/5893"}],"wp:attachment":[{"href":"https:\/\/engitech.az\/en\/wp-json\/wp\/v2\/media?parent=5892"}],"wp:term":[{"taxonomy":"product_brand","embeddable":true,"href":"https:\/\/engitech.az\/en\/wp-json\/wp\/v2\/product_brand?post=5892"},{"taxonomy":"product_cat","embeddable":true,"href":"https:\/\/engitech.az\/en\/wp-json\/wp\/v2\/product_cat?post=5892"},{"taxonomy":"product_tag","embeddable":true,"href":"https:\/\/engitech.az\/en\/wp-json\/wp\/v2\/product_tag?post=5892"}],"curies":[{"name":"wp","href":"https:\/\/api.w.org\/{rel}","templated":true}]}}